{"id":10226,"date":"2020-01-09T17:18:14","date_gmt":"2020-01-09T17:18:14","guid":{"rendered":"http:\/\/travelstudio.com.br\/your-personal-concierge\/"},"modified":"2024-09-18T12:09:29","modified_gmt":"2024-09-18T12:09:29","slug":"your-personal-concierge","status":"publish","type":"page","link":"https:\/\/travelstudio.com.br\/en\/travel-studio-premium\/your-personal-concierge\/","title":{"rendered":"Your Personal Concierge"},"content":{"rendered":"<section class=\"l-section wpb_row height_medium color_primary with_img\"><div class=\"l-section-img\" role=\"img\" aria-label=\"Image\" data-img-width=\"2000\" data-img-height=\"1333\" style=\"background-image: url(https:\/\/travelstudio.com.br\/wp-content\/uploads\/2020\/01\/concierge-pessoal-bolinha.jpg);\"><\/div><div class=\"l-section-overlay\" style=\"background:rgba(0,0,0,0.50)\"><\/div><div class=\"l-section-h i-cf\"><div class=\"g-cols vc_row via_grid cols_1 laptops-cols_inherit tablets-cols_inherit mobiles-cols_1 valign_top type_default stacking_default\"><div class=\"wpb_column vc_column_container\"><div class=\"vc_column-inner\"><h2 class=\"w-post-elm post_title align_center entry-title color_link_inherit\">Your Personal Concierge<\/h2><div class=\"wpb_text_column\"><div class=\"wpb_wrapper\"><nav class=\"g-breadcrumbs separator_icon align_center\" itemscope itemtype=\"http:\/\/schema.org\/BreadcrumbList\"><div class=\"g-breadcrumbs-item\" itemscope itemprop=\"itemListElement\" itemtype=\"http:\/\/schema.org\/ListItem\"><a itemprop=\"item\" href=\"http:\/\/travelstudio.com.br\/en\/\"><span itemprop=\"name\">Home<\/span><\/a><meta itemprop=\"position\" content=\"1\"\/><\/div><div class=\"g-breadcrumbs-separator\"><i class=\"far fa-angle-right\"><\/i><\/div><div class=\"g-breadcrumbs-item\">Pages<\/div><\/nav>\n<\/div><\/div><\/div><\/div><\/div><\/div><\/section><section class=\"l-section wpb_row height_small\"><div class=\"l-section-h i-cf\"><div class=\"g-cols vc_row via_grid cols_1 laptops-cols_inherit tablets-cols_inherit mobiles-cols_1 valign_top type_default stacking_default\"><div class=\"wpb_column vc_column_container\"><div class=\"vc_column-inner\"><\/div><\/div><\/div><\/div><\/section><section class=\"l-section wpb_row height_small color_primary\"><div class=\"l-section-h i-cf\"><div class=\"g-cols vc_row via_grid cols_1 laptops-cols_inherit tablets-cols_inherit mobiles-cols_1 valign_top type_default stacking_default\"><div class=\"wpb_column vc_column_container\"><div class=\"vc_column-inner\"><div class=\"wpb_text_column\"><div class=\"wpb_wrapper\"><h6 style=\"text-align: center;\">We know there are times when you don&#8217;t want to worry about anything, just enjoy the holidays. Our concierge service works solely to help you with this goal: it&#8217;s like having a personal assistant on call 24 hours a day. From hosting to buying concert tickets, booking so many restaurants or even buying gifts for that special occasion &#8211; we take care of everything for you. Try!<\/h6>\n<\/div><\/div><\/div><\/div><\/div><\/div><\/section><section class=\"l-section wpb_row height_auto\"><div class=\"l-section-h i-cf\"><div class=\"g-cols vc_row via_grid cols_1 laptops-cols_inherit tablets-cols_inherit mobiles-cols_1 valign_top type_default stacking_default\"><div class=\"wpb_column vc_column_container\"><div class=\"vc_column-inner\"><div class=\"w-separator size_medium\"><\/div><div id=\"ult-carousel-37081305226a09cd6eef119\" class=\"ult-carousel-wrapper   ult_horizontal\" data-gutter=\"15\" data-rtl=\"false\" ><div class=\"ult-carousel-5711981806a09cd6eef0f4 \" ><div class=\"ult-item-wrap\" data-animation=\"animated no-animation\"><div tabindex=\"0\" class=\"ult-new-ib ult-ib-effect-style6  ult-ib-resp ult-ib2-min-height \" data-min-width=\"768\" data-max-width=\"900\" style=\" opacity:0; \" data-opacity=\"0.7\" data-hover-opacity=\"0.7\"  data-min-height=\"500\" ><img decoding=\"async\" class=\"ult-new-ib-img\" style=\"opacity:0.7;\" alt=\"null\" src=\"https:\/\/travelstudio.com.br\/wp-content\/uploads\/2020\/03\/Presentes.jpeg\"  data-min-height=\"500\"   \/><div id=\"interactive-banner-wrap-6128\" class=\"ult-new-ib-desc\" style=\"\"><h2 class=\"ult-new-ib-title ult-responsive\"  data-ultimate-target='#interactive-banner-wrap-6128 .ult-new-ib-title'  data-responsive-json-new='{\"font-size\":\"desktop:30px;\",\"line-height\":\"\"}'  style=\"font-weight:bold;\">SPECIAL DATES<\/h2><div class=\"ult-new-ib-content ult-responsive\"  data-ultimate-target='#interactive-banner-wrap-6128 .ult-new-ib-content'  data-responsive-json-new='{\"font-size\":\"\",\"line-height\":\"\"}'  style=\"font-weight:normal;\"><p>There are days that need special attention. Birthday, commemorative dates or just a souvenir of the trip. Don&apos;t worry, we found exclusive gifts, we have the perfect tip to make these days even more special.<\/p><\/div><\/div><\/div><\/div><div class=\"ult-item-wrap\" data-animation=\"animated no-animation\"><div tabindex=\"0\" class=\"ult-new-ib ult-ib-effect-style6  ult-ib-resp ult-ib2-min-height \" data-min-width=\"768\" data-max-width=\"900\" style=\" opacity:0; \" data-opacity=\"0.8\" data-hover-opacity=\"0.8\"  data-min-height=\"500\" ><img decoding=\"async\" class=\"ult-new-ib-img\" style=\"opacity:0.8;\" alt=\"null\" src=\"https:\/\/travelstudio.com.br\/wp-content\/uploads\/2020\/03\/Concierge_ingresso-1.jpg\"  data-min-height=\"500\"   \/><div id=\"interactive-banner-wrap-5935\" class=\"ult-new-ib-desc\" style=\"\"><h2 class=\"ult-new-ib-title ult-responsive\"  data-ultimate-target='#interactive-banner-wrap-5935 .ult-new-ib-title'  data-responsive-json-new='{\"font-size\":\"desktop:30px;\",\"line-height\":\"\"}'  style=\"font-weight:bold;\">FUN<\/h2><div class=\"ult-new-ib-content ult-responsive\"  data-ultimate-target='#interactive-banner-wrap-5935 .ult-new-ib-content'  data-responsive-json-new='{\"font-size\":\"\",\"line-height\":\"\"}'  style=\"font-weight:normal;\"><p>You can have fun in a unique and safe way, know our recommendations and leave the reservation of tickets with us. Come and discover new ways to have fun in Rio de Janeiro<\/p><\/div><\/div><\/div><\/div><div class=\"ult-item-wrap\" data-animation=\"animated no-animation\"><div tabindex=\"0\" class=\"ult-new-ib ult-ib-effect-style6  ult-ib-resp ult-ib2-min-height \" data-min-width=\"768\" data-max-width=\"900\" style=\" opacity:0; \" data-opacity=\"0.8\" data-hover-opacity=\"0.8\"  data-min-height=\"500\" ><img decoding=\"async\" class=\"ult-new-ib-img\" style=\"opacity:0.8;\" alt=\"null\" src=\"https:\/\/travelstudio.com.br\/wp-content\/uploads\/2020\/07\/bem_estar_rio_de_janeiro.jpg\"  data-min-height=\"500\"   \/><div id=\"interactive-banner-wrap-2616\" class=\"ult-new-ib-desc\" style=\"\"><h2 class=\"ult-new-ib-title ult-responsive\"  data-ultimate-target='#interactive-banner-wrap-2616 .ult-new-ib-title'  data-responsive-json-new='{\"font-size\":\"desktop:30px;\",\"line-height\":\"\"}'  style=\"font-weight:bold;\">WELL-BEING<\/h2><div class=\"ult-new-ib-content ult-responsive\"  data-ultimate-target='#interactive-banner-wrap-2616 .ult-new-ib-content'  data-responsive-json-new='{\"font-size\":\"\",\"line-height\":\"\"}'  style=\"font-weight:normal;\"><p>Well-being is fashionable. Allow more time for yourself and improve your routine.<\/p><\/div><\/div><\/div><\/div><div class=\"ult-item-wrap\" data-animation=\"animated no-animation\"><div tabindex=\"0\" class=\"ult-new-ib ult-ib-effect-style6  ult-ib-resp ult-ib2-min-height \" data-min-width=\"768\" data-max-width=\"900\" style=\" opacity:0; \" data-opacity=\"0.8\" data-hover-opacity=\"0.8\"  data-min-height=\"500\" ><img decoding=\"async\" class=\"ult-new-ib-img\" style=\"opacity:0.8;\" alt=\"null\" src=\"https:\/\/travelstudio.com.br\/wp-content\/uploads\/2020\/01\/Experiencias-gastronomicas.jpg\"  data-min-height=\"500\"   \/><div id=\"interactive-banner-wrap-6279\" class=\"ult-new-ib-desc\" style=\"\"><h2 class=\"ult-new-ib-title ult-responsive\"  data-ultimate-target='#interactive-banner-wrap-6279 .ult-new-ib-title'  data-responsive-json-new='{\"font-size\":\"desktop:30px;\",\"line-height\":\"\"}'  style=\"font-weight:bold;\">FLAVORS<\/h2><div class=\"ult-new-ib-content ult-responsive\"  data-ultimate-target='#interactive-banner-wrap-6279 .ult-new-ib-content'  data-responsive-json-new='{\"font-size\":\"\",\"line-height\":\"\"}'  style=\"font-weight:normal;\"><p>Discover dining experiences and exclusive restaurants in Rio de Janeiro.<\/p><\/div><\/div><\/div><\/div><\/div><\/div>\t\t\t<script type=\"text\/javascript\">\n\t\t\t\tjQuery(document).ready(function ($) {\n\t\t\t\t\tif( typeof jQuery('.ult-carousel-5711981806a09cd6eef0f4').slick == \"function\"){\n\t\t\t\t\t\t$('.ult-carousel-5711981806a09cd6eef0f4').slick({dots: false,autoplay: true,autoplaySpeed: \"5000\",speed: \"300\",infinite: true,arrows: true,nextArrow: '<button type=\"button\" role=\"button\" aria-label=\"Next\" style=\"color:#333333; font-size:20px;\" class=\"slick-next default\"><i class=\"ultsl-arrow-right4\"><\/i><\/button>',prevArrow: '<button type=\"button\" role=\"button\" aria-label=\"Previous\" style=\"color:#333333; font-size:20px;\" class=\"slick-prev default\"><i class=\"ultsl-arrow-left4\"><\/i><\/button>',slidesToScroll:4,slidesToShow:4,swipe: true,draggable: true,touchMove: true,pauseOnHover: true,pauseOnFocus: false,responsive: [\n\t\t\t\t\t\t\t{\n\t\t\t\t\t\t\t  breakpoint: 1026,\n\t\t\t\t\t\t\t  settings: {\n\t\t\t\t\t\t\t\tslidesToShow: 4,\n\t\t\t\t\t\t\t\tslidesToScroll: 4,  \n\t\t\t\t\t\t\t  }\n\t\t\t\t\t\t\t},\n\t\t\t\t\t\t\t{\n\t\t\t\t\t\t\t  breakpoint: 1025,\n\t\t\t\t\t\t\t  settings: {\n\t\t\t\t\t\t\t\tslidesToShow: 3,\n\t\t\t\t\t\t\t\tslidesToScroll: 3\n\t\t\t\t\t\t\t  }\n\t\t\t\t\t\t\t},\n\t\t\t\t\t\t\t{\n\t\t\t\t\t\t\t  breakpoint: 760,\n\t\t\t\t\t\t\t  settings: {\n\t\t\t\t\t\t\t\tslidesToShow: 1,\n\t\t\t\t\t\t\t\tslidesToScroll: 1\n\t\t\t\t\t\t\t  }\n\t\t\t\t\t\t\t}\n\t\t\t\t\t\t],pauseOnDotsHover: true,customPaging: function(slider, i) {\n                   return '<i type=\"button\" style= \"color:#333333;\" class=\"ultsl-record\" data-role=\"none\"><\/i>';\n                },});\n\t\t\t\t\t}\n\t\t\t\t});\n\t\t\t<\/script>\n\t\t\t<\/div><\/div><\/div><\/div><\/section><section class=\"l-section wpb_row height_auto width_full\"><div class=\"l-section-h i-cf\"><div class=\"g-cols vc_row via_grid cols_1 laptops-cols_inherit tablets-cols_inherit mobiles-cols_1 valign_top type_default stacking_default\"><div class=\"wpb_column vc_column_container\"><div class=\"vc_column-inner\"><section class=\"l-section wpb_row height_auto color_primary\"><div class=\"l-section-h i-cf\"><div class=\"g-cols vc_row via_grid cols_1 laptops-cols_inherit tablets-cols_inherit mobiles-cols_1 valign_top type_default stacking_default\"><div class=\"wpb_column vc_column_container\"><div class=\"vc_column-inner\"><div class=\"g-cols wpb_row via_grid cols_3 laptops-cols_inherit tablets-cols_inherit mobiles-cols_1 valign_top type_boxes stacking_default\" style=\"--columns-gap:80px;\"><div class=\"wpb_column vc_column_container us_custom_360e30ad has-link\"><div class=\"vc_column-inner\"><div class=\"w-iconbox iconpos_top style_default color_custom align_center\"><div class=\"w-iconbox-icon\" style=\"font-size:40px;--icon-color:#ffffff;\"><i class=\"fab fa-whatsapp\"><\/i><\/div><div class=\"w-iconbox-meta\"><h4 class=\"w-iconbox-title\" style=\"font-size:15px;\"><b>WHATSAPP<\/b><\/h4><div class=\"w-iconbox-text\"><p><a href=\"https:\/\/api.whatsapp.com\/send?phone=5521972543640\" target=\"_blank\" rel=\"noopener noreferrer\">+55 21 97254-3640<\/a><\/p>\n<\/div><\/div><\/div><\/div><a target=\" _blank\" rel=\"nofollow\" href=\"https:\/\/api.whatsapp.com\/send?phone=552197254-3640https:\/\/api.whatsapp.com\/send?phone=552197254-3640\" class=\"vc_column-link smooth-scroll\" aria-label=\"Link\"><\/a><\/div><div class=\"wpb_column vc_column_container has-link\"><div class=\"vc_column-inner\"><div class=\"w-iconbox iconpos_top style_default color_custom align_center\"><div class=\"w-iconbox-icon\" style=\"font-size:40px;--icon-color:#ffffff;\"><i class=\"fas fa-envelope\"><\/i><\/div><div class=\"w-iconbox-meta\"><h4 class=\"w-iconbox-title\" style=\"font-size:15px;\"><b>EMAIL<\/b><\/h4><div class=\"w-iconbox-text\"><p>contact@travelstudio.com.br<\/p>\n<\/div><\/div><\/div><\/div><a title=\"Contato\" href=\"http:\/\/travelstudio.com.br\/contato\/\" class=\"vc_column-link smooth-scroll\"><\/a><\/div><div class=\"wpb_column vc_column_container us_custom_5fcbf90a has-link\"><div class=\"vc_column-inner\"><div class=\"w-iconbox iconpos_top style_default color_custom align_center no_text\"><div class=\"w-iconbox-icon\" style=\"font-size:40px;--icon-color:#ffffff;\"><i class=\"fas fa-laptop-code\"><\/i><\/div><div class=\"w-iconbox-meta\"><h4 class=\"w-iconbox-title\" style=\"font-size:15px;\"><b>LET US MEET YOU A LITTLE MORE<b><\/h4><\/div><\/div><\/div><a href=\"http:\/\/travelstudio.com.br\/entre-em-contato-premium\/\" class=\"vc_column-link smooth-scroll\" aria-label=\"Link\"><\/a><\/div><\/div><\/div><\/div><\/div><\/div><\/section><section class=\"l-section wpb_row height_small\"><div class=\"l-section-h i-cf\"><div class=\"g-cols vc_row via_grid cols_1 laptops-cols_inherit tablets-cols_inherit mobiles-cols_1 valign_top type_default stacking_default\"><div class=\"wpb_column vc_column_container\"><div class=\"vc_column-inner\"><\/div><\/div><\/div><\/div><\/section><\/b><\/b><\/p>\n<\/div><\/div><\/div><\/div><\/section>\n","protected":false},"excerpt":{"rendered":"Your Personal ConciergeHomePages We know there are times when you don&#8217;t want to worry about anything, just enjoy the holidays. Our concierge service works solely to help you with this goal: it&#8217;s like having a personal assistant on call 24 hours a day. From hosting to buying concert tickets, booking so many restaurants or even...","protected":false},"author":5,"featured_media":9607,"parent":10431,"menu_order":0,"comment_status":"closed","ping_status":"closed","template":"","meta":{"_acf_changed":false,"_joinchat":[],"footnotes":""},"class_list":["post-10226","page","type-page","status-publish","has-post-thumbnail","hentry"],"acf":[],"yoast_head":"<!-- This site is optimized with the Yoast SEO plugin v27.6 - https:\/\/yoast.com\/product\/yoast-seo-wordpress\/ -->\n<title>Your Personal Concierge Rio de Janeiro - Travel Studio<\/title>\n<meta name=\"description\" content=\"Our concierge service works solely to help you on your trip to Rio de Janeiro: it&#039;s like having a personal assistant on call 24 hours a day. Try!\" \/>\n<meta name=\"robots\" content=\"index, follow, max-snippet:-1, max-image-preview:large, max-video-preview:-1\" \/>\n<link rel=\"canonical\" href=\"https:\/\/travelstudio.com.br\/en\/travel-studio-premium\/your-personal-concierge\/\" \/>\n<meta property=\"og:locale\" content=\"en_US\" \/>\n<meta property=\"og:type\" content=\"article\" \/>\n<meta property=\"og:title\" content=\"Your Personal Concierge Rio de Janeiro - Travel Studio\" \/>\n<meta property=\"og:description\" content=\"Our concierge service works solely to help you on your trip to Rio de Janeiro: it&#039;s like having a personal assistant on call 24 hours a day. Try!\" \/>\n<meta property=\"og:url\" content=\"https:\/\/travelstudio.com.br\/en\/travel-studio-premium\/your-personal-concierge\/\" \/>\n<meta property=\"og:site_name\" content=\"Travel Studio\" \/>\n<meta property=\"article:publisher\" content=\"https:\/\/www.facebook.com\/travelstudio.br\" \/>\n<meta property=\"article:modified_time\" content=\"2024-09-18T12:09:29+00:00\" \/>\n<meta property=\"og:image\" content=\"https:\/\/travelstudio.com.br\/wp-content\/uploads\/2020\/03\/blogrio.atividades-1.jpg\" \/>\n\t<meta property=\"og:image:width\" content=\"1920\" \/>\n\t<meta property=\"og:image:height\" content=\"845\" \/>\n\t<meta property=\"og:image:type\" content=\"image\/jpeg\" \/>\n<meta name=\"twitter:card\" content=\"summary_large_image\" \/>\n<meta name=\"twitter:label1\" content=\"Est. reading time\" \/>\n\t<meta name=\"twitter:data1\" content=\"3 minutes\" \/>\n<script type=\"application\/ld+json\" class=\"yoast-schema-graph\">{\"@context\":\"https:\\\/\\\/schema.org\",\"@graph\":[{\"@type\":\"WebPage\",\"@id\":\"https:\\\/\\\/travelstudio.com.br\\\/en\\\/travel-studio-premium\\\/your-personal-concierge\\\/\",\"url\":\"https:\\\/\\\/travelstudio.com.br\\\/en\\\/travel-studio-premium\\\/your-personal-concierge\\\/\",\"name\":\"Your Personal Concierge Rio de Janeiro - Travel Studio\",\"isPartOf\":{\"@id\":\"https:\\\/\\\/travelstudio.com.br\\\/en\\\/#website\"},\"primaryImageOfPage\":{\"@id\":\"https:\\\/\\\/travelstudio.com.br\\\/en\\\/travel-studio-premium\\\/your-personal-concierge\\\/#primaryimage\"},\"image\":{\"@id\":\"https:\\\/\\\/travelstudio.com.br\\\/en\\\/travel-studio-premium\\\/your-personal-concierge\\\/#primaryimage\"},\"thumbnailUrl\":\"https:\\\/\\\/travelstudio.com.br\\\/wp-content\\\/uploads\\\/2020\\\/03\\\/blogrio.atividades-1.jpg\",\"datePublished\":\"2020-01-09T17:18:14+00:00\",\"dateModified\":\"2024-09-18T12:09:29+00:00\",\"description\":\"Our concierge service works solely to help you on your trip to Rio de Janeiro: it's like having a personal assistant on call 24 hours a day. Try!\",\"breadcrumb\":{\"@id\":\"https:\\\/\\\/travelstudio.com.br\\\/en\\\/travel-studio-premium\\\/your-personal-concierge\\\/#breadcrumb\"},\"inLanguage\":\"en-US\",\"potentialAction\":[{\"@type\":\"ReadAction\",\"target\":[\"https:\\\/\\\/travelstudio.com.br\\\/en\\\/travel-studio-premium\\\/your-personal-concierge\\\/\"]}]},{\"@type\":\"ImageObject\",\"inLanguage\":\"en-US\",\"@id\":\"https:\\\/\\\/travelstudio.com.br\\\/en\\\/travel-studio-premium\\\/your-personal-concierge\\\/#primaryimage\",\"url\":\"https:\\\/\\\/travelstudio.com.br\\\/wp-content\\\/uploads\\\/2020\\\/03\\\/blogrio.atividades-1.jpg\",\"contentUrl\":\"https:\\\/\\\/travelstudio.com.br\\\/wp-content\\\/uploads\\\/2020\\\/03\\\/blogrio.atividades-1.jpg\",\"width\":1920,\"height\":845},{\"@type\":\"BreadcrumbList\",\"@id\":\"https:\\\/\\\/travelstudio.com.br\\\/en\\\/travel-studio-premium\\\/your-personal-concierge\\\/#breadcrumb\",\"itemListElement\":[{\"@type\":\"ListItem\",\"position\":1,\"name\":\"In\u00edcio\",\"item\":\"https:\\\/\\\/travelstudio.com.br\\\/en\\\/\"},{\"@type\":\"ListItem\",\"position\":2,\"name\":\"Travel Studio Premium\",\"item\":\"https:\\\/\\\/travelstudio.com.br\\\/en\\\/travel-studio-premium\\\/\"},{\"@type\":\"ListItem\",\"position\":3,\"name\":\"Your Personal Concierge\"}]},{\"@type\":\"WebSite\",\"@id\":\"https:\\\/\\\/travelstudio.com.br\\\/en\\\/#website\",\"url\":\"https:\\\/\\\/travelstudio.com.br\\\/en\\\/\",\"name\":\"Travel Studio\",\"description\":\"Ag\u00eancia Turismo Receptivo no Rio de Janeiro, especializada em customiza\u00e7\u00e3o de passeios.\",\"potentialAction\":[{\"@type\":\"SearchAction\",\"target\":{\"@type\":\"EntryPoint\",\"urlTemplate\":\"https:\\\/\\\/travelstudio.com.br\\\/en\\\/?s={search_term_string}\"},\"query-input\":{\"@type\":\"PropertyValueSpecification\",\"valueRequired\":true,\"valueName\":\"search_term_string\"}}],\"inLanguage\":\"en-US\"}]}<\/script>\n<!-- \/ Yoast SEO plugin. -->","yoast_head_json":{"title":"Your Personal Concierge Rio de Janeiro - Travel Studio","description":"Our concierge service works solely to help you on your trip to Rio de Janeiro: it's like having a personal assistant on call 24 hours a day. Try!","robots":{"index":"index","follow":"follow","max-snippet":"max-snippet:-1","max-image-preview":"max-image-preview:large","max-video-preview":"max-video-preview:-1"},"canonical":"https:\/\/travelstudio.com.br\/en\/travel-studio-premium\/your-personal-concierge\/","og_locale":"en_US","og_type":"article","og_title":"Your Personal Concierge Rio de Janeiro - Travel Studio","og_description":"Our concierge service works solely to help you on your trip to Rio de Janeiro: it's like having a personal assistant on call 24 hours a day. Try!","og_url":"https:\/\/travelstudio.com.br\/en\/travel-studio-premium\/your-personal-concierge\/","og_site_name":"Travel Studio","article_publisher":"https:\/\/www.facebook.com\/travelstudio.br","article_modified_time":"2024-09-18T12:09:29+00:00","og_image":[{"width":1920,"height":845,"url":"https:\/\/travelstudio.com.br\/wp-content\/uploads\/2020\/03\/blogrio.atividades-1.jpg","type":"image\/jpeg"}],"twitter_card":"summary_large_image","twitter_misc":{"Est. reading time":"3 minutes"},"schema":{"@context":"https:\/\/schema.org","@graph":[{"@type":"WebPage","@id":"https:\/\/travelstudio.com.br\/en\/travel-studio-premium\/your-personal-concierge\/","url":"https:\/\/travelstudio.com.br\/en\/travel-studio-premium\/your-personal-concierge\/","name":"Your Personal Concierge Rio de Janeiro - Travel Studio","isPartOf":{"@id":"https:\/\/travelstudio.com.br\/en\/#website"},"primaryImageOfPage":{"@id":"https:\/\/travelstudio.com.br\/en\/travel-studio-premium\/your-personal-concierge\/#primaryimage"},"image":{"@id":"https:\/\/travelstudio.com.br\/en\/travel-studio-premium\/your-personal-concierge\/#primaryimage"},"thumbnailUrl":"https:\/\/travelstudio.com.br\/wp-content\/uploads\/2020\/03\/blogrio.atividades-1.jpg","datePublished":"2020-01-09T17:18:14+00:00","dateModified":"2024-09-18T12:09:29+00:00","description":"Our concierge service works solely to help you on your trip to Rio de Janeiro: it's like having a personal assistant on call 24 hours a day. Try!","breadcrumb":{"@id":"https:\/\/travelstudio.com.br\/en\/travel-studio-premium\/your-personal-concierge\/#breadcrumb"},"inLanguage":"en-US","potentialAction":[{"@type":"ReadAction","target":["https:\/\/travelstudio.com.br\/en\/travel-studio-premium\/your-personal-concierge\/"]}]},{"@type":"ImageObject","inLanguage":"en-US","@id":"https:\/\/travelstudio.com.br\/en\/travel-studio-premium\/your-personal-concierge\/#primaryimage","url":"https:\/\/travelstudio.com.br\/wp-content\/uploads\/2020\/03\/blogrio.atividades-1.jpg","contentUrl":"https:\/\/travelstudio.com.br\/wp-content\/uploads\/2020\/03\/blogrio.atividades-1.jpg","width":1920,"height":845},{"@type":"BreadcrumbList","@id":"https:\/\/travelstudio.com.br\/en\/travel-studio-premium\/your-personal-concierge\/#breadcrumb","itemListElement":[{"@type":"ListItem","position":1,"name":"In\u00edcio","item":"https:\/\/travelstudio.com.br\/en\/"},{"@type":"ListItem","position":2,"name":"Travel Studio Premium","item":"https:\/\/travelstudio.com.br\/en\/travel-studio-premium\/"},{"@type":"ListItem","position":3,"name":"Your Personal Concierge"}]},{"@type":"WebSite","@id":"https:\/\/travelstudio.com.br\/en\/#website","url":"https:\/\/travelstudio.com.br\/en\/","name":"Travel Studio","description":"Ag\u00eancia Turismo Receptivo no Rio de Janeiro, especializada em customiza\u00e7\u00e3o de passeios.","potentialAction":[{"@type":"SearchAction","target":{"@type":"EntryPoint","urlTemplate":"https:\/\/travelstudio.com.br\/en\/?s={search_term_string}"},"query-input":{"@type":"PropertyValueSpecification","valueRequired":true,"valueName":"search_term_string"}}],"inLanguage":"en-US"}]}},"_links":{"self":[{"href":"https:\/\/travelstudio.com.br\/en\/wp-json\/wp\/v2\/pages\/10226","targetHints":{"allow":["GET"]}}],"collection":[{"href":"https:\/\/travelstudio.com.br\/en\/wp-json\/wp\/v2\/pages"}],"about":[{"href":"https:\/\/travelstudio.com.br\/en\/wp-json\/wp\/v2\/types\/page"}],"author":[{"embeddable":true,"href":"https:\/\/travelstudio.com.br\/en\/wp-json\/wp\/v2\/users\/5"}],"replies":[{"embeddable":true,"href":"https:\/\/travelstudio.com.br\/en\/wp-json\/wp\/v2\/comments?post=10226"}],"version-history":[{"count":12,"href":"https:\/\/travelstudio.com.br\/en\/wp-json\/wp\/v2\/pages\/10226\/revisions"}],"predecessor-version":[{"id":13012,"href":"https:\/\/travelstudio.com.br\/en\/wp-json\/wp\/v2\/pages\/10226\/revisions\/13012"}],"up":[{"embeddable":true,"href":"https:\/\/travelstudio.com.br\/en\/wp-json\/wp\/v2\/pages\/10431"}],"wp:featuredmedia":[{"embeddable":true,"href":"https:\/\/travelstudio.com.br\/en\/wp-json\/wp\/v2\/media\/9607"}],"wp:attachment":[{"href":"https:\/\/travelstudio.com.br\/en\/wp-json\/wp\/v2\/media?parent=10226"}],"curies":[{"name":"wp","href":"https:\/\/api.w.org\/{rel}","templated":true}]}}