{"id":10219,"date":"2019-10-25T19:41:20","date_gmt":"2019-10-25T19:41:20","guid":{"rendered":"http:\/\/travelstudio.com.br\/wedding-honeymoon\/"},"modified":"2024-09-18T12:09:32","modified_gmt":"2024-09-18T12:09:32","slug":"wedding-honeymoon","status":"publish","type":"page","link":"https:\/\/travelstudio.com.br\/en\/travel-studio-premium\/wedding-honeymoon\/","title":{"rendered":"Wedding &amp; Honeymoon"},"content":{"rendered":"<section class=\"l-section wpb_row height_medium color_primary with_img\"><div class=\"l-section-img\" role=\"img\" aria-label=\"Image\" data-img-width=\"1920\" data-img-height=\"1280\" style=\"background-image: url(https:\/\/travelstudio.com.br\/wp-content\/uploads\/2020\/01\/Casamento-Lua-de-Mel-Bolinha.jpg);\"><\/div><div class=\"l-section-overlay\" style=\"background:rgba(0,0,0,0.50)\"><\/div><div class=\"l-section-h i-cf\"><div class=\"g-cols vc_row via_grid cols_1 laptops-cols_inherit tablets-cols_inherit mobiles-cols_1 valign_top type_default stacking_default\"><div class=\"wpb_column vc_column_container\"><div class=\"vc_column-inner\"><h2 class=\"w-post-elm post_title align_center entry-title color_link_inherit\">Wedding &amp; Honeymoon<\/h2><div class=\"wpb_text_column\"><div class=\"wpb_wrapper\"><nav class=\"g-breadcrumbs separator_icon align_center\" itemscope itemtype=\"http:\/\/schema.org\/BreadcrumbList\"><div class=\"g-breadcrumbs-item\" itemscope itemprop=\"itemListElement\" itemtype=\"http:\/\/schema.org\/ListItem\"><a itemprop=\"item\" href=\"http:\/\/travelstudio.com.br\/en\/\"><span itemprop=\"name\">Home<\/span><\/a><meta itemprop=\"position\" content=\"1\"\/><\/div><div class=\"g-breadcrumbs-separator\"><i class=\"far fa-angle-right\"><\/i><\/div><div class=\"g-breadcrumbs-item\">Pages<\/div><\/nav>\n<\/div><\/div><\/div><\/div><\/div><\/div><\/section><!-- Row Backgrounds --><div class=\"upb_color\" data-bg-override=\"0\" data-bg-color=\"\" data-fadeout=\"\" data-fadeout-percentage=\"30\" data-parallax-content=\"\" data-parallax-content-sense=\"30\" data-row-effect-mobile-disable=\"true\" data-img-parallax-mobile-disable=\"true\" data-rtl=\"false\"  data-custom-vc-row=\"\"  data-vc=\"8.7.2\"  data-is_old_vc=\"\"  data-theme-support=\"\"   data-overlay=\"true\" data-overlay-color=\"rgba(26,26,26,0.5)\" data-overlay-pattern=\"\" data-overlay-pattern-opacity=\"0.8\" data-overlay-pattern-size=\"\" data-overlay-pattern-attachment=\"scroll\"    ><\/div><section class=\"l-section wpb_row height_small\"><div class=\"l-section-h i-cf\"><div class=\"g-cols vc_row via_grid cols_1 laptops-cols_inherit tablets-cols_inherit mobiles-cols_1 valign_top type_default stacking_default\"><div class=\"wpb_column vc_column_container\"><div class=\"vc_column-inner\"><\/div><\/div><\/div><\/div><\/section><section class=\"l-section wpb_row height_small color_primary\"><div class=\"l-section-h i-cf\"><div class=\"g-cols vc_row via_grid cols_1 laptops-cols_inherit tablets-cols_inherit mobiles-cols_1 valign_top type_default stacking_default\"><div class=\"wpb_column vc_column_container\"><div class=\"vc_column-inner\"><div class=\"wpb_text_column\"><div class=\"wpb_wrapper\"><h6 style=\"text-align: center;\">If you&#8217;re looking for a unique destination to celebrate your union, whether for your wedding or honeymoon, Rio de Janeiro could be the right choice for you. Surrounded by breathtaking mountains, bathed by the beautiful Atlantic Ocean and with stunning views, Rio&#8217;s tropical scenery inspires passions and explodes in emotion, making it the perfect picture to eternalize one of the most remarkable moments of your life! Our planning, accommodation consulting and hotel reservation services exceed the highest expectations. Open your heart to us, that we will help you realize your dream!<\/h6>\n<\/div><\/div><\/div><\/div><\/div><\/div><\/section><section class=\"l-section wpb_row height_auto\"><div class=\"l-section-h i-cf\"><div class=\"g-cols vc_row via_grid cols_1 laptops-cols_inherit tablets-cols_inherit mobiles-cols_1 valign_top type_default stacking_default\"><div class=\"wpb_column vc_column_container\"><div class=\"vc_column-inner\"><div class=\"w-separator size_medium\"><\/div><div id=\"ult-carousel-21365168106a09ce20696ea\" class=\"ult-carousel-wrapper   ult_horizontal\" data-gutter=\"15\" data-rtl=\"false\" ><div class=\"ult-carousel-20433133036a09ce20696c2 \" ><div class=\"ult-item-wrap\" data-animation=\"animated no-animation\"><div class=\"w-flipbox animation_cardflip direction_w\"><div class=\"w-flipbox-h easing_ease\" style=\"transition-duration:0.5s;\"><div class=\"w-flipbox-hh\"><div class=\"w-flipbox-front\" style=\"color:#ffffff;background-image:url(https:\/\/travelstudio.com.br\/wp-content\/uploads\/2020\/08\/ilha_grande.jpg);\"><div class=\"w-flipbox-front-h\"><h2 class=\"w-flipbox-front-title\" style=\"font-size:30px;\">BIG ISLAND<\/h2><\/div><\/div><div class=\"w-flipbox-back\" style=\"display:none;background:var(--color-header-top-bg);color:#ffffff;\"><div class=\"w-flipbox-back-h\"><div class=\"w-flipbox-back-desc\"><p>If you are passionate about nature, Ilha Grande is perfect for you. Located in the municipality of Angra dos Reis, the island has more than 100 beautiful beaches and a dense vegetation of the Atlantic Forest. Turquoise waters, paradisiacal beaches, away from the pollution and noise of cars, where you can taste a passion fruit caipirinha while calm waves kiss your feet. Loving in Ilha Grande is easy, enjoy this endless pleasure.<\/p>\n<\/div><\/div><\/div><\/div><\/div><\/div><\/div><div class=\"ult-item-wrap\" data-animation=\"animated no-animation\"><div class=\"w-flipbox animation_cardflip direction_w\"><div class=\"w-flipbox-h easing_ease\" style=\"transition-duration:0.5s;\"><div class=\"w-flipbox-hh\"><div class=\"w-flipbox-front\" style=\"color:#ffffff;background-image:url(https:\/\/travelstudio.com.br\/wp-content\/uploads\/2020\/01\/Praia_do_Pontal_do_Atalaia_2.jpg);\"><div class=\"w-flipbox-front-h\"><h4 class=\"w-flipbox-front-title\" style=\"font-size:30px;\">CAPE CAMP<\/h4><\/div><\/div><div class=\"w-flipbox-back\" style=\"display:none;background:var(--color-header-top-bg);color:#ffffff;\"><div class=\"w-flipbox-back-h\"><div class=\"w-flipbox-back-desc\"><p>Known as the Carioca Caribbean for its white shores, grass-covered dunes and crystal clear waters full of marine life, Arraial do Cabo is the perfect place to love even underwater! This small town in the Lakes Region stands out as a favorite destination for divers, snorkelers and lovers of the sea in general. If you are looking to frame your dream with a possible paradise, this has everything to be your destination!<\/p>\n<\/div><\/div><\/div><\/div><\/div><\/div><\/div><\/div><\/div>\t\t\t<script type=\"text\/javascript\">\n\t\t\t\tjQuery(document).ready(function ($) {\n\t\t\t\t\tif( typeof jQuery('.ult-carousel-20433133036a09ce20696c2').slick == \"function\"){\n\t\t\t\t\t\t$('.ult-carousel-20433133036a09ce20696c2').slick({dots: false,autoplay: true,autoplaySpeed: \"5000\",speed: \"300\",infinite: true,arrows: true,nextArrow: '<button type=\"button\" role=\"button\" aria-label=\"Next\" style=\"color:#333333; font-size:20px;\" class=\"slick-next default\"><i class=\"ultsl-arrow-right4\"><\/i><\/button>',prevArrow: '<button type=\"button\" role=\"button\" aria-label=\"Previous\" style=\"color:#333333; font-size:20px;\" class=\"slick-prev default\"><i class=\"ultsl-arrow-left4\"><\/i><\/button>',slidesToScroll:2,slidesToShow:2,swipe: true,draggable: true,touchMove: true,pauseOnHover: true,pauseOnFocus: false,responsive: [\n\t\t\t\t\t\t\t{\n\t\t\t\t\t\t\t  breakpoint: 1026,\n\t\t\t\t\t\t\t  settings: {\n\t\t\t\t\t\t\t\tslidesToShow: 2,\n\t\t\t\t\t\t\t\tslidesToScroll: 2,  \n\t\t\t\t\t\t\t  }\n\t\t\t\t\t\t\t},\n\t\t\t\t\t\t\t{\n\t\t\t\t\t\t\t  breakpoint: 1025,\n\t\t\t\t\t\t\t  settings: {\n\t\t\t\t\t\t\t\tslidesToShow: 2,\n\t\t\t\t\t\t\t\tslidesToScroll: 2\n\t\t\t\t\t\t\t  }\n\t\t\t\t\t\t\t},\n\t\t\t\t\t\t\t{\n\t\t\t\t\t\t\t  breakpoint: 760,\n\t\t\t\t\t\t\t  settings: {\n\t\t\t\t\t\t\t\tslidesToShow: 1,\n\t\t\t\t\t\t\t\tslidesToScroll: 1\n\t\t\t\t\t\t\t  }\n\t\t\t\t\t\t\t}\n\t\t\t\t\t\t],pauseOnDotsHover: true,customPaging: function(slider, i) {\n                   return '<i type=\"button\" style= \"color:#333333;\" class=\"ultsl-record\" data-role=\"none\"><\/i>';\n                },});\n\t\t\t\t\t}\n\t\t\t\t});\n\t\t\t<\/script>\n\t\t\t<div id=\"ult-carousel-24351155736a09ce2069ea6\" class=\"ult-carousel-wrapper   ult_horizontal\" data-gutter=\"15\" data-rtl=\"false\" ><div class=\"ult-carousel-14470849996a09ce2069e80 \" ><div class=\"ult-item-wrap\" data-animation=\"animated no-animation\"><div class=\"w-flipbox animation_cardflip direction_w\"><div class=\"w-flipbox-h easing_ease\" style=\"transition-duration:0.5s;\"><div class=\"w-flipbox-hh\"><div class=\"w-flipbox-front\" style=\"background:rgba(0,0,0,0.4);color:#ffffff;background-image:url(https:\/\/travelstudio.com.br\/wp-content\/uploads\/2020\/01\/Petropolis2.jpeg);\"><div class=\"w-flipbox-front-h\"><div class=\"w-flipbox-front-icon style_default\" style=\"font-size:2rem;\"><\/div><h4 class=\"w-flipbox-front-title\" style=\"font-size:30px;\">PETR\u00d3POLIS<\/h4><\/div><\/div><div class=\"w-flipbox-back\" style=\"display:none;background:var(--color-header-top-bg);color:#ffffff;\"><div class=\"w-flipbox-back-h\"><div class=\"w-flipbox-back-desc\"><p>The colonial city of Petr\u00f3polis is located in the mountainous region of Rio, and provides an experience that you never imagined you could live here. Its rocky peaks and its trails in the mountains give rise to stunning landscapes, with beautiful vegetation and immense waterfalls, while the city itself exudes charm for being full of history, referring you to imperial times. You can enjoy all this in just an hour trip from Rio de Janeiro and celebrate your union with all the authenticity that this bucolic place offers.<\/p>\n<\/div><\/div><\/div><\/div><\/div><\/div><\/div><div class=\"ult-item-wrap\" data-animation=\"animated no-animation\"><div class=\"w-flipbox animation_cardflip direction_w\"><div class=\"w-flipbox-h easing_ease\" style=\"transition-duration:0.5s;\"><div class=\"w-flipbox-hh\"><div class=\"w-flipbox-front\" style=\"color:#ffffff;background-image:url(https:\/\/travelstudio.com.br\/wp-content\/uploads\/2020\/01\/Santa-Teresa-1024x682.jpg);\"><div class=\"w-flipbox-front-h\"><h4 class=\"w-flipbox-front-title\" style=\"font-size:30px;\">SAINT TERESA<\/h4><\/div><\/div><div class=\"w-flipbox-back\" style=\"display:none;background:var(--color-header-top-bg);color:#ffffff;\"><div class=\"w-flipbox-back-h\"><div class=\"w-flipbox-back-desc\"><p>The most beloved bohemian stronghold among artists and musicians from around the world, located in the hills of downtown Rio, is pure inspiration. Its enchanting vibe makes Santa Teresa a perfect setting for an unforgettable wedding or a relaxed honeymoon. Enjoy a walk through the charming meander streets, full of elegant old mansions that house galleries, hotels, boutiques, bars and restaurants so beautiful and romantic that they will make you feel like a movie!<\/p>\n<\/div><\/div><\/div><\/div><\/div><\/div><\/div><div class=\"ult-item-wrap\" data-animation=\"animated no-animation\"><div class=\"w-flipbox animation_cardflip direction_w\"><div class=\"w-flipbox-h easing_ease\" style=\"transition-duration:0.5s;\"><div class=\"w-flipbox-hh\"><div class=\"w-flipbox-front\" style=\"color:#ffffff;background-image:url(https:\/\/travelstudio.com.br\/wp-content\/uploads\/2020\/01\/Paraty2.jpeg);\"><div class=\"w-flipbox-front-h\"><h4 class=\"w-flipbox-front-title\" style=\"font-size:30px;\">ParaTY<\/h4><\/div><\/div><div class=\"w-flipbox-back\" style=\"display:none;background:var(--color-header-top-bg);color:#ffffff;\"><div class=\"w-flipbox-back-h\"><div class=\"w-flipbox-back-desc\"><p>Surrounded by mountains that plunge into a bay full of islands, Paraty is one of the most spectacular scenery in Brazil, with its colonial center exquisitely preserved and recognized as a National Historical Heritage since 1966, besides being surrounded by a rich ecological reserve almost untouched. Walk through its romantic cobblestone streets, ride a boat through its tranquil waters toward paradise destinations, perfect for snorkeling, for relaxing moments on white sandy beaches, and for endless love. Paraty is pure love!<\/p>\n<\/div><\/div><\/div><\/div><\/div><\/div><\/div><\/div><\/div>\t\t\t<script type=\"text\/javascript\">\n\t\t\t\tjQuery(document).ready(function ($) {\n\t\t\t\t\tif( typeof jQuery('.ult-carousel-14470849996a09ce2069e80').slick == \"function\"){\n\t\t\t\t\t\t$('.ult-carousel-14470849996a09ce2069e80').slick({dots: false,autoplay: true,autoplaySpeed: \"5000\",speed: \"300\",infinite: true,arrows: true,nextArrow: '<button type=\"button\" role=\"button\" aria-label=\"Next\" style=\"color:#333333; font-size:20px;\" class=\"slick-next default\"><i class=\"ultsl-arrow-right4\"><\/i><\/button>',prevArrow: '<button type=\"button\" role=\"button\" aria-label=\"Previous\" style=\"color:#333333; font-size:20px;\" class=\"slick-prev default\"><i class=\"ultsl-arrow-left4\"><\/i><\/button>',slidesToScroll:3,slidesToShow:3,swipe: true,draggable: true,touchMove: true,pauseOnHover: true,pauseOnFocus: false,responsive: [\n\t\t\t\t\t\t\t{\n\t\t\t\t\t\t\t  breakpoint: 1026,\n\t\t\t\t\t\t\t  settings: {\n\t\t\t\t\t\t\t\tslidesToShow: 3,\n\t\t\t\t\t\t\t\tslidesToScroll: 3,  \n\t\t\t\t\t\t\t  }\n\t\t\t\t\t\t\t},\n\t\t\t\t\t\t\t{\n\t\t\t\t\t\t\t  breakpoint: 1025,\n\t\t\t\t\t\t\t  settings: {\n\t\t\t\t\t\t\t\tslidesToShow: 3,\n\t\t\t\t\t\t\t\tslidesToScroll: 3\n\t\t\t\t\t\t\t  }\n\t\t\t\t\t\t\t},\n\t\t\t\t\t\t\t{\n\t\t\t\t\t\t\t  breakpoint: 760,\n\t\t\t\t\t\t\t  settings: {\n\t\t\t\t\t\t\t\tslidesToShow: 1,\n\t\t\t\t\t\t\t\tslidesToScroll: 1\n\t\t\t\t\t\t\t  }\n\t\t\t\t\t\t\t}\n\t\t\t\t\t\t],pauseOnDotsHover: true,customPaging: function(slider, i) {\n                   return '<i type=\"button\" style= \"color:#333333;\" class=\"ultsl-record\" data-role=\"none\"><\/i>';\n                },});\n\t\t\t\t\t}\n\t\t\t\t});\n\t\t\t<\/script>\n\t\t\t<\/div><\/div><\/div><\/div><\/section><section class=\"l-section wpb_row height_auto width_full\"><div class=\"l-section-h i-cf\"><div class=\"g-cols vc_row via_grid cols_1 laptops-cols_inherit tablets-cols_inherit mobiles-cols_1 valign_top type_default stacking_default\"><div class=\"wpb_column vc_column_container\"><div class=\"vc_column-inner\"><section class=\"l-section wpb_row height_auto color_primary\"><div class=\"l-section-h i-cf\"><div class=\"g-cols vc_row via_grid cols_1 laptops-cols_inherit tablets-cols_inherit mobiles-cols_1 valign_top type_default stacking_default\"><div class=\"wpb_column vc_column_container\"><div class=\"vc_column-inner\"><div class=\"g-cols wpb_row via_grid cols_3 laptops-cols_inherit tablets-cols_inherit mobiles-cols_1 valign_top type_boxes stacking_default\" style=\"--columns-gap:80px;\"><div class=\"wpb_column vc_column_container us_custom_360e30ad has-link\"><div class=\"vc_column-inner\"><div class=\"w-iconbox iconpos_top style_default color_custom align_center\"><div class=\"w-iconbox-icon\" style=\"font-size:40px;--icon-color:#ffffff;\"><i class=\"fab fa-whatsapp\"><\/i><\/div><div class=\"w-iconbox-meta\"><h4 class=\"w-iconbox-title\" style=\"font-size:15px;\"><b>WHATSAPP<\/b><\/h4><div class=\"w-iconbox-text\"><p><a href=\"https:\/\/api.whatsapp.com\/send?phone=5521972543640\" target=\"_blank\" rel=\"noopener noreferrer\">+55 21 97254-3640<\/a><\/p>\n<\/div><\/div><\/div><\/div><a target=\" _blank\" rel=\"nofollow\" href=\"https:\/\/api.whatsapp.com\/send?phone=552197254-3640https:\/\/api.whatsapp.com\/send?phone=552197254-3640\" class=\"vc_column-link smooth-scroll\" aria-label=\"Link\"><\/a><\/div><div class=\"wpb_column vc_column_container has-link\"><div class=\"vc_column-inner\"><div class=\"w-iconbox iconpos_top style_default color_custom align_center\"><div class=\"w-iconbox-icon\" style=\"font-size:40px;--icon-color:#ffffff;\"><i class=\"fas fa-envelope\"><\/i><\/div><div class=\"w-iconbox-meta\"><h4 class=\"w-iconbox-title\" style=\"font-size:15px;\"><b>EMAIL<\/b><\/h4><div class=\"w-iconbox-text\"><p>contact@travelstudio.com.br<\/p>\n<\/div><\/div><\/div><\/div><a title=\"Contato\" href=\"http:\/\/travelstudio.com.br\/contato\/\" class=\"vc_column-link smooth-scroll\"><\/a><\/div><div class=\"wpb_column vc_column_container us_custom_5fcbf90a has-link\"><div class=\"vc_column-inner\"><div class=\"w-iconbox iconpos_top style_default color_custom align_center no_text\"><div class=\"w-iconbox-icon\" style=\"font-size:40px;--icon-color:#ffffff;\"><i class=\"fas fa-laptop-code\"><\/i><\/div><div class=\"w-iconbox-meta\"><h4 class=\"w-iconbox-title\" style=\"font-size:15px;\"><b>LET US MEET YOU A LITTLE MORE<b><\/h4><\/div><\/div><\/div><a href=\"http:\/\/travelstudio.com.br\/entre-em-contato-premium\/\" class=\"vc_column-link smooth-scroll\" aria-label=\"Link\"><\/a><\/div><\/div><\/div><\/div><\/div><\/div><\/section><section class=\"l-section wpb_row height_small\"><div class=\"l-section-h i-cf\"><div class=\"g-cols vc_row via_grid cols_1 laptops-cols_inherit tablets-cols_inherit mobiles-cols_1 valign_top type_default stacking_default\"><div class=\"wpb_column vc_column_container\"><div class=\"vc_column-inner\"><\/div><\/div><\/div><\/div><\/section><\/b><\/b><\/p>\n<\/div><\/div><\/div><\/div><\/section>\n","protected":false},"excerpt":{"rendered":"Wedding &amp; HoneymoonHomePages If you&#8217;re looking for a unique destination to celebrate your union, whether for your wedding or honeymoon, Rio de Janeiro could be the right choice for you. Surrounded by breathtaking mountains, bathed by the beautiful Atlantic Ocean and with stunning views, Rio&#8217;s tropical scenery inspires passions and explodes in emotion, making it...","protected":false},"author":7,"featured_media":0,"parent":10431,"menu_order":0,"comment_status":"closed","ping_status":"closed","template":"","meta":{"_acf_changed":false,"_joinchat":[],"footnotes":""},"class_list":["post-10219","page","type-page","status-publish","hentry"],"acf":[],"yoast_head":"<!-- This site is optimized with the Yoast SEO plugin v27.6 - https:\/\/yoast.com\/product\/yoast-seo-wordpress\/ -->\n<title>Wedding &amp; Honeymoon Rio de Janeiro - Travel Studio<\/title>\n<meta name=\"description\" content=\"Our planning, accommodation consulting and hotel reservation services exceed expectations. We will help you make your dream come true!\" \/>\n<meta name=\"robots\" content=\"index, follow, max-snippet:-1, max-image-preview:large, max-video-preview:-1\" \/>\n<link rel=\"canonical\" href=\"https:\/\/travelstudio.com.br\/en\/travel-studio-premium\/wedding-honeymoon\/\" \/>\n<meta property=\"og:locale\" content=\"en_US\" \/>\n<meta property=\"og:type\" content=\"article\" \/>\n<meta property=\"og:title\" content=\"Wedding &amp; Honeymoon Rio de Janeiro - Travel Studio\" \/>\n<meta property=\"og:description\" content=\"Our planning, accommodation consulting and hotel reservation services exceed expectations. We will help you make your dream come true!\" \/>\n<meta property=\"og:url\" content=\"https:\/\/travelstudio.com.br\/en\/travel-studio-premium\/wedding-honeymoon\/\" \/>\n<meta property=\"og:site_name\" content=\"Travel Studio\" \/>\n<meta property=\"article:publisher\" content=\"https:\/\/www.facebook.com\/travelstudio.br\" \/>\n<meta property=\"article:modified_time\" content=\"2024-09-18T12:09:32+00:00\" \/>\n<meta name=\"twitter:card\" content=\"summary_large_image\" \/>\n<meta name=\"twitter:label1\" content=\"Est. reading time\" \/>\n\t<meta name=\"twitter:data1\" content=\"4 minutes\" \/>\n<script type=\"application\/ld+json\" class=\"yoast-schema-graph\">{\"@context\":\"https:\\\/\\\/schema.org\",\"@graph\":[{\"@type\":\"WebPage\",\"@id\":\"https:\\\/\\\/travelstudio.com.br\\\/en\\\/travel-studio-premium\\\/wedding-honeymoon\\\/\",\"url\":\"https:\\\/\\\/travelstudio.com.br\\\/en\\\/travel-studio-premium\\\/wedding-honeymoon\\\/\",\"name\":\"Wedding &amp; Honeymoon Rio de Janeiro - Travel Studio\",\"isPartOf\":{\"@id\":\"https:\\\/\\\/travelstudio.com.br\\\/en\\\/#website\"},\"datePublished\":\"2019-10-25T19:41:20+00:00\",\"dateModified\":\"2024-09-18T12:09:32+00:00\",\"description\":\"Our planning, accommodation consulting and hotel reservation services exceed expectations. We will help you make your dream come true!\",\"breadcrumb\":{\"@id\":\"https:\\\/\\\/travelstudio.com.br\\\/en\\\/travel-studio-premium\\\/wedding-honeymoon\\\/#breadcrumb\"},\"inLanguage\":\"en-US\",\"potentialAction\":[{\"@type\":\"ReadAction\",\"target\":[\"https:\\\/\\\/travelstudio.com.br\\\/en\\\/travel-studio-premium\\\/wedding-honeymoon\\\/\"]}]},{\"@type\":\"BreadcrumbList\",\"@id\":\"https:\\\/\\\/travelstudio.com.br\\\/en\\\/travel-studio-premium\\\/wedding-honeymoon\\\/#breadcrumb\",\"itemListElement\":[{\"@type\":\"ListItem\",\"position\":1,\"name\":\"In\u00edcio\",\"item\":\"https:\\\/\\\/travelstudio.com.br\\\/en\\\/\"},{\"@type\":\"ListItem\",\"position\":2,\"name\":\"Travel Studio Premium\",\"item\":\"https:\\\/\\\/travelstudio.com.br\\\/en\\\/travel-studio-premium\\\/\"},{\"@type\":\"ListItem\",\"position\":3,\"name\":\"Wedding &amp; Honeymoon\"}]},{\"@type\":\"WebSite\",\"@id\":\"https:\\\/\\\/travelstudio.com.br\\\/en\\\/#website\",\"url\":\"https:\\\/\\\/travelstudio.com.br\\\/en\\\/\",\"name\":\"Travel Studio\",\"description\":\"Ag\u00eancia Turismo Receptivo no Rio de Janeiro, especializada em customiza\u00e7\u00e3o de passeios.\",\"potentialAction\":[{\"@type\":\"SearchAction\",\"target\":{\"@type\":\"EntryPoint\",\"urlTemplate\":\"https:\\\/\\\/travelstudio.com.br\\\/en\\\/?s={search_term_string}\"},\"query-input\":{\"@type\":\"PropertyValueSpecification\",\"valueRequired\":true,\"valueName\":\"search_term_string\"}}],\"inLanguage\":\"en-US\"}]}<\/script>\n<!-- \/ Yoast SEO plugin. -->","yoast_head_json":{"title":"Wedding &amp; Honeymoon Rio de Janeiro - Travel Studio","description":"Our planning, accommodation consulting and hotel reservation services exceed expectations. We will help you make your dream come true!","robots":{"index":"index","follow":"follow","max-snippet":"max-snippet:-1","max-image-preview":"max-image-preview:large","max-video-preview":"max-video-preview:-1"},"canonical":"https:\/\/travelstudio.com.br\/en\/travel-studio-premium\/wedding-honeymoon\/","og_locale":"en_US","og_type":"article","og_title":"Wedding &amp; Honeymoon Rio de Janeiro - Travel Studio","og_description":"Our planning, accommodation consulting and hotel reservation services exceed expectations. We will help you make your dream come true!","og_url":"https:\/\/travelstudio.com.br\/en\/travel-studio-premium\/wedding-honeymoon\/","og_site_name":"Travel Studio","article_publisher":"https:\/\/www.facebook.com\/travelstudio.br","article_modified_time":"2024-09-18T12:09:32+00:00","twitter_card":"summary_large_image","twitter_misc":{"Est. reading time":"4 minutes"},"schema":{"@context":"https:\/\/schema.org","@graph":[{"@type":"WebPage","@id":"https:\/\/travelstudio.com.br\/en\/travel-studio-premium\/wedding-honeymoon\/","url":"https:\/\/travelstudio.com.br\/en\/travel-studio-premium\/wedding-honeymoon\/","name":"Wedding &amp; Honeymoon Rio de Janeiro - Travel Studio","isPartOf":{"@id":"https:\/\/travelstudio.com.br\/en\/#website"},"datePublished":"2019-10-25T19:41:20+00:00","dateModified":"2024-09-18T12:09:32+00:00","description":"Our planning, accommodation consulting and hotel reservation services exceed expectations. We will help you make your dream come true!","breadcrumb":{"@id":"https:\/\/travelstudio.com.br\/en\/travel-studio-premium\/wedding-honeymoon\/#breadcrumb"},"inLanguage":"en-US","potentialAction":[{"@type":"ReadAction","target":["https:\/\/travelstudio.com.br\/en\/travel-studio-premium\/wedding-honeymoon\/"]}]},{"@type":"BreadcrumbList","@id":"https:\/\/travelstudio.com.br\/en\/travel-studio-premium\/wedding-honeymoon\/#breadcrumb","itemListElement":[{"@type":"ListItem","position":1,"name":"In\u00edcio","item":"https:\/\/travelstudio.com.br\/en\/"},{"@type":"ListItem","position":2,"name":"Travel Studio Premium","item":"https:\/\/travelstudio.com.br\/en\/travel-studio-premium\/"},{"@type":"ListItem","position":3,"name":"Wedding &amp; Honeymoon"}]},{"@type":"WebSite","@id":"https:\/\/travelstudio.com.br\/en\/#website","url":"https:\/\/travelstudio.com.br\/en\/","name":"Travel Studio","description":"Ag\u00eancia Turismo Receptivo no Rio de Janeiro, especializada em customiza\u00e7\u00e3o de passeios.","potentialAction":[{"@type":"SearchAction","target":{"@type":"EntryPoint","urlTemplate":"https:\/\/travelstudio.com.br\/en\/?s={search_term_string}"},"query-input":{"@type":"PropertyValueSpecification","valueRequired":true,"valueName":"search_term_string"}}],"inLanguage":"en-US"}]}},"_links":{"self":[{"href":"https:\/\/travelstudio.com.br\/en\/wp-json\/wp\/v2\/pages\/10219","targetHints":{"allow":["GET"]}}],"collection":[{"href":"https:\/\/travelstudio.com.br\/en\/wp-json\/wp\/v2\/pages"}],"about":[{"href":"https:\/\/travelstudio.com.br\/en\/wp-json\/wp\/v2\/types\/page"}],"author":[{"embeddable":true,"href":"https:\/\/travelstudio.com.br\/en\/wp-json\/wp\/v2\/users\/7"}],"replies":[{"embeddable":true,"href":"https:\/\/travelstudio.com.br\/en\/wp-json\/wp\/v2\/comments?post=10219"}],"version-history":[{"count":8,"href":"https:\/\/travelstudio.com.br\/en\/wp-json\/wp\/v2\/pages\/10219\/revisions"}],"predecessor-version":[{"id":13014,"href":"https:\/\/travelstudio.com.br\/en\/wp-json\/wp\/v2\/pages\/10219\/revisions\/13014"}],"up":[{"embeddable":true,"href":"https:\/\/travelstudio.com.br\/en\/wp-json\/wp\/v2\/pages\/10431"}],"wp:attachment":[{"href":"https:\/\/travelstudio.com.br\/en\/wp-json\/wp\/v2\/media?parent=10219"}],"curies":[{"name":"wp","href":"https:\/\/api.w.org\/{rel}","templated":true}]}}