{"id":10195,"date":"2019-10-25T20:10:15","date_gmt":"2019-10-25T20:10:15","guid":{"rendered":"http:\/\/travelstudio.com.br\/why-travel-studio\/travel-rio-wellness\/"},"modified":"2024-09-18T12:09:35","modified_gmt":"2024-09-18T12:09:35","slug":"travel-rio-wellness","status":"publish","type":"page","link":"https:\/\/travelstudio.com.br\/en\/why-travel-studio\/travel-rio-wellness\/","title":{"rendered":"Travel Rio Wellness"},"content":{"rendered":"<section class=\"l-section wpb_row height_medium color_primary with_img\"><div class=\"l-section-img\" role=\"img\" aria-label=\"Image\" data-img-width=\"1100\" data-img-height=\"700\" style=\"background-image: url(https:\/\/travelstudio.com.br\/wp-content\/uploads\/2020\/12\/Rio-Travel-Bem-Estar1.jpg);background-repeat: no-repeat;\"><\/div><div class=\"l-section-overlay\" style=\"background:rgba(0,0,0,0.50)\"><\/div><div class=\"l-section-h i-cf\"><div class=\"g-cols vc_row via_grid cols_1 laptops-cols_inherit tablets-cols_inherit mobiles-cols_1 valign_top type_default stacking_default\"><div class=\"wpb_column vc_column_container\"><div class=\"vc_column-inner\"><h2 class=\"w-post-elm post_title align_center entry-title color_link_inherit\">Travel Rio Wellness<\/h2><div class=\"wpb_text_column\"><div class=\"wpb_wrapper\"><nav class=\"g-breadcrumbs separator_icon align_center\" itemscope itemtype=\"http:\/\/schema.org\/BreadcrumbList\"><div class=\"g-breadcrumbs-item\" itemscope itemprop=\"itemListElement\" itemtype=\"http:\/\/schema.org\/ListItem\"><a itemprop=\"item\" href=\"http:\/\/travelstudio.com.br\/en\/\"><span itemprop=\"name\">Home<\/span><\/a><meta itemprop=\"position\" content=\"1\"\/><\/div><div class=\"g-breadcrumbs-separator\"><i class=\"far fa-angle-right\"><\/i><\/div><div class=\"g-breadcrumbs-item\">Pages<\/div><\/nav>\n<\/div><\/div><\/div><\/div><\/div><\/div><\/section><section class=\"l-section wpb_row us_custom_cace7be1 height_medium color_alternate\"><div class=\"l-section-h i-cf\"><div class=\"g-cols vc_row via_grid cols_1 laptops-cols_inherit tablets-cols_inherit mobiles-cols_1 valign_top type_default stacking_default\"><div class=\"wpb_column vc_column_container\"><div class=\"vc_column-inner\"><div id=\"ultimate-heading-23726a04a341a0f5f\" class=\"uvc-heading ult-adjust-bottom-margin ultimate-heading-23726a04a341a0f5f uvc-6680 \" data-hspacer=\"line_only\"  data-halign=\"left\" style=\"text-align:left\"><div class=\"uvc-main-heading ult-responsive\"  data-ultimate-target='.uvc-heading.ultimate-heading-23726a04a341a0f5f p'  data-responsive-json-new='{\"font-size\":\"desktop:20px;\",\"line-height\":\"desktop:40px;\"}' ><p style=\"font-weight:normal;\">THE TRANSFORMATION BEGINS HERE<\/p><\/div><div class=\"uvc-heading-spacer line_only\" style=\"topheight:2px;\"><span class=\"uvc-headings-line\" style=\"border-style:solid;border-bottom-width:2px;border-color:#b2d452;width:100px;\"><\/span><\/div><\/div><div class=\"w-separator size_medium\"><\/div><div class=\"wpb_text_column\"><div class=\"wpb_wrapper\"><p style=\"text-align: left;\">With Travel Studio, you come to Rio not just to see, but to be Rio. Rio de Janeiro is not just a city, it is a lifestyle. It is exuberant nature in the midst of urban chaos. Rio is not just to go out well in the photo, it is to experience, participate, samba on the wheel, climb the hill and go down to the ground! The wonders of this city go far beyond Corcovado and Sugar Loaf, while the region offers countless possibilities to provide moments of well-being and internal reflection. That&#8217;s why we want to bring a new form of travel and self-knowledge closer to you. If you are seeking a destination to connect with nature and yourself, you are in the right place. Choose one of our packages and imagine your day starting with that feeling of freedom and total shutdown of the routine. Shall we get started?<\/p>\n<\/div><\/div><div class=\"w-separator size_medium\"><\/div><\/div><\/div><\/div><\/div><\/section><section class=\"l-section wpb_row height_medium with_img parallax_fixed\"><div class=\"l-section-img\" role=\"img\" aria-label=\"Image\" data-img-width=\"1100\" data-img-height=\"700\" style=\"background-image: url(https:\/\/travelstudio.com.br\/wp-content\/uploads\/2020\/12\/Explore-bem-estar-com-a-Travel-Studio.jpg);background-position: top center;background-repeat: no-repeat;\"><\/div><div class=\"l-section-overlay\" style=\"background:rgba(0,0,0,0.50)\"><\/div><div class=\"l-section-h i-cf\"><div class=\"g-cols vc_row via_grid cols_1 laptops-cols_inherit tablets-cols_inherit mobiles-cols_1 valign_top type_default stacking_default\"><div class=\"wpb_column vc_column_container\"><div class=\"vc_column-inner\"><div class=\"w-separator size_large\"><\/div><div class=\"w-btn-wrapper align_center\"><a class=\"w-btn us-btn-style_6\" title=\"Personalized Experiences\" href=\"https:\/\/travelstudio.com.br\/en\/travel-studio-premium\/personalized-experiences\/\"><span class=\"w-btn-label\">EXPLORE TRANSFORMATIVE EXPERIENCES<\/span><\/a><\/div><div class=\"w-separator size_large\"><\/div><\/div><\/div><\/div><\/div><\/section><section class=\"l-section wpb_row height_medium\"><div class=\"l-section-h i-cf\"><div class=\"g-cols vc_row via_grid cols_1 laptops-cols_inherit tablets-cols_inherit mobiles-cols_1 valign_top type_default stacking_default\"><div class=\"wpb_column vc_column_container\"><div class=\"vc_column-inner\"><\/div><\/div><\/div><\/div><\/section>\n","protected":false},"excerpt":{"rendered":"Travel Rio WellnessHomePages THE TRANSFORMATION BEGINS HEREWith Travel Studio, you come to Rio not just to see, but to be Rio. Rio de Janeiro is not just a city, it is a lifestyle. It is exuberant nature in the midst of urban chaos. Rio is not just to go out well in the photo, it...","protected":false},"author":7,"featured_media":0,"parent":10185,"menu_order":0,"comment_status":"closed","ping_status":"closed","template":"","meta":{"_acf_changed":false,"_joinchat":[],"footnotes":""},"class_list":["post-10195","page","type-page","status-publish","hentry"],"acf":[],"yoast_head":"<!-- This site is optimized with the Yoast SEO plugin v27.6 - https:\/\/yoast.com\/product\/yoast-seo-wordpress\/ -->\n<title>Rio Style - Energy and style of Rio de - Travel Studio<\/title>\n<meta name=\"description\" content=\"Try out new angles and views. The wonders of this city go far beyond Corcovado and P\u00e3odeA\u00e7\u00facar.Meet our vision of tourism in Rio!\" \/>\n<meta name=\"robots\" content=\"index, follow, max-snippet:-1, max-image-preview:large, max-video-preview:-1\" \/>\n<link rel=\"canonical\" href=\"https:\/\/travelstudio.com.br\/en\/why-travel-studio\/travel-rio-wellness\/\" \/>\n<meta property=\"og:locale\" content=\"en_US\" \/>\n<meta property=\"og:type\" content=\"article\" \/>\n<meta property=\"og:title\" content=\"Rio Style - Energy and style of Rio de - Travel Studio\" \/>\n<meta property=\"og:description\" content=\"Try out new angles and views. The wonders of this city go far beyond Corcovado and P\u00e3odeA\u00e7\u00facar.Meet our vision of tourism in Rio!\" \/>\n<meta property=\"og:url\" content=\"https:\/\/travelstudio.com.br\/en\/why-travel-studio\/travel-rio-wellness\/\" \/>\n<meta property=\"og:site_name\" content=\"Travel Studio\" \/>\n<meta property=\"article:publisher\" content=\"https:\/\/www.facebook.com\/travelstudio.br\" \/>\n<meta property=\"article:modified_time\" content=\"2024-09-18T12:09:35+00:00\" \/>\n<meta name=\"twitter:card\" content=\"summary_large_image\" \/>\n<meta name=\"twitter:label1\" content=\"Est. reading time\" \/>\n\t<meta name=\"twitter:data1\" content=\"2 minutes\" \/>\n<script type=\"application\/ld+json\" class=\"yoast-schema-graph\">{\"@context\":\"https:\\\/\\\/schema.org\",\"@graph\":[{\"@type\":\"WebPage\",\"@id\":\"https:\\\/\\\/travelstudio.com.br\\\/en\\\/why-travel-studio\\\/travel-rio-wellness\\\/\",\"url\":\"https:\\\/\\\/travelstudio.com.br\\\/en\\\/why-travel-studio\\\/travel-rio-wellness\\\/\",\"name\":\"Rio Style - Energy and style of Rio de - Travel Studio\",\"isPartOf\":{\"@id\":\"https:\\\/\\\/travelstudio.com.br\\\/en\\\/#website\"},\"datePublished\":\"2019-10-25T20:10:15+00:00\",\"dateModified\":\"2024-09-18T12:09:35+00:00\",\"description\":\"Try out new angles and views. The wonders of this city go far beyond Corcovado and P\u00e3odeA\u00e7\u00facar.Meet our vision of tourism in Rio!\",\"breadcrumb\":{\"@id\":\"https:\\\/\\\/travelstudio.com.br\\\/en\\\/why-travel-studio\\\/travel-rio-wellness\\\/#breadcrumb\"},\"inLanguage\":\"en-US\",\"potentialAction\":[{\"@type\":\"ReadAction\",\"target\":[\"https:\\\/\\\/travelstudio.com.br\\\/en\\\/why-travel-studio\\\/travel-rio-wellness\\\/\"]}]},{\"@type\":\"BreadcrumbList\",\"@id\":\"https:\\\/\\\/travelstudio.com.br\\\/en\\\/why-travel-studio\\\/travel-rio-wellness\\\/#breadcrumb\",\"itemListElement\":[{\"@type\":\"ListItem\",\"position\":1,\"name\":\"In\u00edcio\",\"item\":\"https:\\\/\\\/travelstudio.com.br\\\/en\\\/\"},{\"@type\":\"ListItem\",\"position\":2,\"name\":\"Why Travel Studio?\",\"item\":\"https:\\\/\\\/travelstudio.com.br\\\/en\\\/why-travel-studio\\\/\"},{\"@type\":\"ListItem\",\"position\":3,\"name\":\"Travel Rio Wellness\"}]},{\"@type\":\"WebSite\",\"@id\":\"https:\\\/\\\/travelstudio.com.br\\\/en\\\/#website\",\"url\":\"https:\\\/\\\/travelstudio.com.br\\\/en\\\/\",\"name\":\"Travel Studio\",\"description\":\"Ag\u00eancia Turismo Receptivo no Rio de Janeiro, especializada em customiza\u00e7\u00e3o de passeios.\",\"potentialAction\":[{\"@type\":\"SearchAction\",\"target\":{\"@type\":\"EntryPoint\",\"urlTemplate\":\"https:\\\/\\\/travelstudio.com.br\\\/en\\\/?s={search_term_string}\"},\"query-input\":{\"@type\":\"PropertyValueSpecification\",\"valueRequired\":true,\"valueName\":\"search_term_string\"}}],\"inLanguage\":\"en-US\"}]}<\/script>\n<!-- \/ Yoast SEO plugin. -->","yoast_head_json":{"title":"Rio Style - Energy and style of Rio de - Travel Studio","description":"Try out new angles and views. The wonders of this city go far beyond Corcovado and P\u00e3odeA\u00e7\u00facar.Meet our vision of tourism in Rio!","robots":{"index":"index","follow":"follow","max-snippet":"max-snippet:-1","max-image-preview":"max-image-preview:large","max-video-preview":"max-video-preview:-1"},"canonical":"https:\/\/travelstudio.com.br\/en\/why-travel-studio\/travel-rio-wellness\/","og_locale":"en_US","og_type":"article","og_title":"Rio Style - Energy and style of Rio de - Travel Studio","og_description":"Try out new angles and views. The wonders of this city go far beyond Corcovado and P\u00e3odeA\u00e7\u00facar.Meet our vision of tourism in Rio!","og_url":"https:\/\/travelstudio.com.br\/en\/why-travel-studio\/travel-rio-wellness\/","og_site_name":"Travel Studio","article_publisher":"https:\/\/www.facebook.com\/travelstudio.br","article_modified_time":"2024-09-18T12:09:35+00:00","twitter_card":"summary_large_image","twitter_misc":{"Est. reading time":"2 minutes"},"schema":{"@context":"https:\/\/schema.org","@graph":[{"@type":"WebPage","@id":"https:\/\/travelstudio.com.br\/en\/why-travel-studio\/travel-rio-wellness\/","url":"https:\/\/travelstudio.com.br\/en\/why-travel-studio\/travel-rio-wellness\/","name":"Rio Style - Energy and style of Rio de - Travel Studio","isPartOf":{"@id":"https:\/\/travelstudio.com.br\/en\/#website"},"datePublished":"2019-10-25T20:10:15+00:00","dateModified":"2024-09-18T12:09:35+00:00","description":"Try out new angles and views. The wonders of this city go far beyond Corcovado and P\u00e3odeA\u00e7\u00facar.Meet our vision of tourism in Rio!","breadcrumb":{"@id":"https:\/\/travelstudio.com.br\/en\/why-travel-studio\/travel-rio-wellness\/#breadcrumb"},"inLanguage":"en-US","potentialAction":[{"@type":"ReadAction","target":["https:\/\/travelstudio.com.br\/en\/why-travel-studio\/travel-rio-wellness\/"]}]},{"@type":"BreadcrumbList","@id":"https:\/\/travelstudio.com.br\/en\/why-travel-studio\/travel-rio-wellness\/#breadcrumb","itemListElement":[{"@type":"ListItem","position":1,"name":"In\u00edcio","item":"https:\/\/travelstudio.com.br\/en\/"},{"@type":"ListItem","position":2,"name":"Why Travel Studio?","item":"https:\/\/travelstudio.com.br\/en\/why-travel-studio\/"},{"@type":"ListItem","position":3,"name":"Travel Rio Wellness"}]},{"@type":"WebSite","@id":"https:\/\/travelstudio.com.br\/en\/#website","url":"https:\/\/travelstudio.com.br\/en\/","name":"Travel Studio","description":"Ag\u00eancia Turismo Receptivo no Rio de Janeiro, especializada em customiza\u00e7\u00e3o de passeios.","potentialAction":[{"@type":"SearchAction","target":{"@type":"EntryPoint","urlTemplate":"https:\/\/travelstudio.com.br\/en\/?s={search_term_string}"},"query-input":{"@type":"PropertyValueSpecification","valueRequired":true,"valueName":"search_term_string"}}],"inLanguage":"en-US"}]}},"_links":{"self":[{"href":"https:\/\/travelstudio.com.br\/en\/wp-json\/wp\/v2\/pages\/10195","targetHints":{"allow":["GET"]}}],"collection":[{"href":"https:\/\/travelstudio.com.br\/en\/wp-json\/wp\/v2\/pages"}],"about":[{"href":"https:\/\/travelstudio.com.br\/en\/wp-json\/wp\/v2\/types\/page"}],"author":[{"embeddable":true,"href":"https:\/\/travelstudio.com.br\/en\/wp-json\/wp\/v2\/users\/7"}],"replies":[{"embeddable":true,"href":"https:\/\/travelstudio.com.br\/en\/wp-json\/wp\/v2\/comments?post=10195"}],"version-history":[{"count":3,"href":"https:\/\/travelstudio.com.br\/en\/wp-json\/wp\/v2\/pages\/10195\/revisions"}],"predecessor-version":[{"id":13018,"href":"https:\/\/travelstudio.com.br\/en\/wp-json\/wp\/v2\/pages\/10195\/revisions\/13018"}],"up":[{"embeddable":true,"href":"https:\/\/travelstudio.com.br\/en\/wp-json\/wp\/v2\/pages\/10185"}],"wp:attachment":[{"href":"https:\/\/travelstudio.com.br\/en\/wp-json\/wp\/v2\/media?parent=10195"}],"curies":[{"name":"wp","href":"https:\/\/api.w.org\/{rel}","templated":true}]}}