{"id":10192,"date":"2019-10-25T20:03:28","date_gmt":"2019-10-25T20:03:28","guid":{"rendered":"http:\/\/travelstudio.com.br\/why-travel-studio\/solo-in-rio\/"},"modified":"2024-09-18T12:09:37","modified_gmt":"2024-09-18T12:09:37","slug":"solo-in-rio","status":"publish","type":"page","link":"https:\/\/travelstudio.com.br\/en\/why-travel-studio\/solo-in-rio\/","title":{"rendered":"Solo in Rio"},"content":{"rendered":"<section class=\"l-section wpb_row height_medium color_primary with_img\"><div class=\"l-section-img\" role=\"img\" aria-label=\"Image\" data-img-width=\"1400\" data-img-height=\"425\" style=\"background-image: url(https:\/\/travelstudio.com.br\/wp-content\/uploads\/2020\/06\/Design-sem-nome-13.png);background-position: bottom center;background-repeat: no-repeat;\"><\/div><div class=\"l-section-overlay\" style=\"background:rgba(0,0,0,0.50)\"><\/div><div class=\"l-section-h i-cf\"><div class=\"g-cols vc_row via_grid cols_1 laptops-cols_inherit tablets-cols_inherit mobiles-cols_1 valign_top type_default stacking_default\"><div class=\"wpb_column vc_column_container\"><div class=\"vc_column-inner\"><h2 class=\"w-post-elm post_title align_center entry-title color_link_inherit\">Solo in Rio<\/h2><div class=\"wpb_text_column\"><div class=\"wpb_wrapper\"><nav class=\"g-breadcrumbs separator_icon align_center\" itemscope itemtype=\"http:\/\/schema.org\/BreadcrumbList\"><div class=\"g-breadcrumbs-item\" itemscope itemprop=\"itemListElement\" itemtype=\"http:\/\/schema.org\/ListItem\"><a itemprop=\"item\" href=\"http:\/\/travelstudio.com.br\/en\/\"><span itemprop=\"name\">Home<\/span><\/a><meta itemprop=\"position\" content=\"1\"\/><\/div><div class=\"g-breadcrumbs-separator\"><i class=\"far fa-angle-right\"><\/i><\/div><div class=\"g-breadcrumbs-item\">Pages<\/div><\/nav>\n<\/div><\/div><\/div><\/div><\/div><\/div><\/section><section class=\"l-section wpb_row us_custom_58763159 height_small color_alternate\"><div class=\"l-section-h i-cf\"><div class=\"g-cols vc_row via_grid cols_1 laptops-cols_inherit tablets-cols_inherit mobiles-cols_1 valign_top type_default stacking_default\"><div class=\"wpb_column vc_column_container\"><div class=\"vc_column-inner\"><div id=\"ultimate-heading-919169f9b3c35ac00\" class=\"uvc-heading ult-adjust-bottom-margin ultimate-heading-919169f9b3c35ac00 uvc-27 \" data-hspacer=\"line_only\"  data-halign=\"left\" style=\"text-align:left\"><div class=\"uvc-main-heading ult-responsive\"  data-ultimate-target='.uvc-heading.ultimate-heading-919169f9b3c35ac00 p'  data-responsive-json-new='{\"font-size\":\"desktop:20px;\",\"line-height\":\"desktop:40px;\"}' ><p style=\"font-weight:normal;\">COUNT ON TRAVEL STUDIO<\/p><\/div><div class=\"uvc-heading-spacer line_only\" style=\"topheight:2px;\"><span class=\"uvc-headings-line\" style=\"border-style:solid;border-bottom-width:2px;border-color:#b2d452;width:100px;\"><\/span><\/div><\/div><div class=\"w-separator size_medium\"><\/div><div class=\"wpb_text_column\"><div class=\"wpb_wrapper\"><p style=\"text-align: left;\"><span style=\"font-weight: 400;\">How many times have you given up on making your dream trip because you didn&#8217;t have company?  <\/span><span style=\"font-weight: 400;\">If this is your problem, please don&#8217;t stop traveling because of it.  <\/span><span style=\"font-weight: 400;\">Know that there are many people like you fulfilling the dream of knowing new places alone. Solo travelers are free, independent, curious people who are increasingly changing the travel industry.  <\/span><span style=\"font-weight: 400;\">Traveling alone contributes to your personal growth, increases your confidence, your independence and your self-knowledge. Traveling alone is also an opportunity to reinvent yourself.  <\/span><span style=\"font-weight: 400;\">Are you one of those people, but have a certain fear when you think about coming to Rio de Janeiro?  <\/span><span style=\"font-weight: 400;\">Relax. Travel Studio wants to help you feel confident to experience our wonders fully and safely, without leaving you feeling alone in the midst of the city&#8217;s chaos.  <\/span><span style=\"font-weight: 400;\">We help you with the detailed local guide itinerary and put you in touch with people who have the same interests as you. We can help you with communication and any questions you may have so that you can get around the city smoothly.  <\/span><span style=\"font-weight: 400;\">Don&#8217;t stop traveling for lack of company anymore. Meet new people and enter our community!  <\/span><\/p>\n<\/div><\/div><div class=\"w-separator size_medium\"><\/div><\/div><\/div><\/div><\/div><\/section><section class=\"l-section wpb_row height_medium with_img parallax_fixed\"><div class=\"l-section-img\" role=\"img\" aria-label=\"Image\" data-img-width=\"2000\" data-img-height=\"1329\" style=\"background-image: url(https:\/\/travelstudio.com.br\/wp-content\/uploads\/2020\/01\/Divirta-se-com-a-gente.jpg);background-position: top center;background-repeat: no-repeat;\"><\/div><div class=\"l-section-overlay\" style=\"background:rgba(0,0,0,0.30)\"><\/div><div class=\"l-section-h i-cf\"><div class=\"g-cols vc_row via_grid cols_1 laptops-cols_inherit tablets-cols_inherit mobiles-cols_1 valign_top type_default stacking_default\"><div class=\"wpb_column vc_column_container\"><div class=\"vc_column-inner\"><div class=\"w-separator size_large\"><\/div><div class=\"w-btn-wrapper align_center\"><a class=\"w-btn us-btn-style_6\" href=\"https:\/\/travelstudio.com.br\/en\/contact-us\/\"><span class=\"w-btn-label\">HAVE FUN WITH US<\/span><\/a><\/div><div class=\"w-separator size_large\"><\/div><\/div><\/div><\/div><\/div><\/section><section class=\"l-section wpb_row height_small\"><div class=\"l-section-h i-cf\"><div class=\"g-cols vc_row via_grid cols_1-2-1 laptops-cols_inherit tablets-cols_inherit mobiles-cols_1 valign_top type_default stacking_default\"><div class=\"wpb_column vc_column_container\"><div class=\"vc_column-inner\"><\/div><\/div><div class=\"wpb_column vc_column_container\"><div class=\"vc_column-inner\"><div id=\"ultimate-heading-280069f9b3c35bbe1\" class=\"uvc-heading ult-adjust-bottom-margin ultimate-heading-280069f9b3c35bbe1 uvc-39 \" data-hspacer=\"line_only\"  data-halign=\"left\" style=\"text-align:left\"><div class=\"uvc-main-heading ult-responsive\"  data-ultimate-target='.uvc-heading.ultimate-heading-280069f9b3c35bbe1 p'  data-responsive-json-new='{\"font-size\":\"desktop:20px;\",\"line-height\":\"desktop:40px;\"}' ><p style=\"font-weight:normal;\">WHY TRAVEL ALONE<\/p><\/div><div class=\"uvc-heading-spacer line_only\" style=\"topheight:2px;\"><span class=\"uvc-headings-line\" style=\"border-style:solid;border-bottom-width:2px;border-color:#b2d452;width:100px;\"><\/span><\/div><\/div><div class=\"w-separator size_medium\"><\/div><div class=\"w-tabs style_default switch_click accordion has_scrolling\" style=\"--sections-title-size:inherit\"><div class=\"w-tabs-sections titles-align_none icon_chevron cpos_right\"><div class=\"w-tabs-section\" id=\"p19b\"><button class=\"w-tabs-section-header\" aria-controls=\"content-p19b\" aria-expanded=\"false\"><div class=\"w-tabs-section-title\">MAKING NEW FRIENDS IS MUCH EASIER<\/div><div class=\"w-tabs-section-control\"><\/div><\/button><div  class=\"w-tabs-section-content\" id=\"content-p19b\"><div class=\"w-tabs-section-content-h i-cf\"><div class=\"wpb_text_column\"><div class=\"wpb_wrapper\"><p>When traveling alone, you are much more accessible and much more inclined to talk to people you know throughout the trip. Since you won&#8217;t be able to count on a travel partner to buy breakfast or use your language skills, it will be much easier if you have local tips from people who really know the city,<\/p>\n<\/div><\/div><\/div><\/div><\/div><div class=\"w-tabs-section\" id=\"j30a\"><button class=\"w-tabs-section-header\" aria-controls=\"content-j30a\" aria-expanded=\"false\"><div class=\"w-tabs-section-title\">PURE FREEDOM<\/div><div class=\"w-tabs-section-control\"><\/div><\/button><div  class=\"w-tabs-section-content\" id=\"content-j30a\"><div class=\"w-tabs-section-content-h i-cf\"><div class=\"wpb_text_column\"><div class=\"wpb_wrapper\"><p>Traveling alone can be a very liberating experience, having the freedom to do exactly what you want to do and when you want.<\/p>\n<\/div><\/div><\/div><\/div><\/div><div class=\"w-tabs-section\" id=\"a458\"><button class=\"w-tabs-section-header\" aria-controls=\"content-a458\" aria-expanded=\"false\"><div class=\"w-tabs-section-title\">YOU CAN PLAN YOUR PERFECT TRIP<\/div><div class=\"w-tabs-section-control\"><\/div><\/button><div  class=\"w-tabs-section-content\" id=\"content-a458\"><div class=\"w-tabs-section-content-h i-cf\"><div class=\"wpb_text_column\"><div class=\"wpb_wrapper\"><p>Half the fun of a trip is in the planning process. Let your imagination run wild, think of all the things you&#8217;ve always dreamed of doing, find your ride\/adventure and make it happen!<\/p>\n<\/div><\/div><\/div><\/div><\/div><div class=\"w-tabs-section\" id=\"w5c5\"><button class=\"w-tabs-section-header\" aria-controls=\"content-w5c5\" aria-expanded=\"false\"><div class=\"w-tabs-section-title\">YOU WILL FOCUS MORE ON FATE<\/div><div class=\"w-tabs-section-control\"><\/div><\/button><div  class=\"w-tabs-section-content\" id=\"content-w5c5\"><div class=\"w-tabs-section-content-h i-cf\"><div class=\"wpb_text_column\"><div class=\"wpb_wrapper\"><p>You are much more likely to notice things happening around you and have a greater awareness of the environment when traveling on your own, leading to a more rewarding experience. When you do things yourself, you capture all the details of the look, moments you can lose when you are in the company.<\/p>\n<\/div><\/div><\/div><\/div><\/div><div class=\"w-tabs-section\" id=\"k70e\"><button class=\"w-tabs-section-header\" aria-controls=\"content-k70e\" aria-expanded=\"false\"><div class=\"w-tabs-section-title\">SELF-DISCOVERY<\/div><div class=\"w-tabs-section-control\"><\/div><\/button><div  class=\"w-tabs-section-content\" id=\"content-k70e\"><div class=\"w-tabs-section-content-h i-cf\"><div class=\"wpb_text_column\"><div class=\"wpb_wrapper\"><p>When you venture into the world on your own, eventually you need to face who you are, what your values are, what you care about and what you want to do with your life. Traveling with other people, you will find great friendships, but traveling alone you can find yourself.<\/p>\n<\/div><\/div><\/div><\/div><\/div><\/div><\/div><\/div><\/div><div class=\"wpb_column vc_column_container\"><div class=\"vc_column-inner\"><\/div><\/div><\/div><\/div><\/section>\n","protected":false},"excerpt":{"rendered":"Solo in RioHomePages COUNT ON TRAVEL STUDIOHow many times have you given up on making your dream trip because you didn&#8217;t have company? If this is your problem, please don&#8217;t stop traveling because of it. Know that there are many people like you fulfilling the dream of knowing new places alone. Solo travelers are free,...","protected":false},"author":7,"featured_media":0,"parent":10185,"menu_order":0,"comment_status":"closed","ping_status":"closed","template":"","meta":{"_acf_changed":false,"_joinchat":[],"footnotes":""},"class_list":["post-10192","page","type-page","status-publish","hentry"],"acf":[],"yoast_head":"<!-- This site is optimized with the Yoast SEO plugin v27.5 - https:\/\/yoast.com\/product\/yoast-seo-wordpress\/ -->\n<title>Solo in Rio - Travel Studio<\/title>\n<meta name=\"description\" content=\"When traveling solo or alone in Rio de Janeiro, you need much more tips and assistance when planning your trip, we help you. Get in touch!\" \/>\n<meta name=\"robots\" content=\"index, follow, max-snippet:-1, max-image-preview:large, max-video-preview:-1\" \/>\n<link rel=\"canonical\" href=\"https:\/\/travelstudio.com.br\/en\/why-travel-studio\/solo-in-rio\/\" \/>\n<meta property=\"og:locale\" content=\"en_US\" \/>\n<meta property=\"og:type\" content=\"article\" \/>\n<meta property=\"og:title\" content=\"Solo in Rio - Travel Studio\" \/>\n<meta property=\"og:description\" content=\"When traveling solo or alone in Rio de Janeiro, you need much more tips and assistance when planning your trip, we help you. Get in touch!\" \/>\n<meta property=\"og:url\" content=\"https:\/\/travelstudio.com.br\/en\/why-travel-studio\/solo-in-rio\/\" \/>\n<meta property=\"og:site_name\" content=\"Travel Studio\" \/>\n<meta property=\"article:publisher\" content=\"https:\/\/www.facebook.com\/travelstudio.br\" \/>\n<meta property=\"article:modified_time\" content=\"2024-09-18T12:09:37+00:00\" \/>\n<meta name=\"twitter:card\" content=\"summary_large_image\" \/>\n<meta name=\"twitter:label1\" content=\"Est. reading time\" \/>\n\t<meta name=\"twitter:data1\" content=\"4 minutes\" \/>\n<script type=\"application\/ld+json\" class=\"yoast-schema-graph\">{\"@context\":\"https:\\\/\\\/schema.org\",\"@graph\":[{\"@type\":\"WebPage\",\"@id\":\"https:\\\/\\\/travelstudio.com.br\\\/en\\\/why-travel-studio\\\/solo-in-rio\\\/\",\"url\":\"https:\\\/\\\/travelstudio.com.br\\\/en\\\/why-travel-studio\\\/solo-in-rio\\\/\",\"name\":\"Solo in Rio - Travel Studio\",\"isPartOf\":{\"@id\":\"https:\\\/\\\/travelstudio.com.br\\\/en\\\/#website\"},\"datePublished\":\"2019-10-25T20:03:28+00:00\",\"dateModified\":\"2024-09-18T12:09:37+00:00\",\"description\":\"When traveling solo or alone in Rio de Janeiro, you need much more tips and assistance when planning your trip, we help you. Get in touch!\",\"breadcrumb\":{\"@id\":\"https:\\\/\\\/travelstudio.com.br\\\/en\\\/why-travel-studio\\\/solo-in-rio\\\/#breadcrumb\"},\"inLanguage\":\"en-US\",\"potentialAction\":[{\"@type\":\"ReadAction\",\"target\":[\"https:\\\/\\\/travelstudio.com.br\\\/en\\\/why-travel-studio\\\/solo-in-rio\\\/\"]}]},{\"@type\":\"BreadcrumbList\",\"@id\":\"https:\\\/\\\/travelstudio.com.br\\\/en\\\/why-travel-studio\\\/solo-in-rio\\\/#breadcrumb\",\"itemListElement\":[{\"@type\":\"ListItem\",\"position\":1,\"name\":\"In\u00edcio\",\"item\":\"https:\\\/\\\/travelstudio.com.br\\\/en\\\/\"},{\"@type\":\"ListItem\",\"position\":2,\"name\":\"Why Travel Studio?\",\"item\":\"https:\\\/\\\/travelstudio.com.br\\\/en\\\/why-travel-studio\\\/\"},{\"@type\":\"ListItem\",\"position\":3,\"name\":\"Solo in Rio\"}]},{\"@type\":\"WebSite\",\"@id\":\"https:\\\/\\\/travelstudio.com.br\\\/en\\\/#website\",\"url\":\"https:\\\/\\\/travelstudio.com.br\\\/en\\\/\",\"name\":\"Travel Studio\",\"description\":\"Ag\u00eancia Turismo Receptivo no Rio de Janeiro, especializada em customiza\u00e7\u00e3o de passeios.\",\"potentialAction\":[{\"@type\":\"SearchAction\",\"target\":{\"@type\":\"EntryPoint\",\"urlTemplate\":\"https:\\\/\\\/travelstudio.com.br\\\/en\\\/?s={search_term_string}\"},\"query-input\":{\"@type\":\"PropertyValueSpecification\",\"valueRequired\":true,\"valueName\":\"search_term_string\"}}],\"inLanguage\":\"en-US\"}]}<\/script>\n<!-- \/ Yoast SEO plugin. -->","yoast_head_json":{"title":"Solo in Rio - Travel Studio","description":"When traveling solo or alone in Rio de Janeiro, you need much more tips and assistance when planning your trip, we help you. Get in touch!","robots":{"index":"index","follow":"follow","max-snippet":"max-snippet:-1","max-image-preview":"max-image-preview:large","max-video-preview":"max-video-preview:-1"},"canonical":"https:\/\/travelstudio.com.br\/en\/why-travel-studio\/solo-in-rio\/","og_locale":"en_US","og_type":"article","og_title":"Solo in Rio - Travel Studio","og_description":"When traveling solo or alone in Rio de Janeiro, you need much more tips and assistance when planning your trip, we help you. Get in touch!","og_url":"https:\/\/travelstudio.com.br\/en\/why-travel-studio\/solo-in-rio\/","og_site_name":"Travel Studio","article_publisher":"https:\/\/www.facebook.com\/travelstudio.br","article_modified_time":"2024-09-18T12:09:37+00:00","twitter_card":"summary_large_image","twitter_misc":{"Est. reading time":"4 minutes"},"schema":{"@context":"https:\/\/schema.org","@graph":[{"@type":"WebPage","@id":"https:\/\/travelstudio.com.br\/en\/why-travel-studio\/solo-in-rio\/","url":"https:\/\/travelstudio.com.br\/en\/why-travel-studio\/solo-in-rio\/","name":"Solo in Rio - Travel Studio","isPartOf":{"@id":"https:\/\/travelstudio.com.br\/en\/#website"},"datePublished":"2019-10-25T20:03:28+00:00","dateModified":"2024-09-18T12:09:37+00:00","description":"When traveling solo or alone in Rio de Janeiro, you need much more tips and assistance when planning your trip, we help you. Get in touch!","breadcrumb":{"@id":"https:\/\/travelstudio.com.br\/en\/why-travel-studio\/solo-in-rio\/#breadcrumb"},"inLanguage":"en-US","potentialAction":[{"@type":"ReadAction","target":["https:\/\/travelstudio.com.br\/en\/why-travel-studio\/solo-in-rio\/"]}]},{"@type":"BreadcrumbList","@id":"https:\/\/travelstudio.com.br\/en\/why-travel-studio\/solo-in-rio\/#breadcrumb","itemListElement":[{"@type":"ListItem","position":1,"name":"In\u00edcio","item":"https:\/\/travelstudio.com.br\/en\/"},{"@type":"ListItem","position":2,"name":"Why Travel Studio?","item":"https:\/\/travelstudio.com.br\/en\/why-travel-studio\/"},{"@type":"ListItem","position":3,"name":"Solo in Rio"}]},{"@type":"WebSite","@id":"https:\/\/travelstudio.com.br\/en\/#website","url":"https:\/\/travelstudio.com.br\/en\/","name":"Travel Studio","description":"Ag\u00eancia Turismo Receptivo no Rio de Janeiro, especializada em customiza\u00e7\u00e3o de passeios.","potentialAction":[{"@type":"SearchAction","target":{"@type":"EntryPoint","urlTemplate":"https:\/\/travelstudio.com.br\/en\/?s={search_term_string}"},"query-input":{"@type":"PropertyValueSpecification","valueRequired":true,"valueName":"search_term_string"}}],"inLanguage":"en-US"}]}},"_links":{"self":[{"href":"https:\/\/travelstudio.com.br\/en\/wp-json\/wp\/v2\/pages\/10192","targetHints":{"allow":["GET"]}}],"collection":[{"href":"https:\/\/travelstudio.com.br\/en\/wp-json\/wp\/v2\/pages"}],"about":[{"href":"https:\/\/travelstudio.com.br\/en\/wp-json\/wp\/v2\/types\/page"}],"author":[{"embeddable":true,"href":"https:\/\/travelstudio.com.br\/en\/wp-json\/wp\/v2\/users\/7"}],"replies":[{"embeddable":true,"href":"https:\/\/travelstudio.com.br\/en\/wp-json\/wp\/v2\/comments?post=10192"}],"version-history":[{"count":6,"href":"https:\/\/travelstudio.com.br\/en\/wp-json\/wp\/v2\/pages\/10192\/revisions"}],"predecessor-version":[{"id":13019,"href":"https:\/\/travelstudio.com.br\/en\/wp-json\/wp\/v2\/pages\/10192\/revisions\/13019"}],"up":[{"embeddable":true,"href":"https:\/\/travelstudio.com.br\/en\/wp-json\/wp\/v2\/pages\/10185"}],"wp:attachment":[{"href":"https:\/\/travelstudio.com.br\/en\/wp-json\/wp\/v2\/media?parent=10192"}],"curies":[{"name":"wp","href":"https:\/\/api.w.org\/{rel}","templated":true}]}}