{"id":10172,"date":"2019-08-03T16:56:37","date_gmt":"2019-08-03T16:56:37","guid":{"rendered":"http:\/\/travelstudio.com.br\/corporate-and-events\/"},"modified":"2024-09-18T12:10:33","modified_gmt":"2024-09-18T12:10:33","slug":"corporate-and-events","status":"publish","type":"page","link":"https:\/\/travelstudio.com.br\/en\/corporate-and-events\/","title":{"rendered":"Corporate and Events"},"content":{"rendered":"<section class=\"l-section wpb_row height_medium color_primary\"><div class=\"l-section-h i-cf\"><div class=\"g-cols vc_row via_grid cols_1 laptops-cols_inherit tablets-cols_inherit mobiles-cols_1 valign_top type_default stacking_default\"><div class=\"wpb_column vc_column_container\"><div class=\"vc_column-inner\"><h2 class=\"w-post-elm post_title align_center entry-title color_link_inherit\">Corporate and Events<\/h2><div class=\"wpb_text_column\"><div class=\"wpb_wrapper\"><nav class=\"g-breadcrumbs separator_icon align_center\" itemscope itemtype=\"http:\/\/schema.org\/BreadcrumbList\"><div class=\"g-breadcrumbs-item\" itemscope itemprop=\"itemListElement\" itemtype=\"http:\/\/schema.org\/ListItem\"><a itemprop=\"item\" href=\"http:\/\/travelstudio.com.br\/en\/\"><span itemprop=\"name\">Home<\/span><\/a><meta itemprop=\"position\" content=\"1\"\/><\/div><div class=\"g-breadcrumbs-separator\"><i class=\"far fa-angle-right\"><\/i><\/div><div class=\"g-breadcrumbs-item\">Pages<\/div><\/nav>\n<\/div><\/div><\/div><\/div><\/div><\/div><\/section><!-- Row Backgrounds --><div class=\"upb_bg_img\" data-ultimate-bg=\"url(https:\/\/travelstudio.com.br\/wp-content\/uploads\/2020\/07\/mice_Rio_de_janeiro.jpg)\" data-image-id=\"id^6512|url^http:\/\/travelstudio.com.br\/wp-content\/uploads\/2020\/07\/mice_Rio_de_janeiro.jpg|caption^null|alt^null|title^mice_Rio_de_janeiro|description^null\" data-ultimate-bg-style=\"vcpb-vz-jquery\" data-bg-img-repeat=\"repeat\" data-bg-img-size=\"cover\" data-bg-img-position=\"\" data-parallx_sense=\"100\" data-bg-override=\"0\" data-bg_img_attach=\"scroll\" data-upb-overlay-color=\"rgba(26,26,26,0.5)\" data-upb-bg-animation=\"\" data-fadeout=\"\" data-bg-animation=\"left-animation\" data-bg-animation-type=\"h\" data-animation-repeat=\"repeat\" data-fadeout-percentage=\"30\" data-parallax-content=\"\" data-parallax-content-sense=\"30\" data-row-effect-mobile-disable=\"true\" data-img-parallax-mobile-disable=\"true\" data-rtl=\"false\"  data-custom-vc-row=\"\"  data-vc=\"8.7.2\"  data-is_old_vc=\"\"  data-theme-support=\"\"   data-overlay=\"true\" data-overlay-color=\"rgba(26,26,26,0.5)\" data-overlay-pattern=\"\" data-overlay-pattern-opacity=\"0.8\" data-overlay-pattern-size=\"\" data-overlay-pattern-attachment=\"scroll\"    ><\/div><section class=\"l-section wpb_row height_small color_alternate\"><div class=\"l-section-h i-cf\"><div class=\"g-cols vc_row via_grid cols_1 laptops-cols_inherit tablets-cols_inherit mobiles-cols_1 valign_top type_default stacking_default\"><div class=\"wpb_column vc_column_container\"><div class=\"vc_column-inner\"><div class=\"g-cols wpb_row via_grid cols_custom laptops-cols_inherit tablets-cols_inherit mobiles-cols_1 valign_top type_default stacking_default\" style=\"--columns-gap:3rem;--custom-columns:1fr 2fr 2fr 1fr \"><div class=\"wpb_column vc_column_container\"><div class=\"vc_column-inner\"><\/div><\/div><div class=\"wpb_column vc_column_container\"><div class=\"vc_column-inner\"><div class=\"wpb_text_column\"><div class=\"wpb_wrapper\"><h4 style=\"font-size: 40px;\"><strong style=\"color: #b2d452;\">MEETINGS<\/strong> <strong style=\"color: #b2d452;\">INCENTIVES<\/strong> <strong style=\"color: #b2d452;\">CONFERENCES<\/strong> <strong style=\"color: #b2d452;\">EVENTS<\/strong><\/h4>\n<\/div><\/div><\/div><\/div><div class=\"wpb_column vc_column_container\"><div class=\"vc_column-inner\"><div class=\"wpb_text_column\"><div class=\"wpb_wrapper\"><p style=\"text-align: right;\">Rio de Janeiro offers perfect conditions <em>for business with something<\/em> more, being the ideal destination for meetings, incentive groups, conferences and congresses, in a committed and, at the same time, unforgettable. We accompany your company in the process of preparation, organization and execution of incentive trips, congresses, conventions and etc. We take care of all the details so that your event is much more than just corporate!<\/p>\n<\/div><\/div><\/div><\/div><div class=\"wpb_column vc_column_container\"><div class=\"vc_column-inner\"><\/div><\/div><\/div><\/div><\/div><\/div><\/div><\/section><section class=\"l-section wpb_row height_medium\"><div class=\"l-section-h i-cf\"><div class=\"g-cols vc_row via_grid cols_1 laptops-cols_inherit tablets-cols_inherit mobiles-cols_1 valign_top type_default stacking_default\"><div class=\"wpb_column vc_column_container\"><div class=\"vc_column-inner\"><div class=\"g-cols wpb_row via_grid cols_custom laptops-cols_inherit tablets-cols_inherit mobiles-cols_1 valign_top type_default stacking_default\" style=\"--columns-gap:3rem;--custom-columns:1fr 2fr 2fr 1fr \"><div class=\"wpb_column vc_column_container\"><div class=\"vc_column-inner\"><\/div><\/div><div class=\"wpb_column vc_column_container\"><div class=\"vc_column-inner\"><div class=\"w-image align_center\"><div class=\"w-image-h\"><img decoding=\"async\" width=\"800\" height=\"577\" src=\"https:\/\/travelstudio.com.br\/wp-content\/uploads\/2020\/07\/mice.rio_.de_.janeiro.jpeg\" class=\"attachment-full size-full\" alt=\"\" loading=\"lazy\" srcset=\"https:\/\/travelstudio.com.br\/wp-content\/uploads\/2020\/07\/mice.rio_.de_.janeiro.jpeg 800w, https:\/\/travelstudio.com.br\/wp-content\/uploads\/2020\/07\/mice.rio_.de_.janeiro-300x216.jpeg 300w, https:\/\/travelstudio.com.br\/wp-content\/uploads\/2020\/07\/mice.rio_.de_.janeiro-600x433.jpeg 600w\" sizes=\"auto, (max-width: 800px) 100vw, 800px\" \/><\/div><\/div><div class=\"w-separator size_medium\"><\/div><div class=\"wpb_text_column\"><div class=\"wpb_wrapper\"><p style=\"text-align: right;\"><b>RESERVATION SERVICES<\/b> Finding the best options for accommodation, transportation and airline tickets will be less work for you. Through our partnerships we offer the best rates and guarantee the ideal accommodations, schedules and transportation for your group or event. Our extensive experience allows us to offer logistics services and full support, before, during and after your trip, providing all the peace of mind so you can just get busy with what really depends on you.<\/p>\n<\/div><\/div><\/div><\/div><div class=\"wpb_column vc_column_container\"><div class=\"vc_column-inner\"><div class=\"wpb_text_column\"><div class=\"wpb_wrapper\"><p><strong>SPECIAL TRAVEL PROGRAMS <\/strong>We are specialists in creating customized travel itineraries for groups of all sizes, always prioritizing good service and the support of the best professionals, all tailored to make your corporate trip an unforgettable event!<\/p>\n<\/div><\/div><div class=\"w-separator size_small\"><\/div><div class=\"wpb_text_column\"><div class=\"wpb_wrapper\"><p><strong>PRIVATE TRANSPORT <\/strong>We make it easy for you to get around Rio de Janeiro in a personalized and exclusive way. We have a wide network of suppliers to ensure the perfect private transportation for you, from limousine to bus, always ensuring comfort, safety and the punctuality you need!<\/p>\n<\/div><\/div><div class=\"w-separator size_small\"><\/div><div class=\"wpb_text_column\"><div class=\"wpb_wrapper\"><p><strong>EXCLUSIVE SPECIAL PROGRAMS <\/strong>We have a network of exclusive, personalized and high-quality services, including helicopter reservations, speedboat rides, reservations at the best restaurants, hotels and high-end salons. All tailor-made so that your event exceeds all expectations!<\/p>\n<\/div><\/div><\/div><\/div><div class=\"wpb_column vc_column_container\"><div class=\"vc_column-inner\"><\/div><\/div><\/div><div class=\"g-cols wpb_row via_grid cols_1 laptops-cols_inherit tablets-cols_inherit mobiles-cols_1 valign_top type_default stacking_default\" style=\"--columns-gap:3rem;\"><div class=\"wpb_column vc_column_container\"><div class=\"vc_column-inner\"><div class=\"w-separator size_medium\"><\/div><div class=\"w-btn-wrapper align_center\"><a class=\"w-btn us-btn-style_4 icon_atleft\" title=\"Contact\" href=\"https:\/\/travelstudio.com.br\/en\/contact\/\"><i class=\"fas fa-envelope\"><\/i><span class=\"w-btn-label\">CONTACT US<\/span><\/a><\/div><\/div><\/div><\/div><\/div><\/div><\/div><\/div><\/section>\n","protected":false},"excerpt":{"rendered":"Corporate and EventsHomePages MEETINGS INCENTIVES CONFERENCES EVENTS Rio de Janeiro offers perfect conditions for business with something more, being the ideal destination for meetings, incentive groups, conferences and congresses, in a committed and, at the same time, unforgettable. We accompany your company in the process of preparation, organization and execution of incentive trips, congresses, conventions...","protected":false},"author":5,"featured_media":0,"parent":0,"menu_order":0,"comment_status":"closed","ping_status":"closed","template":"","meta":{"_acf_changed":false,"_joinchat":[],"footnotes":""},"class_list":["post-10172","page","type-page","status-publish","hentry"],"acf":[],"yoast_head":"<!-- This site is optimized with the Yoast SEO plugin v27.6 - https:\/\/yoast.com\/product\/yoast-seo-wordpress\/ -->\n<title>Corporate Events and Incentive Groups in Rio de Janeiro-Reserve<\/title>\n<meta name=\"description\" content=\"Production, organization and equipment-Corporate events and Incentive Groups in Rio de Janeiro are the focuses of Travel Studio.Ask for your budget! MICE\" \/>\n<meta name=\"robots\" content=\"index, follow, max-snippet:-1, max-image-preview:large, max-video-preview:-1\" \/>\n<link rel=\"canonical\" href=\"https:\/\/travelstudio.com.br\/en\/corporate-and-events\/\" \/>\n<meta property=\"og:locale\" content=\"en_US\" \/>\n<meta property=\"og:type\" content=\"article\" \/>\n<meta property=\"og:title\" content=\"Corporate Events and Incentive Groups in Rio de Janeiro-Reserve\" \/>\n<meta property=\"og:description\" content=\"Production, organization and equipment-Corporate events and Incentive Groups in Rio de Janeiro are the focuses of Travel Studio.Ask for your budget! MICE\" \/>\n<meta property=\"og:url\" content=\"https:\/\/travelstudio.com.br\/en\/corporate-and-events\/\" \/>\n<meta property=\"og:site_name\" content=\"Travel Studio\" \/>\n<meta property=\"article:publisher\" content=\"https:\/\/www.facebook.com\/travelstudio.br\" \/>\n<meta property=\"article:modified_time\" content=\"2024-09-18T12:10:33+00:00\" \/>\n<meta name=\"twitter:card\" content=\"summary_large_image\" \/>\n<meta name=\"twitter:label1\" content=\"Est. reading time\" \/>\n\t<meta name=\"twitter:data1\" content=\"3 minutes\" \/>\n<script type=\"application\/ld+json\" class=\"yoast-schema-graph\">{\"@context\":\"https:\\\/\\\/schema.org\",\"@graph\":[{\"@type\":\"WebPage\",\"@id\":\"https:\\\/\\\/travelstudio.com.br\\\/en\\\/corporate-and-events\\\/\",\"url\":\"https:\\\/\\\/travelstudio.com.br\\\/en\\\/corporate-and-events\\\/\",\"name\":\"Corporate Events and Incentive Groups in Rio de Janeiro-Reserve\",\"isPartOf\":{\"@id\":\"https:\\\/\\\/travelstudio.com.br\\\/en\\\/#website\"},\"datePublished\":\"2019-08-03T16:56:37+00:00\",\"dateModified\":\"2024-09-18T12:10:33+00:00\",\"description\":\"Production, organization and equipment-Corporate events and Incentive Groups in Rio de Janeiro are the focuses of Travel Studio.Ask for your budget! MICE\",\"breadcrumb\":{\"@id\":\"https:\\\/\\\/travelstudio.com.br\\\/en\\\/corporate-and-events\\\/#breadcrumb\"},\"inLanguage\":\"en-US\",\"potentialAction\":[{\"@type\":\"ReadAction\",\"target\":[\"https:\\\/\\\/travelstudio.com.br\\\/en\\\/corporate-and-events\\\/\"]}]},{\"@type\":\"BreadcrumbList\",\"@id\":\"https:\\\/\\\/travelstudio.com.br\\\/en\\\/corporate-and-events\\\/#breadcrumb\",\"itemListElement\":[{\"@type\":\"ListItem\",\"position\":1,\"name\":\"In\u00edcio\",\"item\":\"https:\\\/\\\/travelstudio.com.br\\\/en\\\/\"},{\"@type\":\"ListItem\",\"position\":2,\"name\":\"Corporate and Events\"}]},{\"@type\":\"WebSite\",\"@id\":\"https:\\\/\\\/travelstudio.com.br\\\/en\\\/#website\",\"url\":\"https:\\\/\\\/travelstudio.com.br\\\/en\\\/\",\"name\":\"Travel Studio\",\"description\":\"Ag\u00eancia Turismo Receptivo no Rio de Janeiro, especializada em customiza\u00e7\u00e3o de passeios.\",\"potentialAction\":[{\"@type\":\"SearchAction\",\"target\":{\"@type\":\"EntryPoint\",\"urlTemplate\":\"https:\\\/\\\/travelstudio.com.br\\\/en\\\/?s={search_term_string}\"},\"query-input\":{\"@type\":\"PropertyValueSpecification\",\"valueRequired\":true,\"valueName\":\"search_term_string\"}}],\"inLanguage\":\"en-US\"}]}<\/script>\n<!-- \/ Yoast SEO plugin. -->","yoast_head_json":{"title":"Corporate Events and Incentive Groups in Rio de Janeiro-Reserve","description":"Production, organization and equipment-Corporate events and Incentive Groups in Rio de Janeiro are the focuses of Travel Studio.Ask for your budget! MICE","robots":{"index":"index","follow":"follow","max-snippet":"max-snippet:-1","max-image-preview":"max-image-preview:large","max-video-preview":"max-video-preview:-1"},"canonical":"https:\/\/travelstudio.com.br\/en\/corporate-and-events\/","og_locale":"en_US","og_type":"article","og_title":"Corporate Events and Incentive Groups in Rio de Janeiro-Reserve","og_description":"Production, organization and equipment-Corporate events and Incentive Groups in Rio de Janeiro are the focuses of Travel Studio.Ask for your budget! MICE","og_url":"https:\/\/travelstudio.com.br\/en\/corporate-and-events\/","og_site_name":"Travel Studio","article_publisher":"https:\/\/www.facebook.com\/travelstudio.br","article_modified_time":"2024-09-18T12:10:33+00:00","twitter_card":"summary_large_image","twitter_misc":{"Est. reading time":"3 minutes"},"schema":{"@context":"https:\/\/schema.org","@graph":[{"@type":"WebPage","@id":"https:\/\/travelstudio.com.br\/en\/corporate-and-events\/","url":"https:\/\/travelstudio.com.br\/en\/corporate-and-events\/","name":"Corporate Events and Incentive Groups in Rio de Janeiro-Reserve","isPartOf":{"@id":"https:\/\/travelstudio.com.br\/en\/#website"},"datePublished":"2019-08-03T16:56:37+00:00","dateModified":"2024-09-18T12:10:33+00:00","description":"Production, organization and equipment-Corporate events and Incentive Groups in Rio de Janeiro are the focuses of Travel Studio.Ask for your budget! MICE","breadcrumb":{"@id":"https:\/\/travelstudio.com.br\/en\/corporate-and-events\/#breadcrumb"},"inLanguage":"en-US","potentialAction":[{"@type":"ReadAction","target":["https:\/\/travelstudio.com.br\/en\/corporate-and-events\/"]}]},{"@type":"BreadcrumbList","@id":"https:\/\/travelstudio.com.br\/en\/corporate-and-events\/#breadcrumb","itemListElement":[{"@type":"ListItem","position":1,"name":"In\u00edcio","item":"https:\/\/travelstudio.com.br\/en\/"},{"@type":"ListItem","position":2,"name":"Corporate and Events"}]},{"@type":"WebSite","@id":"https:\/\/travelstudio.com.br\/en\/#website","url":"https:\/\/travelstudio.com.br\/en\/","name":"Travel Studio","description":"Ag\u00eancia Turismo Receptivo no Rio de Janeiro, especializada em customiza\u00e7\u00e3o de passeios.","potentialAction":[{"@type":"SearchAction","target":{"@type":"EntryPoint","urlTemplate":"https:\/\/travelstudio.com.br\/en\/?s={search_term_string}"},"query-input":{"@type":"PropertyValueSpecification","valueRequired":true,"valueName":"search_term_string"}}],"inLanguage":"en-US"}]}},"_links":{"self":[{"href":"https:\/\/travelstudio.com.br\/en\/wp-json\/wp\/v2\/pages\/10172","targetHints":{"allow":["GET"]}}],"collection":[{"href":"https:\/\/travelstudio.com.br\/en\/wp-json\/wp\/v2\/pages"}],"about":[{"href":"https:\/\/travelstudio.com.br\/en\/wp-json\/wp\/v2\/types\/page"}],"author":[{"embeddable":true,"href":"https:\/\/travelstudio.com.br\/en\/wp-json\/wp\/v2\/users\/5"}],"replies":[{"embeddable":true,"href":"https:\/\/travelstudio.com.br\/en\/wp-json\/wp\/v2\/comments?post=10172"}],"version-history":[{"count":12,"href":"https:\/\/travelstudio.com.br\/en\/wp-json\/wp\/v2\/pages\/10172\/revisions"}],"predecessor-version":[{"id":13049,"href":"https:\/\/travelstudio.com.br\/en\/wp-json\/wp\/v2\/pages\/10172\/revisions\/13049"}],"wp:attachment":[{"href":"https:\/\/travelstudio.com.br\/en\/wp-json\/wp\/v2\/media?parent=10172"}],"curies":[{"name":"wp","href":"https:\/\/api.w.org\/{rel}","templated":true}]}}