{"id":10168,"date":"2019-08-21T20:41:43","date_gmt":"2019-08-21T20:41:43","guid":{"rendered":"http:\/\/travelstudio.com.br\/contact\/"},"modified":"2025-09-23T12:17:00","modified_gmt":"2025-09-23T12:17:00","slug":"contact","status":"publish","type":"page","link":"https:\/\/travelstudio.com.br\/en\/contact\/","title":{"rendered":"Contact"},"content":{"rendered":"<section class=\"l-section wpb_row height_medium color_primary\"><div class=\"l-section-h i-cf\"><div class=\"g-cols vc_row via_grid cols_1 laptops-cols_inherit tablets-cols_inherit mobiles-cols_1 valign_top type_default stacking_default\"><div class=\"wpb_column vc_column_container\"><div class=\"vc_column-inner\"><h2 class=\"w-post-elm post_title align_center entry-title color_link_inherit\">Contact<\/h2><div class=\"wpb_text_column\"><div class=\"wpb_wrapper\"><nav class=\"g-breadcrumbs separator_icon align_center\" itemscope itemtype=\"http:\/\/schema.org\/BreadcrumbList\"><div class=\"g-breadcrumbs-item\" itemscope itemprop=\"itemListElement\" itemtype=\"http:\/\/schema.org\/ListItem\"><a itemprop=\"item\" href=\"http:\/\/travelstudio.com.br\/en\/\"><span itemprop=\"name\">Home<\/span><\/a><meta itemprop=\"position\" content=\"1\"\/><\/div><div class=\"g-breadcrumbs-separator\"><i class=\"far fa-angle-right\"><\/i><\/div><div class=\"g-breadcrumbs-item\">Pages<\/div><\/nav>\n<\/div><\/div><\/div><\/div><\/div><\/div><\/section><!-- Row Backgrounds --><div class=\"upb_bg_img\" data-ultimate-bg=\"url(https:\/\/travelstudio.com.br\/wp-content\/uploads\/2020\/04\/Contato.Travel.Guia_.Rio_.f.jpg)\" data-image-id=\"id^5995|url^http:\/\/travelstudio.com.br\/wp-content\/uploads\/2020\/04\/Contato.Travel.Guia_.Rio_.f.jpg|caption^null|alt^null|title^Contato.Travel.Guia.Rio.f|description^null\" data-ultimate-bg-style=\"vcpb-vz-jquery\" data-bg-img-repeat=\"repeat\" data-bg-img-size=\"cover\" data-bg-img-position=\"\" data-parallx_sense=\"100\" data-bg-override=\"0\" data-bg_img_attach=\"scroll\" data-upb-overlay-color=\"rgba(26,26,26,0.5)\" data-upb-bg-animation=\"\" data-fadeout=\"\" data-bg-animation=\"left-animation\" data-bg-animation-type=\"h\" data-animation-repeat=\"repeat\" data-fadeout-percentage=\"30\" data-parallax-content=\"\" data-parallax-content-sense=\"30\" data-row-effect-mobile-disable=\"true\" data-img-parallax-mobile-disable=\"true\" data-rtl=\"false\"  data-custom-vc-row=\"\"  data-vc=\"8.7.2\"  data-is_old_vc=\"\"  data-theme-support=\"\"   data-overlay=\"true\" data-overlay-color=\"rgba(26,26,26,0.5)\" data-overlay-pattern=\"\" data-overlay-pattern-opacity=\"0.8\" data-overlay-pattern-size=\"\" data-overlay-pattern-attachment=\"scroll\"    ><\/div><section class=\"l-section wpb_row height_medium\"><div class=\"l-section-h i-cf\"><div class=\"g-cols vc_row via_grid cols_custom laptops-cols_inherit tablets-cols_inherit mobiles-cols_1 valign_top type_default stacking_default\" style=\"--custom-columns:1fr 2fr 2fr 1fr \"><div class=\"wpb_column vc_column_container\"><div class=\"vc_column-inner\"><\/div><\/div><div class=\"wpb_column vc_column_container\"><div class=\"vc_column-inner\"><div id=\"ultimate-heading-26476a09bdd728298\" class=\"uvc-heading ult-adjust-bottom-margin ultimate-heading-26476a09bdd728298 uvc-9592 \" data-hspacer=\"line_only\"  data-halign=\"left\" style=\"text-align:left\"><div class=\"uvc-main-heading ult-responsive\"  data-ultimate-target='.uvc-heading.ultimate-heading-26476a09bdd728298 p'  data-responsive-json-new='{\"font-size\":\"desktop:20px;\",\"line-height\":\"desktop:40px;\"}' ><p style=\"font-weight:normal;\">HOW CAN WE HELP?<\/p><\/div><div class=\"uvc-heading-spacer line_only\" style=\"topheight:2px;\"><span class=\"uvc-headings-line\" style=\"border-style:solid;border-bottom-width:2px;border-color:#b2d452;width:100px;\"><\/span><\/div><\/div><div class=\"w-separator size_small\"><\/div><div class=\"w-socials us_custom_ea56f62c color_text shape_rounded style_default hover_fade\"><div class=\"w-socials-list\"><div class=\"w-socials-item facebook\"><a target=\"_blank\" rel=\"nofollow\" href=\"https:\/\/www.facebook.com\/riotravelstudio\" class=\"w-socials-item-link\" aria-label=\"Facebook\"><span class=\"w-socials-item-link-hover\"><\/span><i class=\"fab fa-facebook\"><\/i><\/a><div class=\"w-socials-item-popup\"><span>Facebook<\/span><\/div><\/div><div class=\"w-socials-item instagram\"><a target=\"_blank\" rel=\"nofollow\" href=\"https:\/\/www.instagram.com\/riotravelstudio\/\" class=\"w-socials-item-link\" aria-label=\"Instagram\"><span class=\"w-socials-item-link-hover\"><\/span><i class=\"fab fa-instagram\"><\/i><\/a><div class=\"w-socials-item-popup\"><span>Instagram<\/span><\/div><\/div><div class=\"w-socials-item pinterest\"><a target=\"_blank\" rel=\"nofollow\" href=\"www.pinterest.com\/riotravelstudio\" class=\"w-socials-item-link\" aria-label=\"Pinterest\"><span class=\"w-socials-item-link-hover\"><\/span><i class=\"fab fa-pinterest\"><\/i><\/a><div class=\"w-socials-item-popup\"><span>Pinterest<\/span><\/div><\/div><div class=\"w-socials-item rss\"><a target=\"_blank\" rel=\"nofollow\" href=\"http:\/\/travelstudio.com.br\/guia-turistico-rio-de-janeiro\/\" class=\"w-socials-item-link\" aria-label=\"RSS\"><span class=\"w-socials-item-link-hover\"><\/span><i class=\"fas fa-rss\"><\/i><\/a><div class=\"w-socials-item-popup\"><span>RSS<\/span><\/div><\/div><\/div><\/div><div class=\"w-separator size_small\"><\/div><div class=\"wpb_text_column\"><div class=\"wpb_wrapper\"><p><a href=\"https:\/\/api.whatsapp.com\/send?phone=552199926-8002\" target=\"_blank\" rel=\"noopener noreferrer\">Tel: + 55 21 99926-8002<\/a><\/p>\n<p>contact@travelstudio.com.br<\/p>\n<\/div><\/div><div class=\"w-btn-wrapper align_none\"><a class=\"w-btn us-btn-style_3 icon_atleft\" href=\"#\"><i class=\"fab fa-whatsapp\"><\/i><span class=\"w-btn-label\">WHATSAPP<\/span><\/a><\/div><\/div><\/div><div class=\"wpb_column vc_column_container\"><div class=\"vc_column-inner\"><div class=\"cf7sg-container cf7sg-not-grid\"><div id=\"cf7sg-form-formulario-de-contato-1\" class=\" key_formulario-de-contato-1\">\n<div class=\"wpcf7 no-js\" id=\"wpcf7-f10058-o1\" lang=\"en-US\" dir=\"ltr\" data-wpcf7-id=\"10058\">\n<div class=\"screen-reader-response\"><p role=\"status\" aria-live=\"polite\" aria-atomic=\"true\"><\/p> <ul><\/ul><\/div>\n<form action=\"\/en\/wp-json\/wp\/v2\/pages\/10168#wpcf7-f10058-o1\" method=\"post\" class=\"wpcf7-form init\" aria-label=\"Contact form\" novalidate=\"novalidate\" data-status=\"init\">\n<fieldset class=\"hidden-fields-container\"><input type=\"hidden\" name=\"_wpcf7\" value=\"10058\" \/><input type=\"hidden\" name=\"_wpcf7_version\" value=\"6.1.5\" \/><input type=\"hidden\" name=\"_wpcf7_locale\" value=\"en_US\" \/><input type=\"hidden\" name=\"_wpcf7_unit_tag\" value=\"wpcf7-f10058-o1\" \/><input type=\"hidden\" name=\"_wpcf7_container_post\" value=\"0\" \/><input type=\"hidden\" name=\"_wpcf7_posted_data_hash\" value=\"\" \/><input type=\"hidden\" name=\"_wpcf7_key\" value=\"contact-form-1\" \/><input type=\"hidden\" name=\"_cf7sg_toggles\" value=\"\" \/><input type=\"hidden\" name=\"_cf7sg_version\" value=\"4.15.8\" \/><input type=\"hidden\" name=\"_wpnonce\" value=\"c1fbc1a225\" \/>\n<\/fieldset>\n<div class=\"container-form\">\n\t<p><label> Name<br \/>\n<span class=\"wpcf7-form-control-wrap\" data-name=\"your-name\"><input size=\"40\" maxlength=\"400\" class=\"wpcf7-form-control wpcf7-text wpcf7-validates-as-required\" aria-required=\"true\" aria-invalid=\"false\" value=\"\" type=\"text\" name=\"your-name\" \/><\/span> <\/label>\n\t<\/p>\n<\/div>\n<div class=\"container-form\">\n\t<p><label> Email<br \/>\n<span class=\"wpcf7-form-control-wrap\" data-name=\"your-email\"><input size=\"40\" maxlength=\"400\" class=\"wpcf7-form-control wpcf7-email wpcf7-validates-as-required wpcf7-text wpcf7-validates-as-email\" aria-required=\"true\" aria-invalid=\"false\" value=\"\" type=\"email\" name=\"your-email\" \/><\/span> <\/label>\n\t<\/p>\n<\/div>\n<div class=\"container-form\">\n\t<p><label> Telephone<br \/>\n<span class=\"wpcf7-form-control-wrap\" data-name=\"telefone\"><input size=\"40\" maxlength=\"400\" class=\"wpcf7-form-control wpcf7-text wpcf7-validates-as-required\" aria-required=\"true\" aria-invalid=\"false\" value=\"\" type=\"text\" name=\"telefone\" \/><\/span> <\/label>\n\t<\/p>\n<\/div>\n<div class=\"container-form\">\n\t<p><label> Subject<br \/>\n<span class=\"wpcf7-form-control-wrap\" data-name=\"assunto\"><select class=\"wpcf7-form-control wpcf7-select wpcf7-validates-as-required\" aria-required=\"true\" aria-invalid=\"false\" name=\"assunto\"><option value=\"\">&#8212;Please choose an option&#8212;<\/option><option value=\"I already booked my tour\">I already booked my tour<\/option><option value=\"Before booking\">Before booking<\/option><option value=\"MICE\">MICE<\/option><option value=\"Others\">Others<\/option><\/select><\/span> <\/label>\n\t<\/p>\n<\/div>\n<div class=\"container-form\">\n\t<p><label> Message<br \/>\n<span class=\"wpcf7-form-control-wrap\" data-name=\"message\"><textarea cols=\"40\" rows=\"10\" maxlength=\"2000\" class=\"wpcf7-form-control wpcf7-textarea wpcf7-validates-as-required\" aria-required=\"true\" aria-invalid=\"false\" name=\"message\"><\/textarea><\/span> <\/label>\n\t<\/p>\n<\/div>\n<p><input class=\"wpcf7-form-control wpcf7-submit has-spinner\" type=\"submit\" value=\"Submit\" \/>\n<\/p><div class=\"wpcf7-response-output\" aria-hidden=\"true\"><\/div>\n<\/form>\n<\/div>\n<\/div><\/div><\/div><\/div><div class=\"wpb_column vc_column_container\"><div class=\"vc_column-inner\"><\/div><\/div><\/div><\/div><\/section>\n","protected":false},"excerpt":{"rendered":"ContactHomePages HOW CAN WE HELP?FacebookInstagramPinterestRSSTel: + 55 21 99926-8002 contact@travelstudio.com.br WHATSAPP Name Email Telephone Subject &#8212;Please choose an option&#8212;I already booked my tourBefore bookingMICEOthers Message","protected":false},"author":7,"featured_media":9527,"parent":0,"menu_order":0,"comment_status":"closed","ping_status":"closed","template":"","meta":{"_acf_changed":false,"_joinchat":[],"footnotes":""},"class_list":["post-10168","page","type-page","status-publish","has-post-thumbnail","hentry"],"acf":[],"yoast_head":"<!-- This site is optimized with the Yoast SEO plugin v27.6 - https:\/\/yoast.com\/product\/yoast-seo-wordpress\/ -->\n<title>Contact - Travel Studio<\/title>\n<meta name=\"description\" content=\"Want to contact Travel Studio? So check the phone, email, contact us to talk to travel studio service\" \/>\n<meta name=\"robots\" content=\"index, follow, max-snippet:-1, max-image-preview:large, max-video-preview:-1\" \/>\n<link rel=\"canonical\" href=\"https:\/\/travelstudio.com.br\/en\/contact\/\" \/>\n<meta property=\"og:locale\" content=\"en_US\" \/>\n<meta property=\"og:type\" content=\"article\" \/>\n<meta property=\"og:title\" content=\"Contact - Travel Studio\" \/>\n<meta property=\"og:description\" content=\"Want to contact Travel Studio? So check the phone, email, contact us to talk to travel studio service\" \/>\n<meta property=\"og:url\" content=\"https:\/\/travelstudio.com.br\/en\/contact\/\" \/>\n<meta property=\"og:site_name\" content=\"Travel Studio\" \/>\n<meta property=\"article:publisher\" content=\"https:\/\/www.facebook.com\/travelstudio.br\" \/>\n<meta property=\"article:modified_time\" content=\"2025-09-23T12:17:00+00:00\" \/>\n<meta property=\"og:image\" content=\"http:\/\/travelstudio.com.br\/wp-content\/uploads\/2020\/03\/contact-capa-reduzida-1.jpg\" \/>\n\t<meta property=\"og:image:width\" content=\"1637\" \/>\n\t<meta property=\"og:image:height\" content=\"981\" \/>\n\t<meta property=\"og:image:type\" content=\"image\/jpeg\" \/>\n<meta name=\"twitter:card\" content=\"summary_large_image\" \/>\n<meta name=\"twitter:label1\" content=\"Est. reading time\" \/>\n\t<meta name=\"twitter:data1\" content=\"2 minutes\" \/>\n<script type=\"application\/ld+json\" class=\"yoast-schema-graph\">{\"@context\":\"https:\\\/\\\/schema.org\",\"@graph\":[{\"@type\":\"WebPage\",\"@id\":\"https:\\\/\\\/travelstudio.com.br\\\/en\\\/contact\\\/\",\"url\":\"https:\\\/\\\/travelstudio.com.br\\\/en\\\/contact\\\/\",\"name\":\"Contact - Travel Studio\",\"isPartOf\":{\"@id\":\"https:\\\/\\\/travelstudio.com.br\\\/en\\\/#website\"},\"primaryImageOfPage\":{\"@id\":\"https:\\\/\\\/travelstudio.com.br\\\/en\\\/contact\\\/#primaryimage\"},\"image\":{\"@id\":\"https:\\\/\\\/travelstudio.com.br\\\/en\\\/contact\\\/#primaryimage\"},\"thumbnailUrl\":\"https:\\\/\\\/travelstudio.com.br\\\/wp-content\\\/uploads\\\/2020\\\/03\\\/contact-capa-reduzida-1.jpg\",\"datePublished\":\"2019-08-21T20:41:43+00:00\",\"dateModified\":\"2025-09-23T12:17:00+00:00\",\"description\":\"Want to contact Travel Studio? So check the phone, email, contact us to talk to travel studio service\",\"breadcrumb\":{\"@id\":\"https:\\\/\\\/travelstudio.com.br\\\/en\\\/contact\\\/#breadcrumb\"},\"inLanguage\":\"en-US\",\"potentialAction\":[{\"@type\":\"ReadAction\",\"target\":[\"https:\\\/\\\/travelstudio.com.br\\\/en\\\/contact\\\/\"]}]},{\"@type\":\"ImageObject\",\"inLanguage\":\"en-US\",\"@id\":\"https:\\\/\\\/travelstudio.com.br\\\/en\\\/contact\\\/#primaryimage\",\"url\":\"https:\\\/\\\/travelstudio.com.br\\\/wp-content\\\/uploads\\\/2020\\\/03\\\/contact-capa-reduzida-1.jpg\",\"contentUrl\":\"https:\\\/\\\/travelstudio.com.br\\\/wp-content\\\/uploads\\\/2020\\\/03\\\/contact-capa-reduzida-1.jpg\",\"width\":1637,\"height\":981},{\"@type\":\"BreadcrumbList\",\"@id\":\"https:\\\/\\\/travelstudio.com.br\\\/en\\\/contact\\\/#breadcrumb\",\"itemListElement\":[{\"@type\":\"ListItem\",\"position\":1,\"name\":\"In\u00edcio\",\"item\":\"https:\\\/\\\/travelstudio.com.br\\\/en\\\/\"},{\"@type\":\"ListItem\",\"position\":2,\"name\":\"Contact\"}]},{\"@type\":\"WebSite\",\"@id\":\"https:\\\/\\\/travelstudio.com.br\\\/en\\\/#website\",\"url\":\"https:\\\/\\\/travelstudio.com.br\\\/en\\\/\",\"name\":\"Travel Studio\",\"description\":\"Ag\u00eancia Turismo Receptivo no Rio de Janeiro, especializada em customiza\u00e7\u00e3o de passeios.\",\"potentialAction\":[{\"@type\":\"SearchAction\",\"target\":{\"@type\":\"EntryPoint\",\"urlTemplate\":\"https:\\\/\\\/travelstudio.com.br\\\/en\\\/?s={search_term_string}\"},\"query-input\":{\"@type\":\"PropertyValueSpecification\",\"valueRequired\":true,\"valueName\":\"search_term_string\"}}],\"inLanguage\":\"en-US\"}]}<\/script>\n<!-- \/ Yoast SEO plugin. -->","yoast_head_json":{"title":"Contact - Travel Studio","description":"Want to contact Travel Studio? So check the phone, email, contact us to talk to travel studio service","robots":{"index":"index","follow":"follow","max-snippet":"max-snippet:-1","max-image-preview":"max-image-preview:large","max-video-preview":"max-video-preview:-1"},"canonical":"https:\/\/travelstudio.com.br\/en\/contact\/","og_locale":"en_US","og_type":"article","og_title":"Contact - Travel Studio","og_description":"Want to contact Travel Studio? So check the phone, email, contact us to talk to travel studio service","og_url":"https:\/\/travelstudio.com.br\/en\/contact\/","og_site_name":"Travel Studio","article_publisher":"https:\/\/www.facebook.com\/travelstudio.br","article_modified_time":"2025-09-23T12:17:00+00:00","og_image":[{"width":1637,"height":981,"url":"http:\/\/travelstudio.com.br\/wp-content\/uploads\/2020\/03\/contact-capa-reduzida-1.jpg","type":"image\/jpeg"}],"twitter_card":"summary_large_image","twitter_misc":{"Est. reading time":"2 minutes"},"schema":{"@context":"https:\/\/schema.org","@graph":[{"@type":"WebPage","@id":"https:\/\/travelstudio.com.br\/en\/contact\/","url":"https:\/\/travelstudio.com.br\/en\/contact\/","name":"Contact - Travel Studio","isPartOf":{"@id":"https:\/\/travelstudio.com.br\/en\/#website"},"primaryImageOfPage":{"@id":"https:\/\/travelstudio.com.br\/en\/contact\/#primaryimage"},"image":{"@id":"https:\/\/travelstudio.com.br\/en\/contact\/#primaryimage"},"thumbnailUrl":"https:\/\/travelstudio.com.br\/wp-content\/uploads\/2020\/03\/contact-capa-reduzida-1.jpg","datePublished":"2019-08-21T20:41:43+00:00","dateModified":"2025-09-23T12:17:00+00:00","description":"Want to contact Travel Studio? So check the phone, email, contact us to talk to travel studio service","breadcrumb":{"@id":"https:\/\/travelstudio.com.br\/en\/contact\/#breadcrumb"},"inLanguage":"en-US","potentialAction":[{"@type":"ReadAction","target":["https:\/\/travelstudio.com.br\/en\/contact\/"]}]},{"@type":"ImageObject","inLanguage":"en-US","@id":"https:\/\/travelstudio.com.br\/en\/contact\/#primaryimage","url":"https:\/\/travelstudio.com.br\/wp-content\/uploads\/2020\/03\/contact-capa-reduzida-1.jpg","contentUrl":"https:\/\/travelstudio.com.br\/wp-content\/uploads\/2020\/03\/contact-capa-reduzida-1.jpg","width":1637,"height":981},{"@type":"BreadcrumbList","@id":"https:\/\/travelstudio.com.br\/en\/contact\/#breadcrumb","itemListElement":[{"@type":"ListItem","position":1,"name":"In\u00edcio","item":"https:\/\/travelstudio.com.br\/en\/"},{"@type":"ListItem","position":2,"name":"Contact"}]},{"@type":"WebSite","@id":"https:\/\/travelstudio.com.br\/en\/#website","url":"https:\/\/travelstudio.com.br\/en\/","name":"Travel Studio","description":"Ag\u00eancia Turismo Receptivo no Rio de Janeiro, especializada em customiza\u00e7\u00e3o de passeios.","potentialAction":[{"@type":"SearchAction","target":{"@type":"EntryPoint","urlTemplate":"https:\/\/travelstudio.com.br\/en\/?s={search_term_string}"},"query-input":{"@type":"PropertyValueSpecification","valueRequired":true,"valueName":"search_term_string"}}],"inLanguage":"en-US"}]}},"_links":{"self":[{"href":"https:\/\/travelstudio.com.br\/en\/wp-json\/wp\/v2\/pages\/10168","targetHints":{"allow":["GET"]}}],"collection":[{"href":"https:\/\/travelstudio.com.br\/en\/wp-json\/wp\/v2\/pages"}],"about":[{"href":"https:\/\/travelstudio.com.br\/en\/wp-json\/wp\/v2\/types\/page"}],"author":[{"embeddable":true,"href":"https:\/\/travelstudio.com.br\/en\/wp-json\/wp\/v2\/users\/7"}],"replies":[{"embeddable":true,"href":"https:\/\/travelstudio.com.br\/en\/wp-json\/wp\/v2\/comments?post=10168"}],"version-history":[{"count":4,"href":"https:\/\/travelstudio.com.br\/en\/wp-json\/wp\/v2\/pages\/10168\/revisions"}],"predecessor-version":[{"id":13476,"href":"https:\/\/travelstudio.com.br\/en\/wp-json\/wp\/v2\/pages\/10168\/revisions\/13476"}],"wp:featuredmedia":[{"embeddable":true,"href":"https:\/\/travelstudio.com.br\/en\/wp-json\/wp\/v2\/media\/9527"}],"wp:attachment":[{"href":"https:\/\/travelstudio.com.br\/en\/wp-json\/wp\/v2\/media?parent=10168"}],"curies":[{"name":"wp","href":"https:\/\/api.w.org\/{rel}","templated":true}]}}