{"id":10140,"date":"2021-01-13T23:22:05","date_gmt":"2021-01-13T23:22:05","guid":{"rendered":"http:\/\/travelstudio.com.br\/meet-our-guides\/daniela\/"},"modified":"2022-03-10T18:28:13","modified_gmt":"2022-03-10T18:28:13","slug":"daniela","status":"publish","type":"page","link":"https:\/\/travelstudio.com.br\/en\/meet-our-guides\/daniela\/","title":{"rendered":"Daniela"},"content":{"rendered":"<section class=\"l-section wpb_row height_medium color_primary\"><div class=\"l-section-h i-cf\"><div class=\"g-cols vc_row via_grid cols_1-3 laptops-cols_inherit tablets-cols_inherit mobiles-cols_1 valign_top type_default stacking_default\"><div class=\"wpb_column vc_column_container\"><div class=\"vc_column-inner\"><div class=\"w-image align_center\"><div class=\"w-image-h\"><img decoding=\"async\" width=\"300\" height=\"300\" src=\"https:\/\/travelstudio.com.br\/wp-content\/uploads\/2021\/01\/Dani-Guia-300x300.jpg\" class=\"attachment-shop_catalog size-shop_catalog\" alt=\"\" loading=\"lazy\" srcset=\"https:\/\/travelstudio.com.br\/wp-content\/uploads\/2021\/01\/Dani-Guia-300x300.jpg 300w, https:\/\/travelstudio.com.br\/wp-content\/uploads\/2021\/01\/Dani-Guia-150x150.jpg 150w, https:\/\/travelstudio.com.br\/wp-content\/uploads\/2021\/01\/Dani-Guia-120x120.jpg 120w, https:\/\/travelstudio.com.br\/wp-content\/uploads\/2021\/01\/Dani-Guia-200x200.jpg 200w, https:\/\/travelstudio.com.br\/wp-content\/uploads\/2021\/01\/Dani-Guia-600x600.jpg 600w, https:\/\/travelstudio.com.br\/wp-content\/uploads\/2021\/01\/Dani-Guia-800x800.jpg 800w, https:\/\/travelstudio.com.br\/wp-content\/uploads\/2021\/01\/Dani-Guia-1000x1000.jpg 1000w, https:\/\/travelstudio.com.br\/wp-content\/uploads\/2021\/01\/Dani-Guia-400x400.jpg 400w\" sizes=\"auto, (max-width: 300px) 100vw, 300px\" \/><\/div><\/div><\/div><\/div><div class=\"wpb_column vc_column_container\"><div class=\"vc_column-inner\"><div class=\"w-separator size_large\"><\/div><div class=\"w-separator size_small\"><\/div><h2 class=\"w-post-elm post_title align_left entry-title color_link_inherit\">Daniela<\/h2><\/div><\/div><\/div><\/div><\/section><!-- Row Backgrounds --><div class=\"upb_bg_img\" data-ultimate-bg=\"url(https:\/\/travelstudio.com.br\/wp-content\/uploads\/2021\/01\/guia_daniela.jpg)\" data-image-id=\"id^7514|url^http:\/\/travelstudio.com.br\/wp-content\/uploads\/2021\/01\/guia_daniela.jpg|caption^null|alt^null|title^guia_daniela|description^null\" data-ultimate-bg-style=\"vcpb-vz-jquery\" data-bg-img-repeat=\"repeat\" data-bg-img-size=\"cover\" data-bg-img-position=\"\" data-parallx_sense=\"100\" data-bg-override=\"0\" data-bg_img_attach=\"scroll\" data-upb-overlay-color=\"rgba(26,26,26,0.5)\" data-upb-bg-animation=\"\" data-fadeout=\"\" data-bg-animation=\"left-animation\" data-bg-animation-type=\"h\" data-animation-repeat=\"repeat\" data-fadeout-percentage=\"30\" data-parallax-content=\"\" data-parallax-content-sense=\"30\" data-row-effect-mobile-disable=\"true\" data-img-parallax-mobile-disable=\"true\" data-rtl=\"false\"  data-custom-vc-row=\"\"  data-vc=\"8.7.2\"  data-is_old_vc=\"\"  data-theme-support=\"\"   data-overlay=\"true\" data-overlay-color=\"rgba(26,26,26,0.5)\" data-overlay-pattern=\"\" data-overlay-pattern-opacity=\"0.8\" data-overlay-pattern-size=\"\" data-overlay-pattern-attachment=\"scroll\"    ><\/div><section class=\"l-section wpb_row height_auto color_custom\"><div class=\"l-section-h i-cf\"><div class=\"g-cols vc_row via_grid cols_1 laptops-cols_inherit tablets-cols_inherit mobiles-cols_1 valign_top type_default stacking_default\"><div class=\"wpb_column vc_column_container\"><div class=\"vc_column-inner\"><div class=\"w-separator size_medium\"><\/div><div class=\"g-cols wpb_row via_grid cols_1-3 laptops-cols_inherit tablets-cols_inherit mobiles-cols_1 valign_top type_default stacking_default\" style=\"--columns-gap:3rem;\"><div class=\"wpb_column vc_column_container\"><div class=\"vc_column-inner\"><div class=\"w-iconbox iconpos_left style_default color_primary align_left no_text\"><div class=\"w-iconbox-icon\" style=\"font-size:30px;\"><i class=\"fas fa-star\"><\/i><\/div><div class=\"w-iconbox-meta\"><h4 class=\"w-iconbox-title\" style=\"font-size:18px;\">&lt;b&gt;HOBBIES&lt;\/b&gt;<\/h4><\/div><\/div><\/div><\/div><div class=\"wpb_column vc_column_container\"><div class=\"vc_column-inner\"><div class=\"wpb_text_column\"><div class=\"wpb_wrapper\"><p><span style=\"font-weight: 400;\">Graffiti, go to museums or cultural centers, have a cold beer with friends, enjoy a good samba, try new coffee shops, enjoy the sunrise and sunset and connect with nature.<\/span><\/p>\n<\/div><\/div><\/div><\/div><\/div><div class=\"w-separator size_small with_line width_default thick_1 style_solid color_border align_center\"><div class=\"w-separator-h\"><\/div><\/div><\/div><\/div><\/div><\/div><\/section><section class=\"l-section wpb_row height_auto color_custom\"><div class=\"l-section-h i-cf\"><div class=\"g-cols vc_row via_grid cols_1 laptops-cols_inherit tablets-cols_inherit mobiles-cols_1 valign_top type_default stacking_default\"><div class=\"wpb_column vc_column_container\"><div class=\"vc_column-inner\"><div class=\"g-cols wpb_row via_grid cols_1-3 laptops-cols_inherit tablets-cols_inherit mobiles-cols_1 valign_top type_default stacking_default\" style=\"--columns-gap:3rem;\"><div class=\"wpb_column vc_column_container\"><div class=\"vc_column-inner\"><div class=\"w-iconbox iconpos_left style_default color_primary align_left no_text\"><div class=\"w-iconbox-icon\" style=\"font-size:30px;\"><i class=\"fas fa-star\"><\/i><\/div><div class=\"w-iconbox-meta\"><h4 class=\"w-iconbox-title\" style=\"font-size:18px;\">&lt;b&gt;GRADUATION&lt;\/b&gt;<\/h4><\/div><\/div><\/div><\/div><div class=\"wpb_column vc_column_container\"><div class=\"vc_column-inner\"><div class=\"wpb_text_column\"><div class=\"wpb_wrapper\"><ul>\n<li style=\"font-weight: 400;\"><span style=\"font-weight: 400;\">Media, with emphasis on Public Relations<\/span><\/li>\n<li style=\"font-weight: 400;\"><span style=\"font-weight: 400;\">CBA in Marketing<\/span><\/li>\n<li style=\"font-weight: 400;\"><span style=\"font-weight: 400;\">Presentation, Voiceover and Animation Technician<\/span><\/li>\n<\/ul>\n<\/div><\/div><\/div><\/div><\/div><div class=\"w-separator size_small with_line width_default thick_1 style_solid color_border align_center\"><div class=\"w-separator-h\"><\/div><\/div><\/div><\/div><\/div><\/div><\/section><section class=\"l-section wpb_row height_auto color_custom\"><div class=\"l-section-h i-cf\"><div class=\"g-cols vc_row via_grid cols_1 laptops-cols_inherit tablets-cols_inherit mobiles-cols_1 valign_top type_default stacking_default\"><div class=\"wpb_column vc_column_container\"><div class=\"vc_column-inner\"><div class=\"g-cols wpb_row via_grid cols_1-3 laptops-cols_inherit tablets-cols_inherit mobiles-cols_1 valign_top type_default stacking_default\" style=\"--columns-gap:3rem;\"><div class=\"wpb_column vc_column_container\"><div class=\"vc_column-inner\"><div class=\"w-iconbox iconpos_left style_default color_primary align_left no_text\"><div class=\"w-iconbox-icon\" style=\"font-size:30px;\"><i class=\"fas fa-star\"><\/i><\/div><div class=\"w-iconbox-meta\"><h4 class=\"w-iconbox-title\" style=\"font-size:18px;\">&lt;b&gt;LANGUAGES&lt;\/b&gt;<\/h4><\/div><\/div><\/div><\/div><div class=\"wpb_column vc_column_container\"><div class=\"vc_column-inner\"><div class=\"wpb_text_column\"><div class=\"wpb_wrapper\"><p><span style=\"font-weight: 400;\">Portuguese, English, Spanish<\/span><\/p>\n<\/div><\/div><\/div><\/div><\/div><div class=\"w-separator size_small with_line width_default thick_1 style_solid color_border align_center\"><div class=\"w-separator-h\"><\/div><\/div><\/div><\/div><\/div><\/div><\/section><section class=\"l-section wpb_row height_auto color_custom\"><div class=\"l-section-h i-cf\"><div class=\"g-cols vc_row via_grid cols_1 laptops-cols_inherit tablets-cols_inherit mobiles-cols_1 valign_top type_default stacking_default\"><div class=\"wpb_column vc_column_container\"><div class=\"vc_column-inner\"><div class=\"g-cols wpb_row via_grid cols_1-3 laptops-cols_inherit tablets-cols_inherit mobiles-cols_1 valign_top type_default stacking_default\" style=\"--columns-gap:3rem;\"><div class=\"wpb_column vc_column_container\"><div class=\"vc_column-inner\"><div class=\"w-iconbox iconpos_left style_default color_primary align_left no_text\"><div class=\"w-iconbox-icon\" style=\"font-size:30px;\"><i class=\"fas fa-star\"><\/i><\/div><div class=\"w-iconbox-meta\"><h4 class=\"w-iconbox-title\" style=\"font-size:18px;\">&lt;b&gt;INTERESTS&lt;\/b&gt;<\/h4><\/div><\/div><\/div><\/div><div class=\"wpb_column vc_column_container\"><div class=\"vc_column-inner\"><div class=\"wpb_text_column\"><div class=\"wpb_wrapper\"><p><span style=\"font-weight: 400;\">I love creating connections with places and people. My main topics of interest are artistic and cultural expressions, classical and peripheral, society, history and education.  <\/span><\/p>\n<\/div><\/div><\/div><\/div><\/div><div class=\"w-separator size_small with_line width_default thick_1 style_solid color_border align_center\"><div class=\"w-separator-h\"><\/div><\/div><\/div><\/div><\/div><\/div><\/section><section class=\"l-section wpb_row height_auto color_custom\"><div class=\"l-section-h i-cf\"><div class=\"g-cols vc_row via_grid cols_1 laptops-cols_inherit tablets-cols_inherit mobiles-cols_1 valign_top type_default stacking_default\"><div class=\"wpb_column vc_column_container\"><div class=\"vc_column-inner\"><div class=\"g-cols wpb_row via_grid cols_1-3 laptops-cols_inherit tablets-cols_inherit mobiles-cols_1 valign_top type_default stacking_default\" style=\"--columns-gap:3rem;\"><div class=\"wpb_column vc_column_container\"><div class=\"vc_column-inner\"><div class=\"w-iconbox iconpos_left style_default color_primary align_left no_text\"><div class=\"w-iconbox-icon\" style=\"font-size:30px;\"><i class=\"fas fa-star\"><\/i><\/div><div class=\"w-iconbox-meta\"><h4 class=\"w-iconbox-title\" style=\"font-size:18px;\">&lt;b&gt;WHAT I LOVE MOST ABOUT RIO&lt;\/b&gt;<\/h4><\/div><\/div><\/div><\/div><div class=\"wpb_column vc_column_container\"><div class=\"vc_column-inner\"><div class=\"wpb_text_column\"><div class=\"wpb_wrapper\"><p><span style=\"font-weight: 400;\">There is always something to do, meet or experience in Rio de Janeiro. It is a multiple city with lots of culture, history and landscapes for all kinds of tastes.  <\/span><\/p>\n<\/div><\/div><\/div><\/div><\/div><div class=\"w-separator size_small with_line width_default thick_1 style_solid color_border align_center\"><div class=\"w-separator-h\"><\/div><\/div><\/div><\/div><\/div><\/div><\/section><section class=\"l-section wpb_row height_auto color_custom\"><div class=\"l-section-h i-cf\"><div class=\"g-cols vc_row via_grid cols_1 laptops-cols_inherit tablets-cols_inherit mobiles-cols_1 valign_top type_default stacking_default\"><div class=\"wpb_column vc_column_container\"><div class=\"vc_column-inner\"><div class=\"g-cols wpb_row via_grid cols_1-3 laptops-cols_inherit tablets-cols_inherit mobiles-cols_1 valign_top type_default stacking_default\" style=\"--columns-gap:3rem;\"><div class=\"wpb_column vc_column_container\"><div class=\"vc_column-inner\"><div class=\"w-iconbox iconpos_left style_default color_primary align_left no_text\"><div class=\"w-iconbox-icon\" style=\"font-size:30px;\"><i class=\"fas fa-star\"><\/i><\/div><div class=\"w-iconbox-meta\"><h4 class=\"w-iconbox-title\" style=\"font-size:18px;\">&lt;b&gt;TOP TIPS FROM RIO&lt;\/b&gt;<\/h4><\/div><\/div><\/div><\/div><div class=\"wpb_column vc_column_container\"><div class=\"vc_column-inner\"><div class=\"wpb_text_column\"><div class=\"wpb_wrapper\"><p><span style=\"font-weight: 400;\">Be sure to take a complete guided tour in downtown Rio, go to the wild beaches of the West Zone, eat a fish and practice Stand Up Paddle in the mangrove, enjoy the Samba do Trabalhador in the North Zone of the city, spend an afternoon in the bucolic and artistic neighborhood of Santa Teresa and enjoy the sunset sugar loaf.  <\/span><\/p>\n<\/div><\/div><\/div><\/div><\/div><div class=\"w-separator size_small\"><\/div><\/div><\/div><\/div><\/div><\/section>\n","protected":false},"excerpt":{"rendered":"Daniela&lt;b&gt;HOBBIES&lt;\/b&gt;Graffiti, go to museums or cultural centers, have a cold beer with friends, enjoy a good samba, try new coffee shops, enjoy the sunrise and sunset and connect with nature. &lt;b&gt;GRADUATION&lt;\/b&gt; Media, with emphasis on Public Relations CBA in Marketing Presentation, Voiceover and Animation Technician &lt;b&gt;LANGUAGES&lt;\/b&gt;Portuguese, English, Spanish &lt;b&gt;INTERESTS&lt;\/b&gt;I love creating connections with places and...","protected":false},"author":4,"featured_media":0,"parent":10129,"menu_order":0,"comment_status":"closed","ping_status":"closed","template":"","meta":{"_acf_changed":false,"_joinchat":[],"footnotes":""},"class_list":["post-10140","page","type-page","status-publish","hentry"],"acf":[],"yoast_head":"<!-- This site is optimized with the Yoast SEO plugin v27.3 - https:\/\/yoast.com\/product\/yoast-seo-wordpress\/ -->\n<title>Daniela - Travel Studio<\/title>\n<meta name=\"robots\" content=\"index, follow, max-snippet:-1, max-image-preview:large, max-video-preview:-1\" \/>\n<link rel=\"canonical\" href=\"https:\/\/travelstudio.com.br\/en\/meet-our-guides\/daniela\/\" \/>\n<meta property=\"og:locale\" content=\"en_US\" \/>\n<meta property=\"og:type\" content=\"article\" \/>\n<meta property=\"og:title\" content=\"Daniela - Travel Studio\" \/>\n<meta property=\"og:url\" content=\"https:\/\/travelstudio.com.br\/en\/meet-our-guides\/daniela\/\" \/>\n<meta property=\"og:site_name\" content=\"Travel Studio\" \/>\n<meta property=\"article:publisher\" content=\"https:\/\/www.facebook.com\/travelstudio.br\" \/>\n<meta property=\"article:modified_time\" content=\"2022-03-10T18:28:13+00:00\" \/>\n<meta name=\"twitter:card\" content=\"summary_large_image\" \/>\n<meta name=\"twitter:label1\" content=\"Est. reading time\" \/>\n\t<meta name=\"twitter:data1\" content=\"3 minutes\" \/>\n<script type=\"application\/ld+json\" class=\"yoast-schema-graph\">{\"@context\":\"https:\\\/\\\/schema.org\",\"@graph\":[{\"@type\":\"WebPage\",\"@id\":\"https:\\\/\\\/travelstudio.com.br\\\/en\\\/meet-our-guides\\\/daniela\\\/\",\"url\":\"https:\\\/\\\/travelstudio.com.br\\\/en\\\/meet-our-guides\\\/daniela\\\/\",\"name\":\"Daniela - Travel Studio\",\"isPartOf\":{\"@id\":\"https:\\\/\\\/travelstudio.com.br\\\/en\\\/#website\"},\"datePublished\":\"2021-01-13T23:22:05+00:00\",\"dateModified\":\"2022-03-10T18:28:13+00:00\",\"breadcrumb\":{\"@id\":\"https:\\\/\\\/travelstudio.com.br\\\/en\\\/meet-our-guides\\\/daniela\\\/#breadcrumb\"},\"inLanguage\":\"en-US\",\"potentialAction\":[{\"@type\":\"ReadAction\",\"target\":[\"https:\\\/\\\/travelstudio.com.br\\\/en\\\/meet-our-guides\\\/daniela\\\/\"]}]},{\"@type\":\"BreadcrumbList\",\"@id\":\"https:\\\/\\\/travelstudio.com.br\\\/en\\\/meet-our-guides\\\/daniela\\\/#breadcrumb\",\"itemListElement\":[{\"@type\":\"ListItem\",\"position\":1,\"name\":\"In\u00edcio\",\"item\":\"https:\\\/\\\/travelstudio.com.br\\\/en\\\/\"},{\"@type\":\"ListItem\",\"position\":2,\"name\":\"Meet our Guides\",\"item\":\"https:\\\/\\\/travelstudio.com.br\\\/en\\\/meet-our-guides\\\/\"},{\"@type\":\"ListItem\",\"position\":3,\"name\":\"Daniela\"}]},{\"@type\":\"WebSite\",\"@id\":\"https:\\\/\\\/travelstudio.com.br\\\/en\\\/#website\",\"url\":\"https:\\\/\\\/travelstudio.com.br\\\/en\\\/\",\"name\":\"Travel Studio\",\"description\":\"Ag\u00eancia Turismo Receptivo no Rio de Janeiro, especializada em customiza\u00e7\u00e3o de passeios.\",\"potentialAction\":[{\"@type\":\"SearchAction\",\"target\":{\"@type\":\"EntryPoint\",\"urlTemplate\":\"https:\\\/\\\/travelstudio.com.br\\\/en\\\/?s={search_term_string}\"},\"query-input\":{\"@type\":\"PropertyValueSpecification\",\"valueRequired\":true,\"valueName\":\"search_term_string\"}}],\"inLanguage\":\"en-US\"}]}<\/script>\n<!-- \/ Yoast SEO plugin. -->","yoast_head_json":{"title":"Daniela - Travel Studio","robots":{"index":"index","follow":"follow","max-snippet":"max-snippet:-1","max-image-preview":"max-image-preview:large","max-video-preview":"max-video-preview:-1"},"canonical":"https:\/\/travelstudio.com.br\/en\/meet-our-guides\/daniela\/","og_locale":"en_US","og_type":"article","og_title":"Daniela - Travel Studio","og_url":"https:\/\/travelstudio.com.br\/en\/meet-our-guides\/daniela\/","og_site_name":"Travel Studio","article_publisher":"https:\/\/www.facebook.com\/travelstudio.br","article_modified_time":"2022-03-10T18:28:13+00:00","twitter_card":"summary_large_image","twitter_misc":{"Est. reading time":"3 minutes"},"schema":{"@context":"https:\/\/schema.org","@graph":[{"@type":"WebPage","@id":"https:\/\/travelstudio.com.br\/en\/meet-our-guides\/daniela\/","url":"https:\/\/travelstudio.com.br\/en\/meet-our-guides\/daniela\/","name":"Daniela - Travel Studio","isPartOf":{"@id":"https:\/\/travelstudio.com.br\/en\/#website"},"datePublished":"2021-01-13T23:22:05+00:00","dateModified":"2022-03-10T18:28:13+00:00","breadcrumb":{"@id":"https:\/\/travelstudio.com.br\/en\/meet-our-guides\/daniela\/#breadcrumb"},"inLanguage":"en-US","potentialAction":[{"@type":"ReadAction","target":["https:\/\/travelstudio.com.br\/en\/meet-our-guides\/daniela\/"]}]},{"@type":"BreadcrumbList","@id":"https:\/\/travelstudio.com.br\/en\/meet-our-guides\/daniela\/#breadcrumb","itemListElement":[{"@type":"ListItem","position":1,"name":"In\u00edcio","item":"https:\/\/travelstudio.com.br\/en\/"},{"@type":"ListItem","position":2,"name":"Meet our Guides","item":"https:\/\/travelstudio.com.br\/en\/meet-our-guides\/"},{"@type":"ListItem","position":3,"name":"Daniela"}]},{"@type":"WebSite","@id":"https:\/\/travelstudio.com.br\/en\/#website","url":"https:\/\/travelstudio.com.br\/en\/","name":"Travel Studio","description":"Ag\u00eancia Turismo Receptivo no Rio de Janeiro, especializada em customiza\u00e7\u00e3o de passeios.","potentialAction":[{"@type":"SearchAction","target":{"@type":"EntryPoint","urlTemplate":"https:\/\/travelstudio.com.br\/en\/?s={search_term_string}"},"query-input":{"@type":"PropertyValueSpecification","valueRequired":true,"valueName":"search_term_string"}}],"inLanguage":"en-US"}]}},"_links":{"self":[{"href":"https:\/\/travelstudio.com.br\/en\/wp-json\/wp\/v2\/pages\/10140","targetHints":{"allow":["GET"]}}],"collection":[{"href":"https:\/\/travelstudio.com.br\/en\/wp-json\/wp\/v2\/pages"}],"about":[{"href":"https:\/\/travelstudio.com.br\/en\/wp-json\/wp\/v2\/types\/page"}],"author":[{"embeddable":true,"href":"https:\/\/travelstudio.com.br\/en\/wp-json\/wp\/v2\/users\/4"}],"replies":[{"embeddable":true,"href":"https:\/\/travelstudio.com.br\/en\/wp-json\/wp\/v2\/comments?post=10140"}],"version-history":[{"count":4,"href":"https:\/\/travelstudio.com.br\/en\/wp-json\/wp\/v2\/pages\/10140\/revisions"}],"predecessor-version":[{"id":10145,"href":"https:\/\/travelstudio.com.br\/en\/wp-json\/wp\/v2\/pages\/10140\/revisions\/10145"}],"up":[{"embeddable":true,"href":"https:\/\/travelstudio.com.br\/en\/wp-json\/wp\/v2\/pages\/10129"}],"wp:attachment":[{"href":"https:\/\/travelstudio.com.br\/en\/wp-json\/wp\/v2\/media?parent=10140"}],"curies":[{"name":"wp","href":"https:\/\/api.w.org\/{rel}","templated":true}]}}