{"id":10115,"date":"2019-10-28T23:11:18","date_gmt":"2019-10-28T23:11:18","guid":{"rendered":"http:\/\/travelstudio.com.br\/activities-tours-in-rio-de-janeiro\/cities-near-rio\/"},"modified":"2024-09-18T12:06:23","modified_gmt":"2024-09-18T12:06:23","slug":"cities-near-rio","status":"publish","type":"page","link":"https:\/\/travelstudio.com.br\/en\/activities-tours-in-rio-de-janeiro\/cities-near-rio\/","title":{"rendered":"Cities Near Rio"},"content":{"rendered":"<section class=\"l-section wpb_row height_medium color_primary with_img\"><div class=\"l-section-img\" role=\"img\" aria-label=\"Image\" data-img-width=\"1400\" data-img-height=\"525\" style=\"background-image: url(https:\/\/travelstudio.com.br\/wp-content\/uploads\/2020\/12\/cidades_proximas_rio_de_janeiro-3.jpg);background-repeat: no-repeat;\"><\/div><div class=\"l-section-overlay\" style=\"background:rgba(0,0,0,0.50)\"><\/div><div class=\"l-section-h i-cf\"><div class=\"g-cols vc_row via_grid cols_1 laptops-cols_inherit tablets-cols_inherit mobiles-cols_1 valign_top type_default stacking_default\"><div class=\"wpb_column vc_column_container\"><div class=\"vc_column-inner\"><h2 class=\"w-post-elm post_title align_center entry-title color_link_inherit\">Cities Near Rio<\/h2><div class=\"wpb_text_column\"><div class=\"wpb_wrapper\"><nav class=\"g-breadcrumbs separator_icon align_center\" itemscope itemtype=\"http:\/\/schema.org\/BreadcrumbList\"><div class=\"g-breadcrumbs-item\" itemscope itemprop=\"itemListElement\" itemtype=\"http:\/\/schema.org\/ListItem\"><a itemprop=\"item\" href=\"http:\/\/travelstudio.com.br\/en\/\"><span itemprop=\"name\">Home<\/span><\/a><meta itemprop=\"position\" content=\"1\"\/><\/div><div class=\"g-breadcrumbs-separator\"><i class=\"far fa-angle-right\"><\/i><\/div><div class=\"g-breadcrumbs-item\">Pages<\/div><\/nav>\n<\/div><\/div><\/div><\/div><\/div><\/div><\/section><section class=\"l-section wpb_row us_custom_136ee567 height_medium\"><div class=\"l-section-h i-cf\"><div class=\"g-cols vc_row via_grid cols_1 laptops-cols_inherit tablets-cols_inherit mobiles-cols_1 valign_top type_default stacking_default\"><div class=\"wpb_column vc_column_container\"><div class=\"vc_column-inner\"><div id=\"ultimate-heading-25869e2e00c2683b\" class=\"uvc-heading ult-adjust-bottom-margin ultimate-heading-25869e2e00c2683b uvc-426 \" data-hspacer=\"line_only\"  data-halign=\"left\" style=\"text-align:left\"><div class=\"uvc-main-heading ult-responsive\"  data-ultimate-target='.uvc-heading.ultimate-heading-25869e2e00c2683b p'  data-responsive-json-new='{\"font-size\":\"desktop:20px;\",\"line-height\":\"desktop:40px;\"}' ><p style=\"font-weight:bold;\">Cities Near Rio de Janeiro<\/p><\/div><div class=\"uvc-heading-spacer line_only\" style=\"topheight:1px;\"><span class=\"uvc-headings-line\" style=\"border-style:solid;border-bottom-width:1px;border-color:#b2d452;width:100px;\"><\/span><\/div><\/div><div class=\"w-separator size_medium\"><\/div><div class=\"wpb_text_column\"><div class=\"wpb_wrapper\"><p>No matter how much you google a place, there&#8217;s information that only places and travel experts know. That&#8217;s why we gathered on our tours throughout the State of Rio de Janeiro the best transportation services, lodging and activities. Believe us, with our tours of the State of Rio you won&#8217;t have to worry about anything else but having fun.<\/p>\n<p>Come make out with us!<\/p>\n<\/div><\/div><\/div><\/div><\/div><\/div><\/section><section class=\"l-section wpb_row height_medium\"><div class=\"l-section-h i-cf\"><div class=\"g-cols vc_row via_grid cols_1 laptops-cols_inherit tablets-cols_inherit mobiles-cols_1 valign_top type_default stacking_default\"><div class=\"wpb_column vc_column_container\"><div class=\"vc_column-inner\"><div class=\"w-grid us_grid type_grid layout_1799 hidden cols_1 pagination_ajax preload_style_spinner\" id=\"us_grid_1\" style=\"--columns:1;--gap:1.5rem;\" data-filterable=\"true\"><style>.layout_1799 .w-grid-item-h{}@media(max-width:479px){.layout_1799 .usg_post_image_1{display:none!important}}<\/style><div class=\"w-grid-list\"><\/div>\t<div class=\"w-grid-preloader\">\r\n\t\t<div class=\"g-preloader type_1\">\r\n\t\t\t<div><\/div>\r\n\t\t<\/div>\r\n\t<\/div>\r\n\t\t<div class=\"w-grid-json hidden\" onclick='return {&quot;action&quot;:&quot;us_ajax_grid&quot;,&quot;infinite_scroll&quot;:0,&quot;max_num_pages&quot;:0,&quot;pagination&quot;:&quot;ajax&quot;,&quot;template_vars&quot;:{&quot;columns&quot;:&quot;1&quot;,&quot;exclude_items&quot;:&quot;none&quot;,&quot;img_size&quot;:&quot;default&quot;,&quot;ignore_items_size&quot;:0,&quot;items_layout&quot;:&quot;1799&quot;,&quot;items_offset&quot;:&quot;1&quot;,&quot;load_animation&quot;:&quot;none&quot;,&quot;overriding_link&quot;:&quot;{\\&quot;url\\&quot;:\\&quot;\\&quot;}&quot;,&quot;post_id&quot;:0,&quot;query_args&quot;:{&quot;post_type&quot;:[&quot;product&quot;],&quot;tax_query&quot;:[{&quot;taxonomy&quot;:&quot;product_cat&quot;,&quot;field&quot;:&quot;slug&quot;,&quot;terms&quot;:[&quot;nearby cities&quot;]},{&quot;taxonomy&quot;:&quot;product_visibility&quot;,&quot;field&quot;:&quot;slug&quot;,&quot;terms&quot;:[&quot;exclude-from-catalog&quot;],&quot;operator&quot;:&quot;NOT IN&quot;}],&quot;post_status&quot;:[&quot;publish&quot;,&quot;acf-disabled&quot;,&quot;complete&quot;,&quot;paid&quot;,&quot;confirmed&quot;,&quot;unpaid&quot;,&quot;pending-confirmation&quot;,&quot;cancelled&quot;],&quot;meta_query&quot;:[],&quot;posts_per_page&quot;:&quot;10&quot;},&quot;orderby_query_args&quot;:{&quot;orderby&quot;:{&quot;date&quot;:&quot;DESC&quot;}},&quot;type&quot;:&quot;grid&quot;,&quot;us_grid_post_type&quot;:&quot;product&quot;,&quot;us_grid_ajax_index&quot;:1,&quot;us_grid_filter_query_string&quot;:null,&quot;us_grid_index&quot;:1,&quot;page_args&quot;:[],&quot;lang&quot;:&quot;en&quot;}}'><\/div>\r\n\t<\/div><div class=\"w-grid-none type_message\">More transport options coming soon<\/div><\/div><\/div><\/div><\/div><\/section><section class=\"l-section wpb_row height_medium\"><div class=\"l-section-h i-cf\"><div class=\"g-cols vc_row via_grid cols_1 laptops-cols_inherit tablets-cols_inherit mobiles-cols_1 valign_top type_default stacking_default\"><div class=\"wpb_column vc_column_container\"><div class=\"vc_column-inner\"><div id=\"ultimate-heading-1269e2e00c295d8\" class=\"uvc-heading ult-adjust-bottom-margin ultimate-heading-1269e2e00c295d8 uvc-8092 \" data-hspacer=\"line_only\"  data-halign=\"left\" style=\"text-align:left\"><div class=\"uvc-main-heading ult-responsive\"  data-ultimate-target='.uvc-heading.ultimate-heading-1269e2e00c295d8 p'  data-responsive-json-new='{\"font-size\":\"desktop:20px;\",\"line-height\":\"desktop:40px;\"}' ><p style=\"font-weight:bold;\">LAST POSTS<\/p><\/div><div class=\"uvc-heading-spacer line_only\" style=\"topheight:1px;\"><span class=\"uvc-headings-line\" style=\"border-style:solid;border-bottom-width:1px;border-color:#b2d452;width:100px;\"><\/span><\/div><\/div><div class=\"w-separator size_medium\"><\/div><div class=\"w-grid us_carousel type_carousel layout_2662 overflow_hidden preload_style_spinner items_3\" id=\"us_grid_2\" style=\"--items:3;--gap:1.5rem;\"><style>.layout_2662 .w-grid-item-h{background:#ffffff;box-shadow:0 0rem 0rem rgba(0,0,0,0.1),0 0rem 0rem rgba(0,0,0,0.1);transition-duration:0.3s}.no-touch .layout_2662 .w-grid-item-h:hover{box-shadow:0 0.15rem 0.3rem rgba(0,0,0,0.1),0 0.5rem 1.5rem rgba(0,0,0,0.15);z-index:4}<\/style><div class=\"w-grid-list owl-carousel valign_stretch dotstyle_circle navstyle_circle arrows-ver-pos_middle arrows-hor-pos_on_sides_outside arrows-disabled_hide owl-responsive-2000\" style=\"--transition-duration:350ms;\">\t<article class=\"w-grid-item post-10290 post type-post status-publish format-standard has-post-thumbnail hentry category-rio-de-janeiro-tourist-guide category-transport\" data-id=\"10290\">\r\n\t\t<div class=\"w-grid-item-h\">\r\n\t\t\t\t\t\t<div class=\"w-post-elm post_image usg_post_image_1 stretched\"><a href=\"https:\/\/travelstudio.com.br\/en\/santa-teresa-cable-car\/\" aria-label=\"SANTA TERESA CABLE CAR\"><img decoding=\"async\" width=\"992\" height=\"363\" src=\"https:\/\/travelstudio.com.br\/wp-content\/uploads\/2020\/02\/Como-chegar-Rio-de-Janeiro.jpg\" class=\"attachment-large size-large wp-post-image\" alt=\"\" srcset=\"https:\/\/travelstudio.com.br\/wp-content\/uploads\/2020\/02\/Como-chegar-Rio-de-Janeiro.jpg 992w, https:\/\/travelstudio.com.br\/wp-content\/uploads\/2020\/02\/Como-chegar-Rio-de-Janeiro-300x110.jpg 300w, https:\/\/travelstudio.com.br\/wp-content\/uploads\/2020\/02\/Como-chegar-Rio-de-Janeiro-600x220.jpg 600w\" sizes=\"(max-width: 992px) 100vw, 992px\" \/><\/a><\/div><div class=\"w-vwrapper usg_vwrapper_1 align_center valign_top\"><h2 class=\"w-post-elm post_title usg_post_title_1 entry-title color_link_inherit\"><a href=\"https:\/\/travelstudio.com.br\/en\/santa-teresa-cable-car\/\">SANTA TERESA CABLE CAR<\/a><\/h2><time class=\"w-post-elm post_date usg_post_date_1 entry-date updated\" datetime=\"2024-09-11T18:38:55+00:00\">09\/11\/2024<\/time><a class=\"w-btn us-btn-style_4 usg_btn_1\" href=\"https:\/\/travelstudio.com.br\/en\/santa-teresa-cable-car\/\"><span class=\"w-btn-label\">Ler Mais<\/span><\/a><\/div>\t\t<\/div>\r\n\t\t\t<\/article>\r\n\t<article class=\"w-grid-item post-10293 post type-post status-publish format-standard has-post-thumbnail hentry category-rio-de-janeiro-tourist-guide category-transport\" data-id=\"10293\">\r\n\t\t<div class=\"w-grid-item-h\">\r\n\t\t\t\t\t\t<div class=\"w-post-elm post_image usg_post_image_1 stretched\"><a href=\"https:\/\/travelstudio.com.br\/en\/vats-rio-niteroi\/\" aria-label=\"RIO-NITER\u00d3I FERRIES\"><img decoding=\"async\" width=\"872\" height=\"298\" src=\"https:\/\/travelstudio.com.br\/wp-content\/uploads\/2020\/04\/barcas-rio-blog.jpg\" class=\"attachment-large size-large wp-post-image\" alt=\"\" \/><\/a><\/div><div class=\"w-vwrapper usg_vwrapper_1 align_center valign_top\"><h2 class=\"w-post-elm post_title usg_post_title_1 entry-title color_link_inherit\"><a href=\"https:\/\/travelstudio.com.br\/en\/vats-rio-niteroi\/\">RIO-NITER\u00d3I FERRIES<\/a><\/h2><time class=\"w-post-elm post_date usg_post_date_1 entry-date updated\" datetime=\"2026-02-26T12:44:17+00:00\">02\/26\/2026<\/time><a class=\"w-btn us-btn-style_4 usg_btn_1\" href=\"https:\/\/travelstudio.com.br\/en\/vats-rio-niteroi\/\"><span class=\"w-btn-label\">Ler Mais<\/span><\/a><\/div>\t\t<\/div>\r\n\t\t\t<\/article>\r\n\t<article class=\"w-grid-item post-10296 post type-post status-publish format-standard has-post-thumbnail hentry category-rio-de-janeiro-tourist-guide category-transport\" data-id=\"10296\">\r\n\t\t<div class=\"w-grid-item-h\">\r\n\t\t\t\t\t\t<div class=\"w-post-elm post_image usg_post_image_1 stretched\"><a href=\"https:\/\/travelstudio.com.br\/en\/train-rio-de-janeiro\/\" aria-label=\"TRAIN RIO DE JANEIRO\"><img decoding=\"async\" width=\"768\" height=\"510\" src=\"https:\/\/travelstudio.com.br\/wp-content\/uploads\/2020\/04\/trem_guia_viagem_Rio.jpg\" class=\"attachment-large size-large wp-post-image\" alt=\"\" srcset=\"https:\/\/travelstudio.com.br\/wp-content\/uploads\/2020\/04\/trem_guia_viagem_Rio.jpg 768w, https:\/\/travelstudio.com.br\/wp-content\/uploads\/2020\/04\/trem_guia_viagem_Rio-300x199.jpg 300w, https:\/\/travelstudio.com.br\/wp-content\/uploads\/2020\/04\/trem_guia_viagem_Rio-600x398.jpg 600w\" sizes=\"(max-width: 768px) 100vw, 768px\" \/><\/a><\/div><div class=\"w-vwrapper usg_vwrapper_1 align_center valign_top\"><h2 class=\"w-post-elm post_title usg_post_title_1 entry-title color_link_inherit\"><a href=\"https:\/\/travelstudio.com.br\/en\/train-rio-de-janeiro\/\">TRAIN RIO DE JANEIRO<\/a><\/h2><time class=\"w-post-elm post_date usg_post_date_1 entry-date updated\" datetime=\"2026-02-26T12:44:13+00:00\">02\/26\/2026<\/time><a class=\"w-btn us-btn-style_4 usg_btn_1\" href=\"https:\/\/travelstudio.com.br\/en\/train-rio-de-janeiro\/\"><span class=\"w-btn-label\">Ler Mais<\/span><\/a><\/div>\t\t<\/div>\r\n\t\t\t<\/article>\r\n\t<article class=\"w-grid-item post-10300 post type-post status-publish format-standard has-post-thumbnail hentry category-rio-de-janeiro-tourist-guide category-transport\" data-id=\"10300\">\r\n\t\t<div class=\"w-grid-item-h\">\r\n\t\t\t\t\t\t<div class=\"w-post-elm post_image usg_post_image_1 stretched\"><a href=\"https:\/\/travelstudio.com.br\/en\/vlt-rio-de-janeiro\/\" aria-label=\"VLT RIO DE JANEIRO\"><img decoding=\"async\" width=\"1024\" height=\"411\" src=\"https:\/\/travelstudio.com.br\/wp-content\/uploads\/2020\/04\/VLT_bondemoderno-1024x411.jpg\" class=\"attachment-large size-large wp-post-image\" alt=\"\" srcset=\"https:\/\/travelstudio.com.br\/wp-content\/uploads\/2020\/04\/VLT_bondemoderno-1024x411.jpg 1024w, https:\/\/travelstudio.com.br\/wp-content\/uploads\/2020\/04\/VLT_bondemoderno-300x120.jpg 300w, https:\/\/travelstudio.com.br\/wp-content\/uploads\/2020\/04\/VLT_bondemoderno-600x241.jpg 600w, https:\/\/travelstudio.com.br\/wp-content\/uploads\/2020\/04\/VLT_bondemoderno.jpg 1920w\" sizes=\"(max-width: 1024px) 100vw, 1024px\" \/><\/a><\/div><div class=\"w-vwrapper usg_vwrapper_1 align_center valign_top\"><h2 class=\"w-post-elm post_title usg_post_title_1 entry-title color_link_inherit\"><a href=\"https:\/\/travelstudio.com.br\/en\/vlt-rio-de-janeiro\/\">VLT RIO DE JANEIRO<\/a><\/h2><time class=\"w-post-elm post_date usg_post_date_1 entry-date updated\" datetime=\"2026-02-26T12:44:08+00:00\">02\/26\/2026<\/time><a class=\"w-btn us-btn-style_4 usg_btn_1\" href=\"https:\/\/travelstudio.com.br\/en\/vlt-rio-de-janeiro\/\"><span class=\"w-btn-label\">Ler Mais<\/span><\/a><\/div>\t\t<\/div>\r\n\t\t\t<\/article>\r\n\t<article class=\"w-grid-item post-10303 post type-post status-publish format-standard has-post-thumbnail hentry category-transport\" data-id=\"10303\">\r\n\t\t<div class=\"w-grid-item-h\">\r\n\t\t\t\t\t\t<div class=\"w-post-elm post_image usg_post_image_1 stretched\"><a href=\"https:\/\/travelstudio.com.br\/en\/brt-rio-de-janeiro\/\" aria-label=\"BRT RIO DE JANEIRO\"><img decoding=\"async\" width=\"1024\" height=\"360\" src=\"https:\/\/travelstudio.com.br\/wp-content\/uploads\/2020\/04\/brt-rio-transporte-1024x360.jpg\" class=\"attachment-large size-large wp-post-image\" alt=\"\" srcset=\"https:\/\/travelstudio.com.br\/wp-content\/uploads\/2020\/04\/brt-rio-transporte.jpg 1024w, https:\/\/travelstudio.com.br\/wp-content\/uploads\/2020\/04\/brt-rio-transporte-300x105.jpg 300w, https:\/\/travelstudio.com.br\/wp-content\/uploads\/2020\/04\/brt-rio-transporte-600x211.jpg 600w\" sizes=\"(max-width: 1024px) 100vw, 1024px\" \/><\/a><\/div><div class=\"w-vwrapper usg_vwrapper_1 align_center valign_top\"><h2 class=\"w-post-elm post_title usg_post_title_1 entry-title color_link_inherit\"><a href=\"https:\/\/travelstudio.com.br\/en\/brt-rio-de-janeiro\/\">BRT RIO DE JANEIRO<\/a><\/h2><time class=\"w-post-elm post_date usg_post_date_1 entry-date updated\" datetime=\"2026-02-26T12:44:04+00:00\">02\/26\/2026<\/time><a class=\"w-btn us-btn-style_4 usg_btn_1\" href=\"https:\/\/travelstudio.com.br\/en\/brt-rio-de-janeiro\/\"><span class=\"w-btn-label\">Ler Mais<\/span><\/a><\/div>\t\t<\/div>\r\n\t\t\t<\/article>\r\n\t<article class=\"w-grid-item post-10307 post type-post status-publish format-standard has-post-thumbnail hentry category-rio-de-janeiro-tourist-guide category-transport\" data-id=\"10307\">\r\n\t\t<div class=\"w-grid-item-h\">\r\n\t\t\t\t\t\t<div class=\"w-post-elm post_image usg_post_image_1 stretched\"><a href=\"https:\/\/travelstudio.com.br\/en\/rio-de-janeiro-subway\/\" aria-label=\"RIO DE JANEIRO SUBWAY\"><img decoding=\"async\" width=\"1024\" height=\"768\" src=\"https:\/\/travelstudio.com.br\/wp-content\/uploads\/2020\/03\/transporte-rj-1024x768.jpg\" class=\"attachment-large size-large wp-post-image\" alt=\"\" srcset=\"https:\/\/travelstudio.com.br\/wp-content\/uploads\/2020\/03\/transporte-rj.jpg 1024w, https:\/\/travelstudio.com.br\/wp-content\/uploads\/2020\/03\/transporte-rj-300x225.jpg 300w, https:\/\/travelstudio.com.br\/wp-content\/uploads\/2020\/03\/transporte-rj-600x450.jpg 600w\" sizes=\"(max-width: 1024px) 100vw, 1024px\" \/><\/a><\/div><div class=\"w-vwrapper usg_vwrapper_1 align_center valign_top\"><h2 class=\"w-post-elm post_title usg_post_title_1 entry-title color_link_inherit\"><a href=\"https:\/\/travelstudio.com.br\/en\/rio-de-janeiro-subway\/\">RIO DE JANEIRO SUBWAY<\/a><\/h2><time class=\"w-post-elm post_date usg_post_date_1 entry-date updated\" datetime=\"2024-09-12T11:33:53+00:00\">09\/12\/2024<\/time><a class=\"w-btn us-btn-style_4 usg_btn_1\" href=\"https:\/\/travelstudio.com.br\/en\/rio-de-janeiro-subway\/\"><span class=\"w-btn-label\">Ler Mais<\/span><\/a><\/div>\t\t<\/div>\r\n\t\t\t<\/article>\r\n<\/div><div class=\"w-grid-carousel-json hidden\" onclick='return {&quot;carousel_settings&quot;:{&quot;aria_labels&quot;:{&quot;prev&quot;:&quot;Previous&quot;,&quot;next&quot;:&quot;Next&quot;},&quot;autoplayContinual&quot;:false,&quot;autoplayHoverPause&quot;:false,&quot;autoplayTimeout&quot;:3000,&quot;autoWidth&quot;:false,&quot;smartSpeed&quot;:350,&quot;margin&quot;:0,&quot;mouseDrag&quot;:true,&quot;rtl&quot;:false,&quot;slideBy&quot;:&quot;1&quot;,&quot;touchDrag&quot;:true,&quot;slideTransition&quot;:&quot;&quot;,&quot;responsive&quot;:{&quot;0&quot;:{&quot;autoHeight&quot;:false,&quot;autoplay&quot;:true,&quot;autoWidth&quot;:false,&quot;center&quot;:false,&quot;dots&quot;:false,&quot;items&quot;:1,&quot;loop&quot;:true,&quot;nav&quot;:false,&quot;stagePadding&quot;:0,&quot;slideBy&quot;:&quot;1&quot;},&quot;601&quot;:{&quot;autoHeight&quot;:false,&quot;autoplay&quot;:true,&quot;autoWidth&quot;:false,&quot;center&quot;:false,&quot;dots&quot;:false,&quot;items&quot;:2,&quot;loop&quot;:true,&quot;nav&quot;:false,&quot;stagePadding&quot;:0,&quot;slideBy&quot;:&quot;1&quot;},&quot;1025&quot;:{&quot;autoHeight&quot;:false,&quot;autoplay&quot;:true,&quot;autoWidth&quot;:false,&quot;center&quot;:false,&quot;dots&quot;:false,&quot;items&quot;:3,&quot;loop&quot;:true,&quot;nav&quot;:false,&quot;stagePadding&quot;:0,&quot;slideBy&quot;:&quot;1&quot;},&quot;1281&quot;:{&quot;items&quot;:3,&quot;autoplay&quot;:true,&quot;center&quot;:false,&quot;dots&quot;:false,&quot;nav&quot;:false,&quot;autoHeight&quot;:false,&quot;autoWidth&quot;:false,&quot;loop&quot;:true,&quot;stagePadding&quot;:0}}}}'><\/div><\/div><\/div><\/div><\/div><\/div><\/section>\n","protected":false},"excerpt":{"rendered":"RIO DE JANEIRO SUBWAYHomePages RIO DE JANEIRO METRO A GREAT OPTION FOR LOCOMOTIONThere are three subway lines in Rio de Janeiro: lines 1, 2 and 4, which connect the central region to the north, south and west areas of the city. The route is made in two main extensions, operated by trains identified with the...","protected":false},"author":7,"featured_media":0,"parent":10095,"menu_order":0,"comment_status":"closed","ping_status":"closed","template":"","meta":{"_acf_changed":false,"_joinchat":[],"footnotes":""},"class_list":["post-10115","page","type-page","status-publish","hentry"],"acf":[],"yoast_head":"<!-- This site is optimized with the Yoast SEO plugin v27.4 - https:\/\/yoast.com\/product\/yoast-seo-wordpress\/ -->\n<title>Get to know the cities near Rio - book now with Travel Studio<\/title>\n<meta name=\"description\" content=\"We gather on our tours in the State of Rio de Janeiro the best in the main cities: Buzios, Arraial, Ilha Grande.Come enjoy with us!\" \/>\n<meta name=\"robots\" content=\"index, follow, max-snippet:-1, max-image-preview:large, max-video-preview:-1\" \/>\n<link rel=\"canonical\" href=\"https:\/\/travelstudio.com.br\/en\/activities-tours-in-rio-de-janeiro\/cities-near-rio\/\" \/>\n<meta property=\"og:locale\" content=\"en_US\" \/>\n<meta property=\"og:type\" content=\"article\" \/>\n<meta property=\"og:title\" content=\"Get to know the cities near Rio - book now with Travel Studio\" \/>\n<meta property=\"og:description\" content=\"We gather on our tours in the State of Rio de Janeiro the best in the main cities: Buzios, Arraial, Ilha Grande.Come enjoy with us!\" \/>\n<meta property=\"og:url\" content=\"https:\/\/travelstudio.com.br\/en\/activities-tours-in-rio-de-janeiro\/cities-near-rio\/\" \/>\n<meta property=\"og:site_name\" content=\"Travel Studio\" \/>\n<meta property=\"article:publisher\" content=\"https:\/\/www.facebook.com\/travelstudio.br\" \/>\n<meta property=\"article:modified_time\" content=\"2024-09-18T12:06:23+00:00\" \/>\n<meta name=\"twitter:card\" content=\"summary_large_image\" \/>\n<meta name=\"twitter:label1\" content=\"Est. reading time\" \/>\n\t<meta name=\"twitter:data1\" content=\"1 minute\" \/>\n<script type=\"application\/ld+json\" class=\"yoast-schema-graph\">{\"@context\":\"https:\\\/\\\/schema.org\",\"@graph\":[{\"@type\":\"WebPage\",\"@id\":\"https:\\\/\\\/travelstudio.com.br\\\/en\\\/activities-tours-in-rio-de-janeiro\\\/cities-near-rio\\\/\",\"url\":\"https:\\\/\\\/travelstudio.com.br\\\/en\\\/activities-tours-in-rio-de-janeiro\\\/cities-near-rio\\\/\",\"name\":\"Get to know the cities near Rio - book now with Travel Studio\",\"isPartOf\":{\"@id\":\"https:\\\/\\\/travelstudio.com.br\\\/en\\\/#website\"},\"datePublished\":\"2019-10-28T23:11:18+00:00\",\"dateModified\":\"2024-09-18T12:06:23+00:00\",\"description\":\"We gather on our tours in the State of Rio de Janeiro the best in the main cities: Buzios, Arraial, Ilha Grande.Come enjoy with us!\",\"breadcrumb\":{\"@id\":\"https:\\\/\\\/travelstudio.com.br\\\/en\\\/activities-tours-in-rio-de-janeiro\\\/cities-near-rio\\\/#breadcrumb\"},\"inLanguage\":\"en-US\",\"potentialAction\":[{\"@type\":\"ReadAction\",\"target\":[\"https:\\\/\\\/travelstudio.com.br\\\/en\\\/activities-tours-in-rio-de-janeiro\\\/cities-near-rio\\\/\"]}]},{\"@type\":\"BreadcrumbList\",\"@id\":\"https:\\\/\\\/travelstudio.com.br\\\/en\\\/activities-tours-in-rio-de-janeiro\\\/cities-near-rio\\\/#breadcrumb\",\"itemListElement\":[{\"@type\":\"ListItem\",\"position\":1,\"name\":\"In\u00edcio\",\"item\":\"https:\\\/\\\/travelstudio.com.br\\\/en\\\/\"},{\"@type\":\"ListItem\",\"position\":2,\"name\":\"Activities &amp; Tours in Rio de Janeiro\",\"item\":\"https:\\\/\\\/travelstudio.com.br\\\/en\\\/activities-tours-in-rio-de-janeiro\\\/\"},{\"@type\":\"ListItem\",\"position\":3,\"name\":\"Cities Near Rio\"}]},{\"@type\":\"WebSite\",\"@id\":\"https:\\\/\\\/travelstudio.com.br\\\/en\\\/#website\",\"url\":\"https:\\\/\\\/travelstudio.com.br\\\/en\\\/\",\"name\":\"Travel Studio\",\"description\":\"Ag\u00eancia Turismo Receptivo no Rio de Janeiro, especializada em customiza\u00e7\u00e3o de passeios.\",\"potentialAction\":[{\"@type\":\"SearchAction\",\"target\":{\"@type\":\"EntryPoint\",\"urlTemplate\":\"https:\\\/\\\/travelstudio.com.br\\\/en\\\/?s={search_term_string}\"},\"query-input\":{\"@type\":\"PropertyValueSpecification\",\"valueRequired\":true,\"valueName\":\"search_term_string\"}}],\"inLanguage\":\"en-US\"}]}<\/script>\n<!-- \/ Yoast SEO plugin. -->","yoast_head_json":{"title":"Get to know the cities near Rio - book now with Travel Studio","description":"We gather on our tours in the State of Rio de Janeiro the best in the main cities: Buzios, Arraial, Ilha Grande.Come enjoy with us!","robots":{"index":"index","follow":"follow","max-snippet":"max-snippet:-1","max-image-preview":"max-image-preview:large","max-video-preview":"max-video-preview:-1"},"canonical":"https:\/\/travelstudio.com.br\/en\/activities-tours-in-rio-de-janeiro\/cities-near-rio\/","og_locale":"en_US","og_type":"article","og_title":"Get to know the cities near Rio - book now with Travel Studio","og_description":"We gather on our tours in the State of Rio de Janeiro the best in the main cities: Buzios, Arraial, Ilha Grande.Come enjoy with us!","og_url":"https:\/\/travelstudio.com.br\/en\/activities-tours-in-rio-de-janeiro\/cities-near-rio\/","og_site_name":"Travel Studio","article_publisher":"https:\/\/www.facebook.com\/travelstudio.br","article_modified_time":"2024-09-18T12:06:23+00:00","twitter_card":"summary_large_image","twitter_misc":{"Est. reading time":"1 minute"},"schema":{"@context":"https:\/\/schema.org","@graph":[{"@type":"WebPage","@id":"https:\/\/travelstudio.com.br\/en\/activities-tours-in-rio-de-janeiro\/cities-near-rio\/","url":"https:\/\/travelstudio.com.br\/en\/activities-tours-in-rio-de-janeiro\/cities-near-rio\/","name":"Get to know the cities near Rio - book now with Travel Studio","isPartOf":{"@id":"https:\/\/travelstudio.com.br\/en\/#website"},"datePublished":"2019-10-28T23:11:18+00:00","dateModified":"2024-09-18T12:06:23+00:00","description":"We gather on our tours in the State of Rio de Janeiro the best in the main cities: Buzios, Arraial, Ilha Grande.Come enjoy with us!","breadcrumb":{"@id":"https:\/\/travelstudio.com.br\/en\/activities-tours-in-rio-de-janeiro\/cities-near-rio\/#breadcrumb"},"inLanguage":"en-US","potentialAction":[{"@type":"ReadAction","target":["https:\/\/travelstudio.com.br\/en\/activities-tours-in-rio-de-janeiro\/cities-near-rio\/"]}]},{"@type":"BreadcrumbList","@id":"https:\/\/travelstudio.com.br\/en\/activities-tours-in-rio-de-janeiro\/cities-near-rio\/#breadcrumb","itemListElement":[{"@type":"ListItem","position":1,"name":"In\u00edcio","item":"https:\/\/travelstudio.com.br\/en\/"},{"@type":"ListItem","position":2,"name":"Activities &amp; Tours in Rio de Janeiro","item":"https:\/\/travelstudio.com.br\/en\/activities-tours-in-rio-de-janeiro\/"},{"@type":"ListItem","position":3,"name":"Cities Near Rio"}]},{"@type":"WebSite","@id":"https:\/\/travelstudio.com.br\/en\/#website","url":"https:\/\/travelstudio.com.br\/en\/","name":"Travel Studio","description":"Ag\u00eancia Turismo Receptivo no Rio de Janeiro, especializada em customiza\u00e7\u00e3o de passeios.","potentialAction":[{"@type":"SearchAction","target":{"@type":"EntryPoint","urlTemplate":"https:\/\/travelstudio.com.br\/en\/?s={search_term_string}"},"query-input":{"@type":"PropertyValueSpecification","valueRequired":true,"valueName":"search_term_string"}}],"inLanguage":"en-US"}]}},"_links":{"self":[{"href":"https:\/\/travelstudio.com.br\/en\/wp-json\/wp\/v2\/pages\/10115","targetHints":{"allow":["GET"]}}],"collection":[{"href":"https:\/\/travelstudio.com.br\/en\/wp-json\/wp\/v2\/pages"}],"about":[{"href":"https:\/\/travelstudio.com.br\/en\/wp-json\/wp\/v2\/types\/page"}],"author":[{"embeddable":true,"href":"https:\/\/travelstudio.com.br\/en\/wp-json\/wp\/v2\/users\/7"}],"replies":[{"embeddable":true,"href":"https:\/\/travelstudio.com.br\/en\/wp-json\/wp\/v2\/comments?post=10115"}],"version-history":[{"count":13,"href":"https:\/\/travelstudio.com.br\/en\/wp-json\/wp\/v2\/pages\/10115\/revisions"}],"predecessor-version":[{"id":12976,"href":"https:\/\/travelstudio.com.br\/en\/wp-json\/wp\/v2\/pages\/10115\/revisions\/12976"}],"up":[{"embeddable":true,"href":"https:\/\/travelstudio.com.br\/en\/wp-json\/wp\/v2\/pages\/10095"}],"wp:attachment":[{"href":"https:\/\/travelstudio.com.br\/en\/wp-json\/wp\/v2\/media?parent=10115"}],"curies":[{"name":"wp","href":"https:\/\/api.w.org\/{rel}","templated":true}]}}