{"id":12001,"date":"2020-01-09T17:18:14","date_gmt":"2020-01-09T17:18:14","guid":{"rendered":"https:\/\/travelstudio.com.br\/travel-studio-premium\/ihr-persoenlicher-concierge\/"},"modified":"2024-09-18T12:15:36","modified_gmt":"2024-09-18T12:15:36","slug":"ihr-persoenlicher-concierge","status":"publish","type":"page","link":"https:\/\/travelstudio.com.br\/de\/travel-studio-premium\/ihr-persoenlicher-concierge\/","title":{"rendered":"Ihr pers\u00f6nlicher Concierge"},"content":{"rendered":"<section class=\"l-section wpb_row height_medium color_primary with_img\"><div class=\"l-section-img\" role=\"img\" aria-label=\"Bild\" data-img-width=\"2000\" data-img-height=\"1333\" style=\"background-image: url(https:\/\/travelstudio.com.br\/wp-content\/uploads\/2020\/01\/concierge-pessoal-bolinha.jpg);\"><\/div><div class=\"l-section-overlay\" style=\"background:rgba(0,0,0,0.50)\"><\/div><div class=\"l-section-h i-cf\"><div class=\"g-cols vc_row via_grid cols_1 laptops-cols_inherit tablets-cols_inherit mobiles-cols_1 valign_top type_default stacking_default\"><div class=\"wpb_column vc_column_container\"><div class=\"vc_column-inner\"><h2 class=\"w-post-elm post_title align_center entry-title color_link_inherit\">Ihr pers\u00f6nlicher Concierge<\/h2><div class=\"wpb_text_column\"><div class=\"wpb_wrapper\"><nav class=\"g-breadcrumbs separator_icon align_center\" itemscope itemtype=\"http:\/\/schema.org\/BreadcrumbList\"><div class=\"g-breadcrumbs-item\" itemscope itemprop=\"itemListElement\" itemtype=\"http:\/\/schema.org\/ListItem\"><a itemprop=\"item\" href=\"http:\/\/travelstudio.com.br\/de\/\"><span itemprop=\"name\">Start<\/span><\/a><meta itemprop=\"position\" content=\"1\"\/><\/div><div class=\"g-breadcrumbs-separator\"><i class=\"far fa-angle-right\"><\/i><\/div><div class=\"g-breadcrumbs-item\">Seiten<\/div><\/nav>\n<\/div><\/div><\/div><\/div><\/div><\/div><\/section><section class=\"l-section wpb_row height_small\"><div class=\"l-section-h i-cf\"><div class=\"g-cols vc_row via_grid cols_1 laptops-cols_inherit tablets-cols_inherit mobiles-cols_1 valign_top type_default stacking_default\"><div class=\"wpb_column vc_column_container\"><div class=\"vc_column-inner\"><\/div><\/div><\/div><\/div><\/section><section class=\"l-section wpb_row height_small color_primary\"><div class=\"l-section-h i-cf\"><div class=\"g-cols vc_row via_grid cols_1 laptops-cols_inherit tablets-cols_inherit mobiles-cols_1 valign_top type_default stacking_default\"><div class=\"wpb_column vc_column_container\"><div class=\"vc_column-inner\"><div class=\"wpb_text_column\"><div class=\"wpb_wrapper\"><h6 style=\"text-align: center;\">Wir wissen, dass es Zeiten gibt, in denen Sie sich um nichts k\u00fcmmern m\u00f6chten, genie\u00dfen Sie einfach die Feiertage. Unser Concierge-Service arbeitet ausschlie\u00dflich daran, Ihnen bei diesem Ziel zu helfen: Es ist, als h\u00e4tten Sie einen pers\u00f6nlichen Assistenten auf Abruf 24 Stunden am Tag. Von der Ausrichtung \u00fcber den Kauf von Konzertkarten, die Buchung so vieler Restaurants bis hin zum Kauf von Geschenken f\u00fcr den besonderen Anlass &#8211; wir k\u00fcmmern uns um alles f\u00fcr Sie. Versuchen!<\/h6>\n<\/div><\/div><\/div><\/div><\/div><\/div><\/section><section class=\"l-section wpb_row height_auto\"><div class=\"l-section-h i-cf\"><div class=\"g-cols vc_row via_grid cols_1 laptops-cols_inherit tablets-cols_inherit mobiles-cols_1 valign_top type_default stacking_default\"><div class=\"wpb_column vc_column_container\"><div class=\"vc_column-inner\"><div class=\"w-separator size_medium\"><\/div><div id=\"ult-carousel-23966144466a09d70dde00d\" class=\"ult-carousel-wrapper   ult_horizontal\" data-gutter=\"15\" data-rtl=\"false\" ><div class=\"ult-carousel-27949331936a09d70dddfe4 \" ><div class=\"ult-item-wrap\" data-animation=\"animated no-animation\"><div tabindex=\"0\" class=\"ult-new-ib ult-ib-effect-style6  ult-ib-resp ult-ib2-min-height \" data-min-width=\"768\" data-max-width=\"900\" style=\" opacity:0; \" data-opacity=\"0.7\" data-hover-opacity=\"0.7\"  data-min-height=\"500\" ><img decoding=\"async\" class=\"ult-new-ib-img\" style=\"opacity:0.7;\" alt=\"null\" src=\"https:\/\/travelstudio.com.br\/wp-content\/uploads\/2020\/03\/Presentes.jpeg\"  data-min-height=\"500\"   \/><div id=\"interactive-banner-wrap-1088\" class=\"ult-new-ib-desc\" style=\"\"><h2 class=\"ult-new-ib-title ult-responsive\"  data-ultimate-target='#interactive-banner-wrap-1088 .ult-new-ib-title'  data-responsive-json-new='{\"font-size\":\"desktop:30px;\",\"line-height\":\"\"}'  style=\"font-weight:bold;\">BESONDERE TERMINE<\/h2><div class=\"ult-new-ib-content ult-responsive\"  data-ultimate-target='#interactive-banner-wrap-1088 .ult-new-ib-content'  data-responsive-json-new='{\"font-size\":\"\",\"line-height\":\"\"}'  style=\"font-weight:normal;\"><p>Es gibt Tage, die besondere Aufmerksamkeit erfordern. Geburtstag, Gedenktermine oder einfach nur ein Andenken an die Reise. Keine Sorge, wir haben exklusive Geschenke gefunden, wir haben den perfekten Tipp, um diese Tage noch spezieller zu machen.<\/p><\/div><\/div><\/div><\/div><div class=\"ult-item-wrap\" data-animation=\"animated no-animation\"><div tabindex=\"0\" class=\"ult-new-ib ult-ib-effect-style6  ult-ib-resp ult-ib2-min-height \" data-min-width=\"768\" data-max-width=\"900\" style=\" opacity:0; \" data-opacity=\"0.8\" data-hover-opacity=\"0.8\"  data-min-height=\"500\" ><img decoding=\"async\" class=\"ult-new-ib-img\" style=\"opacity:0.8;\" alt=\"null\" src=\"https:\/\/travelstudio.com.br\/wp-content\/uploads\/2020\/03\/Concierge_ingresso-1.jpg\"  data-min-height=\"500\"   \/><div id=\"interactive-banner-wrap-2854\" class=\"ult-new-ib-desc\" style=\"\"><h2 class=\"ult-new-ib-title ult-responsive\"  data-ultimate-target='#interactive-banner-wrap-2854 .ult-new-ib-title'  data-responsive-json-new='{\"font-size\":\"desktop:30px;\",\"line-height\":\"\"}'  style=\"font-weight:bold;\">SPA\u00df<\/h2><div class=\"ult-new-ib-content ult-responsive\"  data-ultimate-target='#interactive-banner-wrap-2854 .ult-new-ib-content'  data-responsive-json-new='{\"font-size\":\"\",\"line-height\":\"\"}'  style=\"font-weight:normal;\"><p>Sie k\u00f6nnen auf einzigartige und sichere Weise Spa\u00df haben, unsere Empfehlungen kennen und die Reservierung von Tickets bei uns lassen. Kommen Sie und entdecken Sie neue M\u00f6glichkeiten, Spa\u00df in Rio de Janeiro zu haben<\/p><\/div><\/div><\/div><\/div><div class=\"ult-item-wrap\" data-animation=\"animated no-animation\"><div tabindex=\"0\" class=\"ult-new-ib ult-ib-effect-style6  ult-ib-resp ult-ib2-min-height \" data-min-width=\"768\" data-max-width=\"900\" style=\" opacity:0; \" data-opacity=\"0.8\" data-hover-opacity=\"0.8\"  data-min-height=\"500\" ><img decoding=\"async\" class=\"ult-new-ib-img\" style=\"opacity:0.8;\" alt=\"null\" src=\"https:\/\/travelstudio.com.br\/wp-content\/uploads\/2020\/07\/bem_estar_rio_de_janeiro.jpg\"  data-min-height=\"500\"   \/><div id=\"interactive-banner-wrap-7735\" class=\"ult-new-ib-desc\" style=\"\"><h2 class=\"ult-new-ib-title ult-responsive\"  data-ultimate-target='#interactive-banner-wrap-7735 .ult-new-ib-title'  data-responsive-json-new='{\"font-size\":\"desktop:30px;\",\"line-height\":\"\"}'  style=\"font-weight:bold;\">WOHLFAHRT<\/h2><div class=\"ult-new-ib-content ult-responsive\"  data-ultimate-target='#interactive-banner-wrap-7735 .ult-new-ib-content'  data-responsive-json-new='{\"font-size\":\"\",\"line-height\":\"\"}'  style=\"font-weight:normal;\"><p>Wohlbefinden liegt im Trend. Lassen Sie sich mehr Zeit und verbessern Sie Ihre Routine.<\/p><\/div><\/div><\/div><\/div><div class=\"ult-item-wrap\" data-animation=\"animated no-animation\"><div tabindex=\"0\" class=\"ult-new-ib ult-ib-effect-style6  ult-ib-resp ult-ib2-min-height \" data-min-width=\"768\" data-max-width=\"900\" style=\" opacity:0; \" data-opacity=\"0.8\" data-hover-opacity=\"0.8\"  data-min-height=\"500\" ><img decoding=\"async\" class=\"ult-new-ib-img\" style=\"opacity:0.8;\" alt=\"null\" src=\"https:\/\/travelstudio.com.br\/wp-content\/uploads\/2020\/01\/Experiencias-gastronomicas.jpg\"  data-min-height=\"500\"   \/><div id=\"interactive-banner-wrap-8701\" class=\"ult-new-ib-desc\" style=\"\"><h2 class=\"ult-new-ib-title ult-responsive\"  data-ultimate-target='#interactive-banner-wrap-8701 .ult-new-ib-title'  data-responsive-json-new='{\"font-size\":\"desktop:30px;\",\"line-height\":\"\"}'  style=\"font-weight:bold;\">AROMEN<\/h2><div class=\"ult-new-ib-content ult-responsive\"  data-ultimate-target='#interactive-banner-wrap-8701 .ult-new-ib-content'  data-responsive-json-new='{\"font-size\":\"\",\"line-height\":\"\"}'  style=\"font-weight:normal;\"><p>Entdecken Sie kulinarische Erlebnisse und exklusive Restaurants in Rio de Janeiro.<\/p><\/div><\/div><\/div><\/div><\/div><\/div>\t\t\t<script type=\"text\/javascript\">\n\t\t\t\tjQuery(document).ready(function ($) {\n\t\t\t\t\tif( typeof jQuery('.ult-carousel-27949331936a09d70dddfe4').slick == \"function\"){\n\t\t\t\t\t\t$('.ult-carousel-27949331936a09d70dddfe4').slick({dots: false,autoplay: true,autoplaySpeed: \"5000\",speed: \"300\",infinite: true,arrows: true,nextArrow: '<button type=\"button\" role=\"button\" aria-label=\"Next\" style=\"color:#333333; font-size:20px;\" class=\"slick-next default\"><i class=\"ultsl-arrow-right4\"><\/i><\/button>',prevArrow: '<button type=\"button\" role=\"button\" aria-label=\"Previous\" style=\"color:#333333; font-size:20px;\" class=\"slick-prev default\"><i class=\"ultsl-arrow-left4\"><\/i><\/button>',slidesToScroll:4,slidesToShow:4,swipe: true,draggable: true,touchMove: true,pauseOnHover: true,pauseOnFocus: false,responsive: [\n\t\t\t\t\t\t\t{\n\t\t\t\t\t\t\t  breakpoint: 1026,\n\t\t\t\t\t\t\t  settings: {\n\t\t\t\t\t\t\t\tslidesToShow: 4,\n\t\t\t\t\t\t\t\tslidesToScroll: 4,  \n\t\t\t\t\t\t\t  }\n\t\t\t\t\t\t\t},\n\t\t\t\t\t\t\t{\n\t\t\t\t\t\t\t  breakpoint: 1025,\n\t\t\t\t\t\t\t  settings: {\n\t\t\t\t\t\t\t\tslidesToShow: 3,\n\t\t\t\t\t\t\t\tslidesToScroll: 3\n\t\t\t\t\t\t\t  }\n\t\t\t\t\t\t\t},\n\t\t\t\t\t\t\t{\n\t\t\t\t\t\t\t  breakpoint: 760,\n\t\t\t\t\t\t\t  settings: {\n\t\t\t\t\t\t\t\tslidesToShow: 1,\n\t\t\t\t\t\t\t\tslidesToScroll: 1\n\t\t\t\t\t\t\t  }\n\t\t\t\t\t\t\t}\n\t\t\t\t\t\t],pauseOnDotsHover: true,customPaging: function(slider, i) {\n                   return '<i type=\"button\" style= \"color:#333333;\" class=\"ultsl-record\" data-role=\"none\"><\/i>';\n                },});\n\t\t\t\t\t}\n\t\t\t\t});\n\t\t\t<\/script>\n\t\t\t<\/div><\/div><\/div><\/div><\/section><section class=\"l-section wpb_row height_auto width_full\"><div class=\"l-section-h i-cf\"><div class=\"g-cols vc_row via_grid cols_1 laptops-cols_inherit tablets-cols_inherit mobiles-cols_1 valign_top type_default stacking_default\"><div class=\"wpb_column vc_column_container\"><div class=\"vc_column-inner\"><section class=\"l-section wpb_row height_auto color_primary\"><div class=\"l-section-h i-cf\"><div class=\"g-cols vc_row via_grid cols_1 laptops-cols_inherit tablets-cols_inherit mobiles-cols_1 valign_top type_default stacking_default\"><div class=\"wpb_column vc_column_container\"><div class=\"vc_column-inner\"><div class=\"g-cols wpb_row via_grid cols_3 laptops-cols_inherit tablets-cols_inherit mobiles-cols_1 valign_top type_boxes stacking_default\" style=\"--columns-gap:80px;\"><div class=\"wpb_column vc_column_container us_custom_2dd6db5a has-link\"><div class=\"vc_column-inner\"><div class=\"w-iconbox iconpos_top style_default color_custom align_center\"><div class=\"w-iconbox-icon\" style=\"font-size:40px;--icon-color:#ffffff;\"><i class=\"fab fa-whatsapp\"><\/i><\/div><div class=\"w-iconbox-meta\"><h4 class=\"w-iconbox-title\" style=\"font-size:15px;\">&lt;b&gt;WHATSAPP&lt;\/b&gt;<\/h4><div class=\"w-iconbox-text\"><p><a href=\"https:\/\/api.whatsapp.com\/send?phone=5521972543640\" target=\"_blank\" rel=\"noopener noreferrer\">+55 21 97254-3640<\/a><\/p>\n<\/div><\/div><\/div><\/div><a href=\"https:\/\/api.whatsapp.com\/send?phone=552197254-3640https:\/\/api.whatsapp.com\/send?phone=552197254-3640\" class=\"vc_column-link smooth-scroll\" aria-label=\"Link\"><\/a><\/div><div class=\"wpb_column vc_column_container us_custom_2dd6db5a has-link\"><div class=\"vc_column-inner\"><div class=\"w-iconbox iconpos_top style_default color_custom align_center\"><div class=\"w-iconbox-icon\" style=\"font-size:40px;--icon-color:#ffffff;\"><i class=\"fas fa-envelope\"><\/i><\/div><div class=\"w-iconbox-meta\"><h4 class=\"w-iconbox-title\" style=\"font-size:15px;\">&lt;b&gt;E-MAIL&lt;\/b&gt;<\/h4><div class=\"w-iconbox-text\"><p>contact@travelstudio.com.br<\/p>\n<\/div><\/div><\/div><\/div><a title=\"Contato\" href=\"http:\/\/travelstudio.com.br\/contato\/\" class=\"vc_column-link smooth-scroll\"><\/a><\/div><div class=\"wpb_column vc_column_container us_custom_2dd6db5a has-link\"><div class=\"vc_column-inner\"><div class=\"w-iconbox iconpos_top style_default color_custom align_center no_text\"><div class=\"w-iconbox-icon\" style=\"font-size:40px;--icon-color:#ffffff;\"><i class=\"fas fa-laptop-code\"><\/i><\/div><div class=\"w-iconbox-meta\"><h4 class=\"w-iconbox-title\" style=\"font-size:15px;\">&lt;b&gt;LASSEN SIE SICH VON UNS KENNENLERNEN<br \/>\nEIN BISSCHEN MEHR&lt;\/b&gt;<\/h4><\/div><\/div><\/div><a href=\"http:\/\/travelstudio.com.br\/entre-em-contato-premium\/\" class=\"vc_column-link smooth-scroll\" aria-label=\"Link\"><\/a><\/div><\/div><\/div><\/div><\/div><\/div><\/section>\n<\/div><\/div><\/div><\/div><\/section>\n","protected":false},"excerpt":{"rendered":"Ihr pers\u00f6nlicher ConciergeStartSeiten Wir wissen, dass es Zeiten gibt, in denen Sie sich um nichts k\u00fcmmern m\u00f6chten, genie\u00dfen Sie einfach die Feiertage. Unser Concierge-Service arbeitet ausschlie\u00dflich daran, Ihnen bei diesem Ziel zu helfen: Es ist, als h\u00e4tten Sie einen pers\u00f6nlichen Assistenten auf Abruf 24 Stunden am Tag. Von der Ausrichtung \u00fcber den Kauf von Konzertkarten,...","protected":false},"author":5,"featured_media":11114,"parent":11990,"menu_order":0,"comment_status":"closed","ping_status":"closed","template":"","meta":{"_acf_changed":false,"_joinchat":[],"footnotes":""},"class_list":["post-12001","page","type-page","status-publish","has-post-thumbnail","hentry"],"acf":[],"yoast_head":"<!-- This site is optimized with the Yoast SEO plugin v27.6 - https:\/\/yoast.com\/product\/yoast-seo-wordpress\/ -->\n<title>Ihr pers\u00f6nlicher Concierge Rio de Janeiro - Travel Studio<\/title>\n<meta name=\"description\" content=\"Unser Concierge-Service arbeitet ausschlie\u00dflich daf\u00fcr, Ihnen auf Ihrer Reise nach Rio de Janeiro zu helfen: Es ist, als h\u00e4tten Sie einen pers\u00f6nlichen Assistenten auf Abruf 24 Stunden am Tag. Versuchen!\" \/>\n<meta name=\"robots\" content=\"index, follow, max-snippet:-1, max-image-preview:large, max-video-preview:-1\" \/>\n<link rel=\"canonical\" href=\"https:\/\/travelstudio.com.br\/de\/travel-studio-premium\/ihr-persoenlicher-concierge\/\" \/>\n<meta property=\"og:locale\" content=\"de_DE\" \/>\n<meta property=\"og:type\" content=\"article\" \/>\n<meta property=\"og:title\" content=\"Ihr pers\u00f6nlicher Concierge Rio de Janeiro - Travel Studio\" \/>\n<meta property=\"og:description\" content=\"Unser Concierge-Service arbeitet ausschlie\u00dflich daf\u00fcr, Ihnen auf Ihrer Reise nach Rio de Janeiro zu helfen: Es ist, als h\u00e4tten Sie einen pers\u00f6nlichen Assistenten auf Abruf 24 Stunden am Tag. Versuchen!\" \/>\n<meta property=\"og:url\" content=\"https:\/\/travelstudio.com.br\/de\/travel-studio-premium\/ihr-persoenlicher-concierge\/\" \/>\n<meta property=\"og:site_name\" content=\"Travel Studio\" \/>\n<meta property=\"article:publisher\" content=\"https:\/\/www.facebook.com\/travelstudio.br\" \/>\n<meta property=\"article:modified_time\" content=\"2024-09-18T12:15:36+00:00\" \/>\n<meta property=\"og:image\" content=\"https:\/\/travelstudio.com.br\/wp-content\/uploads\/2020\/03\/blogrio.atividades-1.jpg\" \/>\n\t<meta property=\"og:image:width\" content=\"1920\" \/>\n\t<meta property=\"og:image:height\" content=\"845\" \/>\n\t<meta property=\"og:image:type\" content=\"image\/jpeg\" \/>\n<meta name=\"twitter:card\" content=\"summary_large_image\" \/>\n<meta name=\"twitter:label1\" content=\"Gesch\u00e4tzte Lesezeit\" \/>\n\t<meta name=\"twitter:data1\" content=\"3\u00a0Minuten\" \/>\n<script type=\"application\/ld+json\" class=\"yoast-schema-graph\">{\"@context\":\"https:\\\/\\\/schema.org\",\"@graph\":[{\"@type\":\"WebPage\",\"@id\":\"https:\\\/\\\/travelstudio.com.br\\\/de\\\/travel-studio-premium\\\/ihr-persoenlicher-concierge\\\/\",\"url\":\"https:\\\/\\\/travelstudio.com.br\\\/de\\\/travel-studio-premium\\\/ihr-persoenlicher-concierge\\\/\",\"name\":\"Ihr pers\u00f6nlicher Concierge Rio de Janeiro - Travel Studio\",\"isPartOf\":{\"@id\":\"https:\\\/\\\/travelstudio.com.br\\\/de\\\/#website\"},\"primaryImageOfPage\":{\"@id\":\"https:\\\/\\\/travelstudio.com.br\\\/de\\\/travel-studio-premium\\\/ihr-persoenlicher-concierge\\\/#primaryimage\"},\"image\":{\"@id\":\"https:\\\/\\\/travelstudio.com.br\\\/de\\\/travel-studio-premium\\\/ihr-persoenlicher-concierge\\\/#primaryimage\"},\"thumbnailUrl\":\"https:\\\/\\\/travelstudio.com.br\\\/wp-content\\\/uploads\\\/2020\\\/03\\\/blogrio.atividades-1.jpg\",\"datePublished\":\"2020-01-09T17:18:14+00:00\",\"dateModified\":\"2024-09-18T12:15:36+00:00\",\"description\":\"Unser Concierge-Service arbeitet ausschlie\u00dflich daf\u00fcr, Ihnen auf Ihrer Reise nach Rio de Janeiro zu helfen: Es ist, als h\u00e4tten Sie einen pers\u00f6nlichen Assistenten auf Abruf 24 Stunden am Tag. Versuchen!\",\"breadcrumb\":{\"@id\":\"https:\\\/\\\/travelstudio.com.br\\\/de\\\/travel-studio-premium\\\/ihr-persoenlicher-concierge\\\/#breadcrumb\"},\"inLanguage\":\"de\",\"potentialAction\":[{\"@type\":\"ReadAction\",\"target\":[\"https:\\\/\\\/travelstudio.com.br\\\/de\\\/travel-studio-premium\\\/ihr-persoenlicher-concierge\\\/\"]}]},{\"@type\":\"ImageObject\",\"inLanguage\":\"de\",\"@id\":\"https:\\\/\\\/travelstudio.com.br\\\/de\\\/travel-studio-premium\\\/ihr-persoenlicher-concierge\\\/#primaryimage\",\"url\":\"https:\\\/\\\/travelstudio.com.br\\\/wp-content\\\/uploads\\\/2020\\\/03\\\/blogrio.atividades-1.jpg\",\"contentUrl\":\"https:\\\/\\\/travelstudio.com.br\\\/wp-content\\\/uploads\\\/2020\\\/03\\\/blogrio.atividades-1.jpg\",\"width\":1920,\"height\":845},{\"@type\":\"BreadcrumbList\",\"@id\":\"https:\\\/\\\/travelstudio.com.br\\\/de\\\/travel-studio-premium\\\/ihr-persoenlicher-concierge\\\/#breadcrumb\",\"itemListElement\":[{\"@type\":\"ListItem\",\"position\":1,\"name\":\"In\u00edcio\",\"item\":\"https:\\\/\\\/travelstudio.com.br\\\/de\\\/\"},{\"@type\":\"ListItem\",\"position\":2,\"name\":\"Travel Studio Premium\",\"item\":\"https:\\\/\\\/travelstudio.com.br\\\/de\\\/travel-studio-premium\\\/\"},{\"@type\":\"ListItem\",\"position\":3,\"name\":\"Ihr pers\u00f6nlicher Concierge\"}]},{\"@type\":\"WebSite\",\"@id\":\"https:\\\/\\\/travelstudio.com.br\\\/de\\\/#website\",\"url\":\"https:\\\/\\\/travelstudio.com.br\\\/de\\\/\",\"name\":\"Travel Studio\",\"description\":\"Ag\u00eancia Turismo Receptivo no Rio de Janeiro, especializada em customiza\u00e7\u00e3o de passeios.\",\"potentialAction\":[{\"@type\":\"SearchAction\",\"target\":{\"@type\":\"EntryPoint\",\"urlTemplate\":\"https:\\\/\\\/travelstudio.com.br\\\/de\\\/?s={search_term_string}\"},\"query-input\":{\"@type\":\"PropertyValueSpecification\",\"valueRequired\":true,\"valueName\":\"search_term_string\"}}],\"inLanguage\":\"de\"}]}<\/script>\n<!-- \/ Yoast SEO plugin. -->","yoast_head_json":{"title":"Ihr pers\u00f6nlicher Concierge Rio de Janeiro - Travel Studio","description":"Unser Concierge-Service arbeitet ausschlie\u00dflich daf\u00fcr, Ihnen auf Ihrer Reise nach Rio de Janeiro zu helfen: Es ist, als h\u00e4tten Sie einen pers\u00f6nlichen Assistenten auf Abruf 24 Stunden am Tag. Versuchen!","robots":{"index":"index","follow":"follow","max-snippet":"max-snippet:-1","max-image-preview":"max-image-preview:large","max-video-preview":"max-video-preview:-1"},"canonical":"https:\/\/travelstudio.com.br\/de\/travel-studio-premium\/ihr-persoenlicher-concierge\/","og_locale":"de_DE","og_type":"article","og_title":"Ihr pers\u00f6nlicher Concierge Rio de Janeiro - Travel Studio","og_description":"Unser Concierge-Service arbeitet ausschlie\u00dflich daf\u00fcr, Ihnen auf Ihrer Reise nach Rio de Janeiro zu helfen: Es ist, als h\u00e4tten Sie einen pers\u00f6nlichen Assistenten auf Abruf 24 Stunden am Tag. Versuchen!","og_url":"https:\/\/travelstudio.com.br\/de\/travel-studio-premium\/ihr-persoenlicher-concierge\/","og_site_name":"Travel Studio","article_publisher":"https:\/\/www.facebook.com\/travelstudio.br","article_modified_time":"2024-09-18T12:15:36+00:00","og_image":[{"width":1920,"height":845,"url":"https:\/\/travelstudio.com.br\/wp-content\/uploads\/2020\/03\/blogrio.atividades-1.jpg","type":"image\/jpeg"}],"twitter_card":"summary_large_image","twitter_misc":{"Gesch\u00e4tzte Lesezeit":"3\u00a0Minuten"},"schema":{"@context":"https:\/\/schema.org","@graph":[{"@type":"WebPage","@id":"https:\/\/travelstudio.com.br\/de\/travel-studio-premium\/ihr-persoenlicher-concierge\/","url":"https:\/\/travelstudio.com.br\/de\/travel-studio-premium\/ihr-persoenlicher-concierge\/","name":"Ihr pers\u00f6nlicher Concierge Rio de Janeiro - Travel Studio","isPartOf":{"@id":"https:\/\/travelstudio.com.br\/de\/#website"},"primaryImageOfPage":{"@id":"https:\/\/travelstudio.com.br\/de\/travel-studio-premium\/ihr-persoenlicher-concierge\/#primaryimage"},"image":{"@id":"https:\/\/travelstudio.com.br\/de\/travel-studio-premium\/ihr-persoenlicher-concierge\/#primaryimage"},"thumbnailUrl":"https:\/\/travelstudio.com.br\/wp-content\/uploads\/2020\/03\/blogrio.atividades-1.jpg","datePublished":"2020-01-09T17:18:14+00:00","dateModified":"2024-09-18T12:15:36+00:00","description":"Unser Concierge-Service arbeitet ausschlie\u00dflich daf\u00fcr, Ihnen auf Ihrer Reise nach Rio de Janeiro zu helfen: Es ist, als h\u00e4tten Sie einen pers\u00f6nlichen Assistenten auf Abruf 24 Stunden am Tag. Versuchen!","breadcrumb":{"@id":"https:\/\/travelstudio.com.br\/de\/travel-studio-premium\/ihr-persoenlicher-concierge\/#breadcrumb"},"inLanguage":"de","potentialAction":[{"@type":"ReadAction","target":["https:\/\/travelstudio.com.br\/de\/travel-studio-premium\/ihr-persoenlicher-concierge\/"]}]},{"@type":"ImageObject","inLanguage":"de","@id":"https:\/\/travelstudio.com.br\/de\/travel-studio-premium\/ihr-persoenlicher-concierge\/#primaryimage","url":"https:\/\/travelstudio.com.br\/wp-content\/uploads\/2020\/03\/blogrio.atividades-1.jpg","contentUrl":"https:\/\/travelstudio.com.br\/wp-content\/uploads\/2020\/03\/blogrio.atividades-1.jpg","width":1920,"height":845},{"@type":"BreadcrumbList","@id":"https:\/\/travelstudio.com.br\/de\/travel-studio-premium\/ihr-persoenlicher-concierge\/#breadcrumb","itemListElement":[{"@type":"ListItem","position":1,"name":"In\u00edcio","item":"https:\/\/travelstudio.com.br\/de\/"},{"@type":"ListItem","position":2,"name":"Travel Studio Premium","item":"https:\/\/travelstudio.com.br\/de\/travel-studio-premium\/"},{"@type":"ListItem","position":3,"name":"Ihr pers\u00f6nlicher Concierge"}]},{"@type":"WebSite","@id":"https:\/\/travelstudio.com.br\/de\/#website","url":"https:\/\/travelstudio.com.br\/de\/","name":"Travel Studio","description":"Ag\u00eancia Turismo Receptivo no Rio de Janeiro, especializada em customiza\u00e7\u00e3o de passeios.","potentialAction":[{"@type":"SearchAction","target":{"@type":"EntryPoint","urlTemplate":"https:\/\/travelstudio.com.br\/de\/?s={search_term_string}"},"query-input":{"@type":"PropertyValueSpecification","valueRequired":true,"valueName":"search_term_string"}}],"inLanguage":"de"}]}},"_links":{"self":[{"href":"https:\/\/travelstudio.com.br\/de\/wp-json\/wp\/v2\/pages\/12001","targetHints":{"allow":["GET"]}}],"collection":[{"href":"https:\/\/travelstudio.com.br\/de\/wp-json\/wp\/v2\/pages"}],"about":[{"href":"https:\/\/travelstudio.com.br\/de\/wp-json\/wp\/v2\/types\/page"}],"author":[{"embeddable":true,"href":"https:\/\/travelstudio.com.br\/de\/wp-json\/wp\/v2\/users\/5"}],"replies":[{"embeddable":true,"href":"https:\/\/travelstudio.com.br\/de\/wp-json\/wp\/v2\/comments?post=12001"}],"version-history":[{"count":2,"href":"https:\/\/travelstudio.com.br\/de\/wp-json\/wp\/v2\/pages\/12001\/revisions"}],"predecessor-version":[{"id":13139,"href":"https:\/\/travelstudio.com.br\/de\/wp-json\/wp\/v2\/pages\/12001\/revisions\/13139"}],"up":[{"embeddable":true,"href":"https:\/\/travelstudio.com.br\/de\/wp-json\/wp\/v2\/pages\/11990"}],"wp:featuredmedia":[{"embeddable":true,"href":"https:\/\/travelstudio.com.br\/de\/wp-json\/wp\/v2\/media\/11114"}],"wp:attachment":[{"href":"https:\/\/travelstudio.com.br\/de\/wp-json\/wp\/v2\/media?parent=12001"}],"curies":[{"name":"wp","href":"https:\/\/api.w.org\/{rel}","templated":true}]}}