{"id":11993,"date":"2019-10-25T19:41:20","date_gmt":"2019-10-25T19:41:20","guid":{"rendered":"https:\/\/travelstudio.com.br\/travel-studio-premium\/hochzeit-flitterwochen\/"},"modified":"2024-09-18T12:15:35","modified_gmt":"2024-09-18T12:15:35","slug":"hochzeit-flitterwochen","status":"publish","type":"page","link":"https:\/\/travelstudio.com.br\/de\/travel-studio-premium\/hochzeit-flitterwochen\/","title":{"rendered":"Hochzeit &amp; Flitterwochen"},"content":{"rendered":"<section class=\"l-section wpb_row height_medium color_primary with_img\"><div class=\"l-section-img\" role=\"img\" aria-label=\"Bild\" data-img-width=\"1920\" data-img-height=\"1280\" style=\"background-image: url(https:\/\/travelstudio.com.br\/wp-content\/uploads\/2020\/01\/Casamento-Lua-de-Mel-Bolinha.jpg);\"><\/div><div class=\"l-section-overlay\" style=\"background:rgba(0,0,0,0.50)\"><\/div><div class=\"l-section-h i-cf\"><div class=\"g-cols vc_row via_grid cols_1 laptops-cols_inherit tablets-cols_inherit mobiles-cols_1 valign_top type_default stacking_default\"><div class=\"wpb_column vc_column_container\"><div class=\"vc_column-inner\"><h2 class=\"w-post-elm post_title align_center entry-title color_link_inherit\">Hochzeit &amp; Flitterwochen<\/h2><div class=\"wpb_text_column\"><div class=\"wpb_wrapper\"><nav class=\"g-breadcrumbs separator_icon align_center\" itemscope itemtype=\"http:\/\/schema.org\/BreadcrumbList\"><div class=\"g-breadcrumbs-item\" itemscope itemprop=\"itemListElement\" itemtype=\"http:\/\/schema.org\/ListItem\"><a itemprop=\"item\" href=\"http:\/\/travelstudio.com.br\/de\/\"><span itemprop=\"name\">Start<\/span><\/a><meta itemprop=\"position\" content=\"1\"\/><\/div><div class=\"g-breadcrumbs-separator\"><i class=\"far fa-angle-right\"><\/i><\/div><div class=\"g-breadcrumbs-item\">Seiten<\/div><\/nav>\n<\/div><\/div><\/div><\/div><\/div><\/div><\/section><!-- Row Backgrounds --><div class=\"upb_color\" data-bg-override=\"0\" data-bg-color=\"\" data-fadeout=\"\" data-fadeout-percentage=\"30\" data-parallax-content=\"\" data-parallax-content-sense=\"30\" data-row-effect-mobile-disable=\"true\" data-img-parallax-mobile-disable=\"true\" data-rtl=\"false\"  data-custom-vc-row=\"\"  data-vc=\"8.7.2\"  data-is_old_vc=\"\"  data-theme-support=\"\"   data-overlay=\"true\" data-overlay-color=\"rgba(26,26,26,0.5)\" data-overlay-pattern=\"\" data-overlay-pattern-opacity=\"0.8\" data-overlay-pattern-size=\"\" data-overlay-pattern-attachment=\"scroll\"    ><\/div><section class=\"l-section wpb_row height_small\"><div class=\"l-section-h i-cf\"><div class=\"g-cols vc_row via_grid cols_1 laptops-cols_inherit tablets-cols_inherit mobiles-cols_1 valign_top type_default stacking_default\"><div class=\"wpb_column vc_column_container\"><div class=\"vc_column-inner\"><\/div><\/div><\/div><\/div><\/section><section class=\"l-section wpb_row height_small color_primary\"><div class=\"l-section-h i-cf\"><div class=\"g-cols vc_row via_grid cols_1 laptops-cols_inherit tablets-cols_inherit mobiles-cols_1 valign_top type_default stacking_default\"><div class=\"wpb_column vc_column_container\"><div class=\"vc_column-inner\"><div class=\"wpb_text_column\"><div class=\"wpb_wrapper\"><h6 style=\"text-align: center;\">Wenn Sie auf der Suche nach einem einzigartigen Reiseziel f\u00fcr Ihre Hochzeit oder Ihre Flitterwochen sind, k\u00f6nnte Rio de Janeiro die richtige Wahl f\u00fcr Sie sein. Umgeben von atemberaubenden Bergen, umsp\u00fclt vom wundersch\u00f6nen Atlantischen Ozean und mit atemberaubender Aussicht, inspiriert Rios tropische Landschaft Leidenschaften und explodiert in Emotionen, was es zum perfekten Bild macht, um einen der bemerkenswertesten Momente Ihres Lebens zu verewigen! Unsere Planung, Unterkunftsberatung und Hotelreservierung \u00fcbertreffen h\u00f6chste Erwartungen. \u00d6ffnen Sie uns Ihr Herz, damit wir Ihnen helfen, Ihren Traum zu verwirklichen!<\/h6>\n<\/div><\/div><\/div><\/div><\/div><\/div><\/section><section class=\"l-section wpb_row height_auto\"><div class=\"l-section-h i-cf\"><div class=\"g-cols vc_row via_grid cols_1 laptops-cols_inherit tablets-cols_inherit mobiles-cols_1 valign_top type_default stacking_default\"><div class=\"wpb_column vc_column_container\"><div class=\"vc_column-inner\"><div class=\"w-separator size_medium\"><\/div><div id=\"ult-carousel-11205555096a09d6feaaf6b\" class=\"ult-carousel-wrapper   ult_horizontal\" data-gutter=\"15\" data-rtl=\"false\" ><div class=\"ult-carousel-7392175166a09d6feaaf47 \" ><div class=\"ult-item-wrap\" data-animation=\"animated no-animation\"><div class=\"w-flipbox animation_cardflip direction_w\"><div class=\"w-flipbox-h easing_ease\" style=\"transition-duration:0.5s;\"><div class=\"w-flipbox-hh\"><div class=\"w-flipbox-front\" style=\"color:#ffffff;background-image:url(https:\/\/travelstudio.com.br\/wp-content\/uploads\/2020\/08\/ilha_grande.jpg);\"><div class=\"w-flipbox-front-h\"><h2 class=\"w-flipbox-front-title\" style=\"font-size:30px;\">GROSSE INSEL<\/h2><\/div><\/div><div class=\"w-flipbox-back\" style=\"display:none;background:var(--color-header-top-bg);color:#ffffff;\"><div class=\"w-flipbox-back-h\"><div class=\"w-flipbox-back-desc\"><p>Wenn Sie sich f\u00fcr die Natur begeistern, ist Ilha Grande perfekt f\u00fcr Sie. In der Gemeinde Angra dos Reis gelegen, hat die Insel mehr als 100 sch\u00f6ne Str\u00e4nde und eine dichte Vegetation des Atlantischen Regenwaldes. T\u00fcrkisfarbenes Wasser, paradiesische Str\u00e4nde, abseits der Verschmutzung und des L\u00e4rms von Autos, wo Sie einen Passionsfrucht-Caipirinha probieren k\u00f6nnen, w\u00e4hrend ruhige Wellen Ihre F\u00fc\u00dfe k\u00fcssen. Lieben in Ilha Grande ist einfach, genie\u00dfen Sie dieses endlose Vergn\u00fcgen.<\/p>\n<\/div><\/div><\/div><\/div><\/div><\/div><\/div><div class=\"ult-item-wrap\" data-animation=\"animated no-animation\"><div class=\"w-flipbox animation_cardflip direction_w\"><div class=\"w-flipbox-h easing_ease\" style=\"transition-duration:0.5s;\"><div class=\"w-flipbox-hh\"><div class=\"w-flipbox-front\" style=\"color:#ffffff;background-image:url(https:\/\/travelstudio.com.br\/wp-content\/uploads\/2020\/01\/Praia_do_Pontal_do_Atalaia_2.jpg);\"><div class=\"w-flipbox-front-h\"><h4 class=\"w-flipbox-front-title\" style=\"font-size:30px;\">CAPE CAMP<\/h4><\/div><\/div><div class=\"w-flipbox-back\" style=\"display:none;background:var(--color-header-top-bg);color:#ffffff;\"><div class=\"w-flipbox-back-h\"><div class=\"w-flipbox-back-desc\"><p>Bekannt als die Carioca-Karibik f\u00fcr ihre wei\u00dfen K\u00fcsten, grasbedeckten D\u00fcnen und kristallklaren Gew\u00e4sser voller Meereslebewesen, ist Arraial do Cabo der perfekte Ort, um auch unter Wasser zu lieben! Diese kleine Stadt in der Seenregion ist ein beliebtes Ziel f\u00fcr Taucher, Schnorchler und Liebhaber des Meeres im Allgemeinen. Wenn Sie Ihren Traum mit einem m\u00f6glichen Paradies umrahmen m\u00f6chten, hat dies alles, um Ihr Ziel zu sein!<\/p>\n<\/div><\/div><\/div><\/div><\/div><\/div><\/div><\/div><\/div>\t\t\t<script type=\"text\/javascript\">\n\t\t\t\tjQuery(document).ready(function ($) {\n\t\t\t\t\tif( typeof jQuery('.ult-carousel-7392175166a09d6feaaf47').slick == \"function\"){\n\t\t\t\t\t\t$('.ult-carousel-7392175166a09d6feaaf47').slick({dots: false,autoplay: true,autoplaySpeed: \"5000\",speed: \"300\",infinite: true,arrows: true,nextArrow: '<button type=\"button\" role=\"button\" aria-label=\"Next\" style=\"color:#333333; font-size:20px;\" class=\"slick-next default\"><i class=\"ultsl-arrow-right4\"><\/i><\/button>',prevArrow: '<button type=\"button\" role=\"button\" aria-label=\"Previous\" style=\"color:#333333; font-size:20px;\" class=\"slick-prev default\"><i class=\"ultsl-arrow-left4\"><\/i><\/button>',slidesToScroll:2,slidesToShow:2,swipe: true,draggable: true,touchMove: true,pauseOnHover: true,pauseOnFocus: false,responsive: [\n\t\t\t\t\t\t\t{\n\t\t\t\t\t\t\t  breakpoint: 1026,\n\t\t\t\t\t\t\t  settings: {\n\t\t\t\t\t\t\t\tslidesToShow: 2,\n\t\t\t\t\t\t\t\tslidesToScroll: 2,  \n\t\t\t\t\t\t\t  }\n\t\t\t\t\t\t\t},\n\t\t\t\t\t\t\t{\n\t\t\t\t\t\t\t  breakpoint: 1025,\n\t\t\t\t\t\t\t  settings: {\n\t\t\t\t\t\t\t\tslidesToShow: 2,\n\t\t\t\t\t\t\t\tslidesToScroll: 2\n\t\t\t\t\t\t\t  }\n\t\t\t\t\t\t\t},\n\t\t\t\t\t\t\t{\n\t\t\t\t\t\t\t  breakpoint: 760,\n\t\t\t\t\t\t\t  settings: {\n\t\t\t\t\t\t\t\tslidesToShow: 1,\n\t\t\t\t\t\t\t\tslidesToScroll: 1\n\t\t\t\t\t\t\t  }\n\t\t\t\t\t\t\t}\n\t\t\t\t\t\t],pauseOnDotsHover: true,customPaging: function(slider, i) {\n                   return '<i type=\"button\" style= \"color:#333333;\" class=\"ultsl-record\" data-role=\"none\"><\/i>';\n                },});\n\t\t\t\t\t}\n\t\t\t\t});\n\t\t\t<\/script>\n\t\t\t<div id=\"ult-carousel-39586006346a09d6feab645\" class=\"ult-carousel-wrapper   ult_horizontal\" data-gutter=\"15\" data-rtl=\"false\" ><div class=\"ult-carousel-40725616536a09d6feab62b \" ><div class=\"ult-item-wrap\" data-animation=\"animated no-animation\"><div class=\"w-flipbox animation_cardflip direction_w\"><div class=\"w-flipbox-h easing_ease\" style=\"transition-duration:0.5s;\"><div class=\"w-flipbox-hh\"><div class=\"w-flipbox-front\" style=\"background:rgba(0,0,0,0.4);color:#ffffff;background-image:url(https:\/\/travelstudio.com.br\/wp-content\/uploads\/2020\/01\/Petropolis2.jpeg);\"><div class=\"w-flipbox-front-h\"><div class=\"w-flipbox-front-icon style_default\" style=\"font-size:2rem;\"><\/div><h4 class=\"w-flipbox-front-title\" style=\"font-size:30px;\">PETR\u00d3POLIS<\/h4><\/div><\/div><div class=\"w-flipbox-back\" style=\"display:none;background:var(--color-header-top-bg);color:#ffffff;\"><div class=\"w-flipbox-back-h\"><div class=\"w-flipbox-back-desc\"><p>Die Kolonialstadt Petr\u00f3polis liegt in der Bergregion von Rio und bietet eine Erfahrung, von der Sie nie gedacht h\u00e4tten, dass Sie hier leben k\u00f6nnten. Seine felsigen Gipfel und seine Wege in den Bergen lassen atemberaubende Landschaften mit wundersch\u00f6ner Vegetation und riesigen Wasserf\u00e4llen entstehen, w\u00e4hrend die Stadt selbst Charme ausstrahlt, weil sie voller Geschichte ist und Sie auf die Kaiserzeit verweist. Sie k\u00f6nnen all dies in nur einer Stunde Fahrt von Rio de Janeiro genie\u00dfen und Ihre Vereinigung mit all der Authentizit\u00e4t feiern, die dieser idyllische Ort bietet.<\/p>\n<\/div><\/div><\/div><\/div><\/div><\/div><\/div><div class=\"ult-item-wrap\" data-animation=\"animated no-animation\"><div class=\"w-flipbox animation_cardflip direction_w\"><div class=\"w-flipbox-h easing_ease\" style=\"transition-duration:0.5s;\"><div class=\"w-flipbox-hh\"><div class=\"w-flipbox-front\" style=\"color:#ffffff;background-image:url(https:\/\/travelstudio.com.br\/wp-content\/uploads\/2020\/01\/Santa-Teresa-1024x682.jpg);\"><div class=\"w-flipbox-front-h\"><h4 class=\"w-flipbox-front-title\" style=\"font-size:30px;\">ST. TERESA<\/h4><\/div><\/div><div class=\"w-flipbox-back\" style=\"display:none;background:var(--color-header-top-bg);color:#ffffff;\"><div class=\"w-flipbox-back-h\"><div class=\"w-flipbox-back-desc\"><p>Die beliebteste Boh\u00e8me-Hochburg unter K\u00fcnstlern und Musikern aus der ganzen Welt, in den H\u00fcgeln der Innenstadt von Rio gelegen, ist pure Inspiration. Seine bezaubernde Atmosph\u00e4re macht Santa Teresa zu einem perfekten Ort f\u00fcr eine unvergessliche Hochzeit oder eine entspannte Hochzeitsreise. Genie\u00dfen Sie einen Spaziergang durch die charmanten gewundenen Stra\u00dfen, voll von eleganten alten Herrenh\u00e4usern, die Galerien, Hotels, Boutiquen, Bars und Restaurants beherbergen, die so sch\u00f6n und romantisch sind, dass Sie sich wie ein Film f\u00fchlen werden!<\/p>\n<\/div><\/div><\/div><\/div><\/div><\/div><\/div><div class=\"ult-item-wrap\" data-animation=\"animated no-animation\"><div class=\"w-flipbox animation_cardflip direction_w\"><div class=\"w-flipbox-h easing_ease\" style=\"transition-duration:0.5s;\"><div class=\"w-flipbox-hh\"><div class=\"w-flipbox-front\" style=\"color:#ffffff;background-image:url(https:\/\/travelstudio.com.br\/wp-content\/uploads\/2020\/01\/Paraty2.jpeg);\"><div class=\"w-flipbox-front-h\"><h4 class=\"w-flipbox-front-title\" style=\"font-size:30px;\">ParaTY<\/h4><\/div><\/div><div class=\"w-flipbox-back\" style=\"display:none;background:var(--color-header-top-bg);color:#ffffff;\"><div class=\"w-flipbox-back-h\"><div class=\"w-flipbox-back-desc\"><p>Umgeben von Bergen, die in eine Bucht voller Inseln eintauchen, ist Paraty eine der spektakul\u00e4rsten Landschaften Brasiliens, mit seinem kolonialen Zentrum, das seit 1966 exquisit erhalten und als nationales historisches Erbe anerkannt ist, au\u00dferdem ist es von einem reichen \u00f6kologischen Reservat umgeben, das fast unber\u00fchrt ist. Spazieren Sie durch die romantischen Kopfsteinpflasterstra\u00dfen, fahren Sie mit einem Boot durch das ruhige Wasser zu paradiesischen Zielen, ideal zum Schnorcheln, f\u00fcr entspannende Momente an wei\u00dfen Sandstr\u00e4nden und f\u00fcr endlose Liebe. Paraty ist reine Liebe!<\/p>\n<\/div><\/div><\/div><\/div><\/div><\/div><\/div><\/div><\/div>\t\t\t<script type=\"text\/javascript\">\n\t\t\t\tjQuery(document).ready(function ($) {\n\t\t\t\t\tif( typeof jQuery('.ult-carousel-40725616536a09d6feab62b').slick == \"function\"){\n\t\t\t\t\t\t$('.ult-carousel-40725616536a09d6feab62b').slick({dots: false,autoplay: true,autoplaySpeed: \"5000\",speed: \"300\",infinite: true,arrows: true,nextArrow: '<button type=\"button\" role=\"button\" aria-label=\"Next\" style=\"color:#333333; font-size:20px;\" class=\"slick-next default\"><i class=\"ultsl-arrow-right4\"><\/i><\/button>',prevArrow: '<button type=\"button\" role=\"button\" aria-label=\"Previous\" style=\"color:#333333; font-size:20px;\" class=\"slick-prev default\"><i class=\"ultsl-arrow-left4\"><\/i><\/button>',slidesToScroll:3,slidesToShow:3,swipe: true,draggable: true,touchMove: true,pauseOnHover: true,pauseOnFocus: false,responsive: [\n\t\t\t\t\t\t\t{\n\t\t\t\t\t\t\t  breakpoint: 1026,\n\t\t\t\t\t\t\t  settings: {\n\t\t\t\t\t\t\t\tslidesToShow: 3,\n\t\t\t\t\t\t\t\tslidesToScroll: 3,  \n\t\t\t\t\t\t\t  }\n\t\t\t\t\t\t\t},\n\t\t\t\t\t\t\t{\n\t\t\t\t\t\t\t  breakpoint: 1025,\n\t\t\t\t\t\t\t  settings: {\n\t\t\t\t\t\t\t\tslidesToShow: 3,\n\t\t\t\t\t\t\t\tslidesToScroll: 3\n\t\t\t\t\t\t\t  }\n\t\t\t\t\t\t\t},\n\t\t\t\t\t\t\t{\n\t\t\t\t\t\t\t  breakpoint: 760,\n\t\t\t\t\t\t\t  settings: {\n\t\t\t\t\t\t\t\tslidesToShow: 1,\n\t\t\t\t\t\t\t\tslidesToScroll: 1\n\t\t\t\t\t\t\t  }\n\t\t\t\t\t\t\t}\n\t\t\t\t\t\t],pauseOnDotsHover: true,customPaging: function(slider, i) {\n                   return '<i type=\"button\" style= \"color:#333333;\" class=\"ultsl-record\" data-role=\"none\"><\/i>';\n                },});\n\t\t\t\t\t}\n\t\t\t\t});\n\t\t\t<\/script>\n\t\t\t<\/div><\/div><\/div><\/div><\/section><section class=\"l-section wpb_row height_auto width_full\"><div class=\"l-section-h i-cf\"><div class=\"g-cols vc_row via_grid cols_1 laptops-cols_inherit tablets-cols_inherit mobiles-cols_1 valign_top type_default stacking_default\"><div class=\"wpb_column vc_column_container\"><div class=\"vc_column-inner\"><section class=\"l-section wpb_row height_auto color_primary\"><div class=\"l-section-h i-cf\"><div class=\"g-cols vc_row via_grid cols_1 laptops-cols_inherit tablets-cols_inherit mobiles-cols_1 valign_top type_default stacking_default\"><div class=\"wpb_column vc_column_container\"><div class=\"vc_column-inner\"><div class=\"g-cols wpb_row via_grid cols_3 laptops-cols_inherit tablets-cols_inherit mobiles-cols_1 valign_top type_boxes stacking_default\" style=\"--columns-gap:80px;\"><div class=\"wpb_column vc_column_container us_custom_2dd6db5a has-link\"><div class=\"vc_column-inner\"><div class=\"w-iconbox iconpos_top style_default color_custom align_center\"><div class=\"w-iconbox-icon\" style=\"font-size:40px;--icon-color:#ffffff;\"><i class=\"fab fa-whatsapp\"><\/i><\/div><div class=\"w-iconbox-meta\"><h4 class=\"w-iconbox-title\" style=\"font-size:15px;\">&lt;b&gt;WHATSAPP&lt;\/b&gt;<\/h4><div class=\"w-iconbox-text\"><p><a href=\"https:\/\/api.whatsapp.com\/send?phone=5521972543640\" target=\"_blank\" rel=\"noopener noreferrer\">+55 21 97254-3640<\/a><\/p>\n<\/div><\/div><\/div><\/div><a href=\"https:\/\/api.whatsapp.com\/send?phone=552197254-3640https:\/\/api.whatsapp.com\/send?phone=552197254-3640\" class=\"vc_column-link smooth-scroll\" aria-label=\"Link\"><\/a><\/div><div class=\"wpb_column vc_column_container us_custom_2dd6db5a has-link\"><div class=\"vc_column-inner\"><div class=\"w-iconbox iconpos_top style_default color_custom align_center\"><div class=\"w-iconbox-icon\" style=\"font-size:40px;--icon-color:#ffffff;\"><i class=\"fas fa-envelope\"><\/i><\/div><div class=\"w-iconbox-meta\"><h4 class=\"w-iconbox-title\" style=\"font-size:15px;\">&lt;b&gt;E-MAIL&lt;\/b&gt;<\/h4><div class=\"w-iconbox-text\"><p>contact@travelstudio.com.br<\/p>\n<\/div><\/div><\/div><\/div><a title=\"Contato\" href=\"http:\/\/travelstudio.com.br\/contato\/\" class=\"vc_column-link smooth-scroll\"><\/a><\/div><div class=\"wpb_column vc_column_container us_custom_2dd6db5a has-link\"><div class=\"vc_column-inner\"><div class=\"w-iconbox iconpos_top style_default color_custom align_center no_text\"><div class=\"w-iconbox-icon\" style=\"font-size:40px;--icon-color:#ffffff;\"><i class=\"fas fa-laptop-code\"><\/i><\/div><div class=\"w-iconbox-meta\"><h4 class=\"w-iconbox-title\" style=\"font-size:15px;\">&lt;b&gt;LASSEN SIE SICH VON UNS KENNENLERNEN<br \/>\nEIN BISSCHEN MEHR&lt;\/b&gt;<\/h4><\/div><\/div><\/div><a href=\"http:\/\/travelstudio.com.br\/entre-em-contato-premium\/\" class=\"vc_column-link smooth-scroll\" aria-label=\"Link\"><\/a><\/div><\/div><\/div><\/div><\/div><\/div><\/section>\n<\/div><\/div><\/div><\/div><\/section>\n","protected":false},"excerpt":{"rendered":"Hochzeit &amp; FlitterwochenStartSeiten Wenn Sie auf der Suche nach einem einzigartigen Reiseziel f\u00fcr Ihre Hochzeit oder Ihre Flitterwochen sind, k\u00f6nnte Rio de Janeiro die richtige Wahl f\u00fcr Sie sein. Umgeben von atemberaubenden Bergen, umsp\u00fclt vom wundersch\u00f6nen Atlantischen Ozean und mit atemberaubender Aussicht, inspiriert Rios tropische Landschaft Leidenschaften und explodiert in Emotionen, was es zum perfekten...","protected":false},"author":7,"featured_media":0,"parent":11990,"menu_order":0,"comment_status":"closed","ping_status":"closed","template":"","meta":{"_acf_changed":false,"_joinchat":[],"footnotes":""},"class_list":["post-11993","page","type-page","status-publish","hentry"],"acf":[],"yoast_head":"<!-- This site is optimized with the Yoast SEO plugin v27.6 - https:\/\/yoast.com\/product\/yoast-seo-wordpress\/ -->\n<title>Hochzeit &amp; Flitterwochen Rio de Janeiro - Travel Studio<\/title>\n<meta name=\"description\" content=\"Unsere Planung, Unterkunftsberatung und Hotelreservierung \u00fcbertreffen die Erwartungen. Wir helfen Ihnen, Ihren Traum wahr werden zu lassen!\" \/>\n<meta name=\"robots\" content=\"index, follow, max-snippet:-1, max-image-preview:large, max-video-preview:-1\" \/>\n<link rel=\"canonical\" href=\"https:\/\/travelstudio.com.br\/de\/travel-studio-premium\/hochzeit-flitterwochen\/\" \/>\n<meta property=\"og:locale\" content=\"de_DE\" \/>\n<meta property=\"og:type\" content=\"article\" \/>\n<meta property=\"og:title\" content=\"Hochzeit &amp; Flitterwochen Rio de Janeiro - Travel Studio\" \/>\n<meta property=\"og:description\" content=\"Unsere Planung, Unterkunftsberatung und Hotelreservierung \u00fcbertreffen die Erwartungen. Wir helfen Ihnen, Ihren Traum wahr werden zu lassen!\" \/>\n<meta property=\"og:url\" content=\"https:\/\/travelstudio.com.br\/de\/travel-studio-premium\/hochzeit-flitterwochen\/\" \/>\n<meta property=\"og:site_name\" content=\"Travel Studio\" \/>\n<meta property=\"article:publisher\" content=\"https:\/\/www.facebook.com\/travelstudio.br\" \/>\n<meta property=\"article:modified_time\" content=\"2024-09-18T12:15:35+00:00\" \/>\n<meta name=\"twitter:card\" content=\"summary_large_image\" \/>\n<meta name=\"twitter:label1\" content=\"Gesch\u00e4tzte Lesezeit\" \/>\n\t<meta name=\"twitter:data1\" content=\"4\u00a0Minuten\" \/>\n<script type=\"application\/ld+json\" class=\"yoast-schema-graph\">{\"@context\":\"https:\\\/\\\/schema.org\",\"@graph\":[{\"@type\":\"WebPage\",\"@id\":\"https:\\\/\\\/travelstudio.com.br\\\/de\\\/travel-studio-premium\\\/hochzeit-flitterwochen\\\/\",\"url\":\"https:\\\/\\\/travelstudio.com.br\\\/de\\\/travel-studio-premium\\\/hochzeit-flitterwochen\\\/\",\"name\":\"Hochzeit &amp; Flitterwochen Rio de Janeiro - Travel Studio\",\"isPartOf\":{\"@id\":\"https:\\\/\\\/travelstudio.com.br\\\/de\\\/#website\"},\"datePublished\":\"2019-10-25T19:41:20+00:00\",\"dateModified\":\"2024-09-18T12:15:35+00:00\",\"description\":\"Unsere Planung, Unterkunftsberatung und Hotelreservierung \u00fcbertreffen die Erwartungen. Wir helfen Ihnen, Ihren Traum wahr werden zu lassen!\",\"breadcrumb\":{\"@id\":\"https:\\\/\\\/travelstudio.com.br\\\/de\\\/travel-studio-premium\\\/hochzeit-flitterwochen\\\/#breadcrumb\"},\"inLanguage\":\"de\",\"potentialAction\":[{\"@type\":\"ReadAction\",\"target\":[\"https:\\\/\\\/travelstudio.com.br\\\/de\\\/travel-studio-premium\\\/hochzeit-flitterwochen\\\/\"]}]},{\"@type\":\"BreadcrumbList\",\"@id\":\"https:\\\/\\\/travelstudio.com.br\\\/de\\\/travel-studio-premium\\\/hochzeit-flitterwochen\\\/#breadcrumb\",\"itemListElement\":[{\"@type\":\"ListItem\",\"position\":1,\"name\":\"In\u00edcio\",\"item\":\"https:\\\/\\\/travelstudio.com.br\\\/de\\\/\"},{\"@type\":\"ListItem\",\"position\":2,\"name\":\"Travel Studio Premium\",\"item\":\"https:\\\/\\\/travelstudio.com.br\\\/de\\\/travel-studio-premium\\\/\"},{\"@type\":\"ListItem\",\"position\":3,\"name\":\"Hochzeit &amp; Flitterwochen\"}]},{\"@type\":\"WebSite\",\"@id\":\"https:\\\/\\\/travelstudio.com.br\\\/de\\\/#website\",\"url\":\"https:\\\/\\\/travelstudio.com.br\\\/de\\\/\",\"name\":\"Travel Studio\",\"description\":\"Ag\u00eancia Turismo Receptivo no Rio de Janeiro, especializada em customiza\u00e7\u00e3o de passeios.\",\"potentialAction\":[{\"@type\":\"SearchAction\",\"target\":{\"@type\":\"EntryPoint\",\"urlTemplate\":\"https:\\\/\\\/travelstudio.com.br\\\/de\\\/?s={search_term_string}\"},\"query-input\":{\"@type\":\"PropertyValueSpecification\",\"valueRequired\":true,\"valueName\":\"search_term_string\"}}],\"inLanguage\":\"de\"}]}<\/script>\n<!-- \/ Yoast SEO plugin. -->","yoast_head_json":{"title":"Hochzeit &amp; Flitterwochen Rio de Janeiro - Travel Studio","description":"Unsere Planung, Unterkunftsberatung und Hotelreservierung \u00fcbertreffen die Erwartungen. Wir helfen Ihnen, Ihren Traum wahr werden zu lassen!","robots":{"index":"index","follow":"follow","max-snippet":"max-snippet:-1","max-image-preview":"max-image-preview:large","max-video-preview":"max-video-preview:-1"},"canonical":"https:\/\/travelstudio.com.br\/de\/travel-studio-premium\/hochzeit-flitterwochen\/","og_locale":"de_DE","og_type":"article","og_title":"Hochzeit &amp; Flitterwochen Rio de Janeiro - Travel Studio","og_description":"Unsere Planung, Unterkunftsberatung und Hotelreservierung \u00fcbertreffen die Erwartungen. Wir helfen Ihnen, Ihren Traum wahr werden zu lassen!","og_url":"https:\/\/travelstudio.com.br\/de\/travel-studio-premium\/hochzeit-flitterwochen\/","og_site_name":"Travel Studio","article_publisher":"https:\/\/www.facebook.com\/travelstudio.br","article_modified_time":"2024-09-18T12:15:35+00:00","twitter_card":"summary_large_image","twitter_misc":{"Gesch\u00e4tzte Lesezeit":"4\u00a0Minuten"},"schema":{"@context":"https:\/\/schema.org","@graph":[{"@type":"WebPage","@id":"https:\/\/travelstudio.com.br\/de\/travel-studio-premium\/hochzeit-flitterwochen\/","url":"https:\/\/travelstudio.com.br\/de\/travel-studio-premium\/hochzeit-flitterwochen\/","name":"Hochzeit &amp; Flitterwochen Rio de Janeiro - Travel Studio","isPartOf":{"@id":"https:\/\/travelstudio.com.br\/de\/#website"},"datePublished":"2019-10-25T19:41:20+00:00","dateModified":"2024-09-18T12:15:35+00:00","description":"Unsere Planung, Unterkunftsberatung und Hotelreservierung \u00fcbertreffen die Erwartungen. Wir helfen Ihnen, Ihren Traum wahr werden zu lassen!","breadcrumb":{"@id":"https:\/\/travelstudio.com.br\/de\/travel-studio-premium\/hochzeit-flitterwochen\/#breadcrumb"},"inLanguage":"de","potentialAction":[{"@type":"ReadAction","target":["https:\/\/travelstudio.com.br\/de\/travel-studio-premium\/hochzeit-flitterwochen\/"]}]},{"@type":"BreadcrumbList","@id":"https:\/\/travelstudio.com.br\/de\/travel-studio-premium\/hochzeit-flitterwochen\/#breadcrumb","itemListElement":[{"@type":"ListItem","position":1,"name":"In\u00edcio","item":"https:\/\/travelstudio.com.br\/de\/"},{"@type":"ListItem","position":2,"name":"Travel Studio Premium","item":"https:\/\/travelstudio.com.br\/de\/travel-studio-premium\/"},{"@type":"ListItem","position":3,"name":"Hochzeit &amp; Flitterwochen"}]},{"@type":"WebSite","@id":"https:\/\/travelstudio.com.br\/de\/#website","url":"https:\/\/travelstudio.com.br\/de\/","name":"Travel Studio","description":"Ag\u00eancia Turismo Receptivo no Rio de Janeiro, especializada em customiza\u00e7\u00e3o de passeios.","potentialAction":[{"@type":"SearchAction","target":{"@type":"EntryPoint","urlTemplate":"https:\/\/travelstudio.com.br\/de\/?s={search_term_string}"},"query-input":{"@type":"PropertyValueSpecification","valueRequired":true,"valueName":"search_term_string"}}],"inLanguage":"de"}]}},"_links":{"self":[{"href":"https:\/\/travelstudio.com.br\/de\/wp-json\/wp\/v2\/pages\/11993","targetHints":{"allow":["GET"]}}],"collection":[{"href":"https:\/\/travelstudio.com.br\/de\/wp-json\/wp\/v2\/pages"}],"about":[{"href":"https:\/\/travelstudio.com.br\/de\/wp-json\/wp\/v2\/types\/page"}],"author":[{"embeddable":true,"href":"https:\/\/travelstudio.com.br\/de\/wp-json\/wp\/v2\/users\/7"}],"replies":[{"embeddable":true,"href":"https:\/\/travelstudio.com.br\/de\/wp-json\/wp\/v2\/comments?post=11993"}],"version-history":[{"count":14,"href":"https:\/\/travelstudio.com.br\/de\/wp-json\/wp\/v2\/pages\/11993\/revisions"}],"predecessor-version":[{"id":13160,"href":"https:\/\/travelstudio.com.br\/de\/wp-json\/wp\/v2\/pages\/11993\/revisions\/13160"}],"up":[{"embeddable":true,"href":"https:\/\/travelstudio.com.br\/de\/wp-json\/wp\/v2\/pages\/11990"}],"wp:attachment":[{"href":"https:\/\/travelstudio.com.br\/de\/wp-json\/wp\/v2\/media?parent=11993"}],"curies":[{"name":"wp","href":"https:\/\/api.w.org\/{rel}","templated":true}]}}