{"id":11960,"date":"2019-10-25T20:10:15","date_gmt":"2019-10-25T20:10:15","guid":{"rendered":"https:\/\/travelstudio.com.br\/warum-travel-studio\/reise-rio-wellness\/"},"modified":"2024-09-18T12:14:22","modified_gmt":"2024-09-18T12:14:22","slug":"reise-rio-wellness","status":"publish","type":"page","link":"https:\/\/travelstudio.com.br\/de\/warum-travel-studio\/reise-rio-wellness\/","title":{"rendered":"Reise Rio Wellness"},"content":{"rendered":"<section class=\"l-section wpb_row height_medium color_primary with_img\"><div class=\"l-section-img\" role=\"img\" aria-label=\"Bild\" data-img-width=\"1100\" data-img-height=\"700\" style=\"background-image: url(https:\/\/travelstudio.com.br\/wp-content\/uploads\/2020\/12\/Rio-Travel-Bem-Estar1.jpg);background-repeat: no-repeat;\"><\/div><div class=\"l-section-overlay\" style=\"background:rgba(0,0,0,0.50)\"><\/div><div class=\"l-section-h i-cf\"><div class=\"g-cols vc_row via_grid cols_1 laptops-cols_inherit tablets-cols_inherit mobiles-cols_1 valign_top type_default stacking_default\"><div class=\"wpb_column vc_column_container\"><div class=\"vc_column-inner\"><h2 class=\"w-post-elm post_title align_center entry-title color_link_inherit\">Reise Rio Wellness<\/h2><div class=\"wpb_text_column\"><div class=\"wpb_wrapper\"><nav class=\"g-breadcrumbs separator_icon align_center\" itemscope itemtype=\"http:\/\/schema.org\/BreadcrumbList\"><div class=\"g-breadcrumbs-item\" itemscope itemprop=\"itemListElement\" itemtype=\"http:\/\/schema.org\/ListItem\"><a itemprop=\"item\" href=\"http:\/\/travelstudio.com.br\/de\/\"><span itemprop=\"name\">Start<\/span><\/a><meta itemprop=\"position\" content=\"1\"\/><\/div><div class=\"g-breadcrumbs-separator\"><i class=\"far fa-angle-right\"><\/i><\/div><div class=\"g-breadcrumbs-item\">Seiten<\/div><\/nav>\n<\/div><\/div><\/div><\/div><\/div><\/div><\/section><section class=\"l-section wpb_row us_custom_cace7be1 height_medium color_alternate\"><div class=\"l-section-h i-cf\"><div class=\"g-cols vc_row via_grid cols_1 laptops-cols_inherit tablets-cols_inherit mobiles-cols_1 valign_top type_default stacking_default\"><div class=\"wpb_column vc_column_container\"><div class=\"vc_column-inner\"><div id=\"ultimate-heading-5526a09ce1b95c58\" class=\"uvc-heading ult-adjust-bottom-margin ultimate-heading-5526a09ce1b95c58 uvc-6321 \" data-hspacer=\"line_only\"  data-halign=\"left\" style=\"text-align:left\"><div class=\"uvc-main-heading ult-responsive\"  data-ultimate-target='.uvc-heading.ultimate-heading-5526a09ce1b95c58 p'  data-responsive-json-new='{\"font-size\":\"desktop:20px;\",\"line-height\":\"desktop:40px;\"}' ><p style=\"font-weight:normal;\">DIE TRANSFORMATION BEGINNT HIER<\/p><\/div><div class=\"uvc-heading-spacer line_only\" style=\"topheight:2px;\"><span class=\"uvc-headings-line\" style=\"border-style:solid;border-bottom-width:2px;border-color:#b2d452;width:100px;\"><\/span><\/div><\/div><div class=\"w-separator size_medium\"><\/div><div class=\"wpb_text_column\"><div class=\"wpb_wrapper\"><p style=\"text-align: left;\">Mit Travel Studio kommen Sie nicht nur nach Rio, um Rio zu sehen, sondern um Rio zu sein. Rio de Janeiro ist nicht nur eine Stadt, es ist ein Lebensstil. Es ist \u00fcppige Natur inmitten des urbanen Chaos. Rio ist nicht nur gut auf dem Foto zu gehen, es ist zu erleben, teilzunehmen, Samba auf dem Rad zu samba, den H\u00fcgel zu erklimmen und auf den Boden zu gehen! Die Wunder dieser Stadt gehen weit \u00fcber Corcovado und Zuckerhut hinaus, w\u00e4hrend die Region unz\u00e4hlige M\u00f6glichkeiten bietet, f\u00fcr Momente des Wohlbefindens und der inneren Besinnung zu sorgen. Deshalb wollen wir Ihnen eine neue Form des Reisens und der Selbsterkenntnis n\u00e4her bringen. Wenn Sie ein Ziel suchen, um sich mit der Natur und sich selbst zu verbinden, sind Sie hier genau richtig. W\u00e4hlen Sie eines unserer Pakete und stellen Sie sich vor, dass Ihr Tag mit diesem Gef\u00fchl der Freiheit und dem totalen Herunterfahren der Routine beginnt. Sollen wir anfangen?<\/p>\n<\/div><\/div><div class=\"w-separator size_medium\"><\/div><\/div><\/div><\/div><\/div><\/section><section class=\"l-section wpb_row height_medium with_img parallax_fixed\"><div class=\"l-section-img\" role=\"img\" aria-label=\"Bild\" data-img-width=\"1100\" data-img-height=\"700\" style=\"background-image: url(https:\/\/travelstudio.com.br\/wp-content\/uploads\/2020\/12\/Explore-bem-estar-com-a-Travel-Studio.jpg);background-position: top center;background-repeat: no-repeat;\"><\/div><div class=\"l-section-overlay\" style=\"background:rgba(0,0,0,0.50)\"><\/div><div class=\"l-section-h i-cf\"><div class=\"g-cols vc_row via_grid cols_1 laptops-cols_inherit tablets-cols_inherit mobiles-cols_1 valign_top type_default stacking_default\"><div class=\"wpb_column vc_column_container\"><div class=\"vc_column-inner\"><div class=\"w-separator size_large\"><\/div><div class=\"w-btn-wrapper align_center\"><a class=\"w-btn us-btn-style_6\" title=\"Personalisierte Erlebnisse\" href=\"https:\/\/travelstudio.com.br\/de\/travel-studio-premium\/personalisierte-erlebnisse\/\"><span class=\"w-btn-label\">ENTDECKEN SIE TRANSFORMATIVE ERLEBNISSE<\/span><\/a><\/div><div class=\"w-separator size_large\"><\/div><\/div><\/div><\/div><\/div><\/section><section class=\"l-section wpb_row height_medium\"><div class=\"l-section-h i-cf\"><div class=\"g-cols vc_row via_grid cols_1 laptops-cols_inherit tablets-cols_inherit mobiles-cols_1 valign_top type_default stacking_default\"><div class=\"wpb_column vc_column_container\"><div class=\"vc_column-inner\"><\/div><\/div><\/div><\/div><\/section>\n","protected":false},"excerpt":{"rendered":"Reise Rio WellnessStartSeiten DIE TRANSFORMATION BEGINNT HIERMit Travel Studio kommen Sie nicht nur nach Rio, um Rio zu sehen, sondern um Rio zu sein. Rio de Janeiro ist nicht nur eine Stadt, es ist ein Lebensstil. Es ist \u00fcppige Natur inmitten des urbanen Chaos. Rio ist nicht nur gut auf dem Foto zu gehen, es...","protected":false},"author":7,"featured_media":0,"parent":11933,"menu_order":0,"comment_status":"closed","ping_status":"closed","template":"","meta":{"_acf_changed":false,"_joinchat":[],"footnotes":""},"class_list":["post-11960","page","type-page","status-publish","hentry"],"acf":[],"yoast_head":"<!-- This site is optimized with the Yoast SEO plugin v27.6 - https:\/\/yoast.com\/product\/yoast-seo-wordpress\/ -->\n<title>Rio Style - Energie und Stil von Rio de Janeiro - Travel Studio<\/title>\n<meta name=\"description\" content=\"Probieren Sie neue Blickwinkel und Ansichten aus. Die Wunder dieser Stadt gehen weit \u00fcber Corcovado und P\u00e3odeA\u00e7\u00facar hinaus.Lernen Sie unsere Vision des Tourismus in Rio kennen!\" \/>\n<meta name=\"robots\" content=\"index, follow, max-snippet:-1, max-image-preview:large, max-video-preview:-1\" \/>\n<link rel=\"canonical\" href=\"https:\/\/travelstudio.com.br\/de\/warum-travel-studio\/reise-rio-wellness\/\" \/>\n<meta property=\"og:locale\" content=\"de_DE\" \/>\n<meta property=\"og:type\" content=\"article\" \/>\n<meta property=\"og:title\" content=\"Rio Style - Energie und Stil von Rio de Janeiro - Travel Studio\" \/>\n<meta property=\"og:description\" content=\"Probieren Sie neue Blickwinkel und Ansichten aus. Die Wunder dieser Stadt gehen weit \u00fcber Corcovado und P\u00e3odeA\u00e7\u00facar hinaus.Lernen Sie unsere Vision des Tourismus in Rio kennen!\" \/>\n<meta property=\"og:url\" content=\"https:\/\/travelstudio.com.br\/de\/warum-travel-studio\/reise-rio-wellness\/\" \/>\n<meta property=\"og:site_name\" content=\"Travel Studio\" \/>\n<meta property=\"article:publisher\" content=\"https:\/\/www.facebook.com\/travelstudio.br\" \/>\n<meta property=\"article:modified_time\" content=\"2024-09-18T12:14:22+00:00\" \/>\n<meta name=\"twitter:card\" content=\"summary_large_image\" \/>\n<meta name=\"twitter:label1\" content=\"Gesch\u00e4tzte Lesezeit\" \/>\n\t<meta name=\"twitter:data1\" content=\"2\u00a0Minuten\" \/>\n<script type=\"application\/ld+json\" class=\"yoast-schema-graph\">{\"@context\":\"https:\\\/\\\/schema.org\",\"@graph\":[{\"@type\":\"WebPage\",\"@id\":\"https:\\\/\\\/travelstudio.com.br\\\/de\\\/warum-travel-studio\\\/reise-rio-wellness\\\/\",\"url\":\"https:\\\/\\\/travelstudio.com.br\\\/de\\\/warum-travel-studio\\\/reise-rio-wellness\\\/\",\"name\":\"Rio Style - Energie und Stil von Rio de Janeiro - Travel Studio\",\"isPartOf\":{\"@id\":\"https:\\\/\\\/travelstudio.com.br\\\/de\\\/#website\"},\"datePublished\":\"2019-10-25T20:10:15+00:00\",\"dateModified\":\"2024-09-18T12:14:22+00:00\",\"description\":\"Probieren Sie neue Blickwinkel und Ansichten aus. Die Wunder dieser Stadt gehen weit \u00fcber Corcovado und P\u00e3odeA\u00e7\u00facar hinaus.Lernen Sie unsere Vision des Tourismus in Rio kennen!\",\"breadcrumb\":{\"@id\":\"https:\\\/\\\/travelstudio.com.br\\\/de\\\/warum-travel-studio\\\/reise-rio-wellness\\\/#breadcrumb\"},\"inLanguage\":\"de\",\"potentialAction\":[{\"@type\":\"ReadAction\",\"target\":[\"https:\\\/\\\/travelstudio.com.br\\\/de\\\/warum-travel-studio\\\/reise-rio-wellness\\\/\"]}]},{\"@type\":\"BreadcrumbList\",\"@id\":\"https:\\\/\\\/travelstudio.com.br\\\/de\\\/warum-travel-studio\\\/reise-rio-wellness\\\/#breadcrumb\",\"itemListElement\":[{\"@type\":\"ListItem\",\"position\":1,\"name\":\"In\u00edcio\",\"item\":\"https:\\\/\\\/travelstudio.com.br\\\/de\\\/\"},{\"@type\":\"ListItem\",\"position\":2,\"name\":\"Warum Travel Studio?\",\"item\":\"https:\\\/\\\/travelstudio.com.br\\\/de\\\/warum-travel-studio\\\/\"},{\"@type\":\"ListItem\",\"position\":3,\"name\":\"Reise Rio Wellness\"}]},{\"@type\":\"WebSite\",\"@id\":\"https:\\\/\\\/travelstudio.com.br\\\/de\\\/#website\",\"url\":\"https:\\\/\\\/travelstudio.com.br\\\/de\\\/\",\"name\":\"Travel Studio\",\"description\":\"Ag\u00eancia Turismo Receptivo no Rio de Janeiro, especializada em customiza\u00e7\u00e3o de passeios.\",\"potentialAction\":[{\"@type\":\"SearchAction\",\"target\":{\"@type\":\"EntryPoint\",\"urlTemplate\":\"https:\\\/\\\/travelstudio.com.br\\\/de\\\/?s={search_term_string}\"},\"query-input\":{\"@type\":\"PropertyValueSpecification\",\"valueRequired\":true,\"valueName\":\"search_term_string\"}}],\"inLanguage\":\"de\"}]}<\/script>\n<!-- \/ Yoast SEO plugin. -->","yoast_head_json":{"title":"Rio Style - Energie und Stil von Rio de Janeiro - Travel Studio","description":"Probieren Sie neue Blickwinkel und Ansichten aus. Die Wunder dieser Stadt gehen weit \u00fcber Corcovado und P\u00e3odeA\u00e7\u00facar hinaus.Lernen Sie unsere Vision des Tourismus in Rio kennen!","robots":{"index":"index","follow":"follow","max-snippet":"max-snippet:-1","max-image-preview":"max-image-preview:large","max-video-preview":"max-video-preview:-1"},"canonical":"https:\/\/travelstudio.com.br\/de\/warum-travel-studio\/reise-rio-wellness\/","og_locale":"de_DE","og_type":"article","og_title":"Rio Style - Energie und Stil von Rio de Janeiro - Travel Studio","og_description":"Probieren Sie neue Blickwinkel und Ansichten aus. Die Wunder dieser Stadt gehen weit \u00fcber Corcovado und P\u00e3odeA\u00e7\u00facar hinaus.Lernen Sie unsere Vision des Tourismus in Rio kennen!","og_url":"https:\/\/travelstudio.com.br\/de\/warum-travel-studio\/reise-rio-wellness\/","og_site_name":"Travel Studio","article_publisher":"https:\/\/www.facebook.com\/travelstudio.br","article_modified_time":"2024-09-18T12:14:22+00:00","twitter_card":"summary_large_image","twitter_misc":{"Gesch\u00e4tzte Lesezeit":"2\u00a0Minuten"},"schema":{"@context":"https:\/\/schema.org","@graph":[{"@type":"WebPage","@id":"https:\/\/travelstudio.com.br\/de\/warum-travel-studio\/reise-rio-wellness\/","url":"https:\/\/travelstudio.com.br\/de\/warum-travel-studio\/reise-rio-wellness\/","name":"Rio Style - Energie und Stil von Rio de Janeiro - Travel Studio","isPartOf":{"@id":"https:\/\/travelstudio.com.br\/de\/#website"},"datePublished":"2019-10-25T20:10:15+00:00","dateModified":"2024-09-18T12:14:22+00:00","description":"Probieren Sie neue Blickwinkel und Ansichten aus. Die Wunder dieser Stadt gehen weit \u00fcber Corcovado und P\u00e3odeA\u00e7\u00facar hinaus.Lernen Sie unsere Vision des Tourismus in Rio kennen!","breadcrumb":{"@id":"https:\/\/travelstudio.com.br\/de\/warum-travel-studio\/reise-rio-wellness\/#breadcrumb"},"inLanguage":"de","potentialAction":[{"@type":"ReadAction","target":["https:\/\/travelstudio.com.br\/de\/warum-travel-studio\/reise-rio-wellness\/"]}]},{"@type":"BreadcrumbList","@id":"https:\/\/travelstudio.com.br\/de\/warum-travel-studio\/reise-rio-wellness\/#breadcrumb","itemListElement":[{"@type":"ListItem","position":1,"name":"In\u00edcio","item":"https:\/\/travelstudio.com.br\/de\/"},{"@type":"ListItem","position":2,"name":"Warum Travel Studio?","item":"https:\/\/travelstudio.com.br\/de\/warum-travel-studio\/"},{"@type":"ListItem","position":3,"name":"Reise Rio Wellness"}]},{"@type":"WebSite","@id":"https:\/\/travelstudio.com.br\/de\/#website","url":"https:\/\/travelstudio.com.br\/de\/","name":"Travel Studio","description":"Ag\u00eancia Turismo Receptivo no Rio de Janeiro, especializada em customiza\u00e7\u00e3o de passeios.","potentialAction":[{"@type":"SearchAction","target":{"@type":"EntryPoint","urlTemplate":"https:\/\/travelstudio.com.br\/de\/?s={search_term_string}"},"query-input":{"@type":"PropertyValueSpecification","valueRequired":true,"valueName":"search_term_string"}}],"inLanguage":"de"}]}},"_links":{"self":[{"href":"https:\/\/travelstudio.com.br\/de\/wp-json\/wp\/v2\/pages\/11960","targetHints":{"allow":["GET"]}}],"collection":[{"href":"https:\/\/travelstudio.com.br\/de\/wp-json\/wp\/v2\/pages"}],"about":[{"href":"https:\/\/travelstudio.com.br\/de\/wp-json\/wp\/v2\/types\/page"}],"author":[{"embeddable":true,"href":"https:\/\/travelstudio.com.br\/de\/wp-json\/wp\/v2\/users\/7"}],"replies":[{"embeddable":true,"href":"https:\/\/travelstudio.com.br\/de\/wp-json\/wp\/v2\/comments?post=11960"}],"version-history":[{"count":4,"href":"https:\/\/travelstudio.com.br\/de\/wp-json\/wp\/v2\/pages\/11960\/revisions"}],"predecessor-version":[{"id":13127,"href":"https:\/\/travelstudio.com.br\/de\/wp-json\/wp\/v2\/pages\/11960\/revisions\/13127"}],"up":[{"embeddable":true,"href":"https:\/\/travelstudio.com.br\/de\/wp-json\/wp\/v2\/pages\/11933"}],"wp:attachment":[{"href":"https:\/\/travelstudio.com.br\/de\/wp-json\/wp\/v2\/media?parent=11960"}],"curies":[{"name":"wp","href":"https:\/\/api.w.org\/{rel}","templated":true}]}}