{"id":11931,"date":"2020-10-27T18:36:46","date_gmt":"2020-10-27T18:36:46","guid":{"rendered":"https:\/\/travelstudio.com.br\/cookie-richtlinie\/"},"modified":"2023-01-03T17:10:09","modified_gmt":"2023-01-03T17:10:09","slug":"cookie-richtlinie","status":"publish","type":"page","link":"https:\/\/travelstudio.com.br\/de\/cookie-richtlinie\/","title":{"rendered":"Cookie-Richtlinie"},"content":{"rendered":"<p><strong>Datenschutzrichtlinie<\/strong><\/p>\n<p>Travel Studio verpflichtet sich zur Transparenz, Vertraulichkeit und Sicherheit der Daten seiner Kunden w\u00e4hrend des gesamten Interaktionsprozesses mit unserer Website. Ihre personenbezogenen Daten (&#8220;Daten&#8221;) sind wertvolle Verm\u00f6genswerte, die es zu bewahren gilt. Deshalb m\u00fcssen Sie genau wissen, wie sie verwendet werden k\u00f6nnen, und wir haben unsere Datenschutzrichtlinie (&#8220;Richtlinie&#8221;) erstellt.<\/p>\n<p><strong>1. F\u00fcr wen gilt diese Datenschutzerkl\u00e4rung?<\/strong><\/p>\n<p>Sie gilt f\u00fcr alle Kunden des Reiseb\u00fcros, die in irgendeiner Weise die personenbezogenen Daten von uns verarbeiten lassen. Damit Sie alle Vorteile unserer Dienstleistungen genie\u00dfen und an Werbeaktionen und Rabatten teilnehmen k\u00f6nnen, ist der erste Schritt die Erstellung eines Travel Studio-Kontos oder Ihre Registrierung in unseren Registrierungen.<\/p>\n<p><strong>2. Warum diese Datenschutzerkl\u00e4rung?<\/strong><\/p>\n<p><strong>2.1 F\u00fcr die Registrierung Ihres Travel Studio-Kontos<\/strong><br \/>\nWenn Sie Ihr Reisekonto erstellen, bitten wir Sie um Daten wie Name und E-Mail, um ein Login und ein Passwort zu erstellen.<\/p>\n<p><strong>2.2 Daten aus anderen Travel Studio-Registrierungen<\/strong><br \/>\nWir erfassen Daten, die den Login-Daten von Reisestudios \u00e4hneln, wenn Sie bestimmte Dienste wie unseren E-Commerce nutzen.<\/p>\n<p><strong>2.3. F\u00fcr Ihr Surfen auf unserer Website<\/strong><br \/>\nWir erfassen Daten, wenn Sie auf unsere Website zugreifen, Formulare suchen und ausf\u00fcllen, wie beim Ausf\u00fcllen eines Formulars f\u00fcr personalisierte Erfahrungen.<\/p>\n<p><strong>2.4 F\u00fcr die Verwendung von Cookies<\/strong><br \/>\nCookies werden verwendet, um Besuchsgewohnheiten zu beobachten, da sie es uns erm\u00f6glichen, uns an Ihre Pr\u00e4ferenzen zu erinnern, Anzeigen zu schalten und Zielgruppen zu analysieren, um Ihre Benutzererfahrung zu verbessern.<\/p>\n<p><em>Kategorien von Cookies<\/em><\/p>\n<p><strong>Unbedingt erforderlich<\/strong><br \/>\nNotwendig f\u00fcr den Betrieb der Website, da sie es Ihnen erm\u00f6glichen, unsere Website zu durchsuchen und die Dienste und Ressourcen zu nutzen. Diese Cookies sammeln Informationen in der Regel anonym und erm\u00f6glichen es Ihnen, Informationen wie die Anzahl der Besucher einer Seite, wie Besucher auf die Website gelangt sind und die aufgerufenen Seiten zu ermitteln.<\/p>\n<p><strong>Funktionalit\u00e4t<\/strong><br \/>\nCookies in dieser Kategorie erm\u00f6glichen es Travel Studio, Informationen \u00fcber Ihr Verhalten und Ihre Pr\u00e4ferenzen zu speichern, z. B. eine ausgew\u00e4hlte Stadt oder Aktivit\u00e4ten, die f\u00fcr Sie von Interesse sind.<br \/>\nDer Verlust von Informationen, die in einem Pr\u00e4ferenz-Cookie gespeichert sind, kann die Website-Erfahrung weniger funktional machen, verhindert jedoch nicht, dass sie funktioniert.<\/p>\n<p><strong>Werbung und Targeting<\/strong><br \/>\nTravel Studio verwendet einige Cookies zu Werbezwecken, um Werbung zu schalten und Werbekampagnen entsprechend einer bestimmten Zielgruppe durchzuf\u00fchren. Durch diese ist es m\u00f6glich, Anzeigen entsprechend Ihrem Verbrauchsprofil auf der Website zu schalten.<\/p>\n<p><strong>Wie \u00e4ndere oder blockiere ich Cookies?<\/strong><br \/>\nDie meisten Browser sind so konfiguriert, dass sie Cookies automatisch akzeptieren. Sie k\u00f6nnen jedoch die Einstellungen \u00e4ndern, um Cookies zu blockieren oder Sie zu benachrichtigen, wenn ein Cookie an Ihr Ger\u00e4t gesendet wird. Es gibt mehrere M\u00f6glichkeiten, Cookies zu verwalten, und Sie k\u00f6nnen einen allgemeinen Block f\u00fcr Cookies erstellen, Cookies von einer bestimmten Website blockieren und sogar Cookies von Drittanbietern von einer Website blockieren. Das Blockieren aller Cookies beeintr\u00e4chtigt das Funktionieren Ihrer Erfahrung, da Sie nicht in der Lage sind, Ihre Pr\u00e4ferenzen zu identifizieren und relevante Inhalte und Werbung zu empfehlen.<br \/>\nLesen Sie die Anweisungen Ihres Browsers, um mehr \u00fcber das Anpassen oder \u00c4ndern Ihrer Einstellungen zu erfahren, und denken Sie daran, dass die gew\u00fcnschte Einstellung auf allen Ger\u00e4ten repliziert werden muss, die f\u00fcr den Zugriff auf die Dienste verwendet werden (z. B. Computer, Smartphones, Tablets).<\/p>\n<p><strong>3. Wie verwenden wir Ihre Daten?<\/strong><\/p>\n<p><strong>Bereitstellung von Dienstleistungen f\u00fcr Sie<\/strong><br \/>\nIhre Daten werden erfasst, damit wir Inhalte bereitstellen, Zahlungen verarbeiten und Dienstleistungen anbieten k\u00f6nnen, die f\u00fcr Sie von Interesse sein k\u00f6nnten:<\/p>\n<p>o Erm\u00f6glichung der Lieferung unserer Produkte durch E-Commerce;<br \/>\no Bearbeitung der Zahlung im Falle des Kaufs<br \/>\no Best\u00e4tigung und Vervollst\u00e4ndigung Ihrer Daten in \u00dcbereinstimmung mit der mit Ihnen bestehenden Beziehung;<br \/>\no Erf\u00fcllen Sie die Anforderungen von Werbeaktionen und kommerziellen Aktionen.<br \/>\no Senden Sie Best\u00e4tigungen und erf\u00fcllen Sie Ihre Anfragen<br \/>\no Holen Sie sich die Kredithistorie, um Betrugsf\u00e4lle zu erkennen und zu verhindern.<\/p>\n<p><strong>Kommunizieren Sie mit Ihnen<\/strong><br \/>\nWir erfassen Ihre Daten, um unsere Dienstleistungen zu verbessern, zu antworten, wenn Sie uns kontaktieren, und um Sie \u00fcber Angelegenheiten auf dem Laufenden zu halten, die f\u00fcr Sie von Interesse sind.<\/p>\n<p><strong>Verbessern, Analysieren von Services und Entwickeln neuer Services<\/strong><br \/>\nIhre Daten k\u00f6nnen f\u00fcr Forschungs-, Analyse- und Innovationsaktivit\u00e4ten unserer Produkte und Dienstleistungen verwendet werden.<\/p>\n<p><strong>4. An wen geben wir Ihre Daten weiter?<\/strong><br \/>\nDie gesammelten Informationen werden nur weitergegeben, wenn dies erforderlich ist: i) f\u00fcr die ordnungsgem\u00e4\u00dfe Erbringung der Dienstleistungen, die Gegenstand ihrer T\u00e4tigkeit mit Partnerunternehmen sind; ii) Schutz im Konfliktfall; iii) durch gerichtliche Entscheidung oder Antrag einer zust\u00e4ndigen Beh\u00f6rde; iv) mit Unternehmen, die technologische und betriebliche Infrastruktur bereitstellen, wie z. B. Zahlungsvermittler und Anbieter von Informationsspeicherdiensten.<\/p>\n<p><strong>5. Wie sch\u00fctzen wir Ihre Daten?<\/strong><br \/>\nTravel Studio implementiert Sicherheitskontrollen, um Ihre Daten zu sch\u00fctzen.<br \/>\nWir wenden Praktiken an, die an technischen und regulatorischen Marktstandards f\u00fcr Datensicherheit und Datenschutz ausgerichtet sind, mit umfassenden Ma\u00dfnahmen in technologischen und organisatorischen Prozessen.<\/p>\n<p><strong>6. Wie k\u00f6nnen Sie Ihre pers\u00f6nlichen Daten sch\u00fctzen?<\/strong><br \/>\nTravel Studio verwendet die besten Sicherheitsprotokolle, um die Privatsph\u00e4re der Kundendaten zu sch\u00fctzen, empfiehlt aber auch individuelle Schutzma\u00dfnahmen.<br \/>\nUm die Sicherheit und den Schutz Ihrer bei der Registrierung oder beim Kauf angegebenen personenbezogenen Daten zu gew\u00e4hrleisten, sollten Ihr Login und Ihr Passwort in keinem Fall an Dritte weitergegeben werden. Stellen Sie au\u00dferdem beim Zugriff auf Ihre Registrierung \u00fcber &#8220;Mein Konto&#8221;, insbesondere auf \u00f6ffentlichen Computern, sicher, dass Sie sich von Ihrem Konto abgemeldet haben, um zu verhindern, dass Unbefugte ohne Ihr Wissen auf die Informationen zugreifen und diese verwenden. Wir fragen nicht nach pers\u00f6nlichen Daten per Telefon, Whatsapp, SMS oder E-Mail. Unter keinen Umst\u00e4nden sollten sie zur Verf\u00fcgung gestellt werden, da es sich um einen Missbrauchsversuch handeln kann.<\/p>\n<p><strong>7. Weitere wichtige Datenschutzhinweise<\/strong><br \/>\nWenn \u00c4nderungen an unserer Datenschutzrichtlinie vorgenommen werden, erhalten Sie eine E-Mail.<\/p>\n<p><strong>8. Wie kontaktiere ich den Datenschutzbeauftragten von Travel Studio?<\/strong><br \/>\nDer Datenschutzbeauftragte ist die verantwortliche Person, die von Travel Studio ausgew\u00e4hlt wurde, um als Kommunikationskanal zwischen dem Verantwortlichen, den betroffenen Personen und der Nationalen Datenschutzbeh\u00f6rde (ANPD) zu fungieren, wenn es formalisiert wird. Alle Fragen k\u00f6nnen an die E-Mail-contact@travelstudio.com.br weitergeleitet werden.<\/p>\n","protected":false},"excerpt":{"rendered":"<p>Datenschutzrichtlinie Travel Studio verpflichtet sich zur Transparenz, Vertraulichkeit und Sicherheit der Daten seiner Kunden w\u00e4hrend des gesamten Interaktionsprozesses mit unserer Website. Ihre personenbezogenen Daten (&#8220;Daten&#8221;) sind wertvolle Verm\u00f6genswerte, die es zu bewahren gilt. Deshalb m\u00fcssen Sie genau wissen, wie sie verwendet werden k\u00f6nnen, und wir haben unsere Datenschutzrichtlinie (&#8220;Richtlinie&#8221;) erstellt. 1. F\u00fcr wen gilt diese&#8230;<\/p>\n","protected":false},"author":4,"featured_media":0,"parent":0,"menu_order":0,"comment_status":"closed","ping_status":"closed","template":"","meta":{"_acf_changed":false,"_joinchat":[],"footnotes":""},"class_list":["post-11931","page","type-page","status-publish","hentry"],"acf":[],"yoast_head":"<!-- This site is optimized with the Yoast SEO plugin v27.6 - https:\/\/yoast.com\/product\/yoast-seo-wordpress\/ -->\n<title>Cookie-Richtlinie - Travel Studio<\/title>\n<meta name=\"robots\" content=\"index, follow, max-snippet:-1, max-image-preview:large, max-video-preview:-1\" \/>\n<link rel=\"canonical\" href=\"https:\/\/travelstudio.com.br\/de\/cookie-richtlinie\/\" \/>\n<meta property=\"og:locale\" content=\"de_DE\" \/>\n<meta property=\"og:type\" content=\"article\" \/>\n<meta property=\"og:title\" content=\"Cookie-Richtlinie - Travel Studio\" \/>\n<meta property=\"og:description\" content=\"Datenschutzrichtlinie Travel Studio verpflichtet sich zur Transparenz, Vertraulichkeit und Sicherheit der Daten seiner Kunden w\u00e4hrend des gesamten Interaktionsprozesses mit unserer Website. Ihre personenbezogenen Daten (&#8220;Daten&#8221;) sind wertvolle Verm\u00f6genswerte, die es zu bewahren gilt. Deshalb m\u00fcssen Sie genau wissen, wie sie verwendet werden k\u00f6nnen, und wir haben unsere Datenschutzrichtlinie (&#8220;Richtlinie&#8221;) erstellt. 1. F\u00fcr wen gilt diese...\" \/>\n<meta property=\"og:url\" content=\"https:\/\/travelstudio.com.br\/de\/cookie-richtlinie\/\" \/>\n<meta property=\"og:site_name\" content=\"Travel Studio\" \/>\n<meta property=\"article:publisher\" content=\"https:\/\/www.facebook.com\/travelstudio.br\" \/>\n<meta property=\"article:modified_time\" content=\"2023-01-03T17:10:09+00:00\" \/>\n<meta name=\"twitter:card\" content=\"summary_large_image\" \/>\n<meta name=\"twitter:label1\" content=\"Gesch\u00e4tzte Lesezeit\" \/>\n\t<meta name=\"twitter:data1\" content=\"5\u00a0Minuten\" \/>\n<script type=\"application\/ld+json\" class=\"yoast-schema-graph\">{\"@context\":\"https:\\\/\\\/schema.org\",\"@graph\":[{\"@type\":\"WebPage\",\"@id\":\"https:\\\/\\\/travelstudio.com.br\\\/de\\\/cookie-richtlinie\\\/\",\"url\":\"https:\\\/\\\/travelstudio.com.br\\\/de\\\/cookie-richtlinie\\\/\",\"name\":\"Cookie-Richtlinie - Travel Studio\",\"isPartOf\":{\"@id\":\"https:\\\/\\\/travelstudio.com.br\\\/de\\\/#website\"},\"datePublished\":\"2020-10-27T18:36:46+00:00\",\"dateModified\":\"2023-01-03T17:10:09+00:00\",\"breadcrumb\":{\"@id\":\"https:\\\/\\\/travelstudio.com.br\\\/de\\\/cookie-richtlinie\\\/#breadcrumb\"},\"inLanguage\":\"de\",\"potentialAction\":[{\"@type\":\"ReadAction\",\"target\":[\"https:\\\/\\\/travelstudio.com.br\\\/de\\\/cookie-richtlinie\\\/\"]}]},{\"@type\":\"BreadcrumbList\",\"@id\":\"https:\\\/\\\/travelstudio.com.br\\\/de\\\/cookie-richtlinie\\\/#breadcrumb\",\"itemListElement\":[{\"@type\":\"ListItem\",\"position\":1,\"name\":\"In\u00edcio\",\"item\":\"https:\\\/\\\/travelstudio.com.br\\\/de\\\/\"},{\"@type\":\"ListItem\",\"position\":2,\"name\":\"Cookie-Richtlinie\"}]},{\"@type\":\"WebSite\",\"@id\":\"https:\\\/\\\/travelstudio.com.br\\\/de\\\/#website\",\"url\":\"https:\\\/\\\/travelstudio.com.br\\\/de\\\/\",\"name\":\"Travel Studio\",\"description\":\"Ag\u00eancia Turismo Receptivo no Rio de Janeiro, especializada em customiza\u00e7\u00e3o de passeios.\",\"potentialAction\":[{\"@type\":\"SearchAction\",\"target\":{\"@type\":\"EntryPoint\",\"urlTemplate\":\"https:\\\/\\\/travelstudio.com.br\\\/de\\\/?s={search_term_string}\"},\"query-input\":{\"@type\":\"PropertyValueSpecification\",\"valueRequired\":true,\"valueName\":\"search_term_string\"}}],\"inLanguage\":\"de\"}]}<\/script>\n<!-- \/ Yoast SEO plugin. -->","yoast_head_json":{"title":"Cookie-Richtlinie - Travel Studio","robots":{"index":"index","follow":"follow","max-snippet":"max-snippet:-1","max-image-preview":"max-image-preview:large","max-video-preview":"max-video-preview:-1"},"canonical":"https:\/\/travelstudio.com.br\/de\/cookie-richtlinie\/","og_locale":"de_DE","og_type":"article","og_title":"Cookie-Richtlinie - Travel Studio","og_description":"Datenschutzrichtlinie Travel Studio verpflichtet sich zur Transparenz, Vertraulichkeit und Sicherheit der Daten seiner Kunden w\u00e4hrend des gesamten Interaktionsprozesses mit unserer Website. Ihre personenbezogenen Daten (&#8220;Daten&#8221;) sind wertvolle Verm\u00f6genswerte, die es zu bewahren gilt. Deshalb m\u00fcssen Sie genau wissen, wie sie verwendet werden k\u00f6nnen, und wir haben unsere Datenschutzrichtlinie (&#8220;Richtlinie&#8221;) erstellt. 1. F\u00fcr wen gilt diese...","og_url":"https:\/\/travelstudio.com.br\/de\/cookie-richtlinie\/","og_site_name":"Travel Studio","article_publisher":"https:\/\/www.facebook.com\/travelstudio.br","article_modified_time":"2023-01-03T17:10:09+00:00","twitter_card":"summary_large_image","twitter_misc":{"Gesch\u00e4tzte Lesezeit":"5\u00a0Minuten"},"schema":{"@context":"https:\/\/schema.org","@graph":[{"@type":"WebPage","@id":"https:\/\/travelstudio.com.br\/de\/cookie-richtlinie\/","url":"https:\/\/travelstudio.com.br\/de\/cookie-richtlinie\/","name":"Cookie-Richtlinie - Travel Studio","isPartOf":{"@id":"https:\/\/travelstudio.com.br\/de\/#website"},"datePublished":"2020-10-27T18:36:46+00:00","dateModified":"2023-01-03T17:10:09+00:00","breadcrumb":{"@id":"https:\/\/travelstudio.com.br\/de\/cookie-richtlinie\/#breadcrumb"},"inLanguage":"de","potentialAction":[{"@type":"ReadAction","target":["https:\/\/travelstudio.com.br\/de\/cookie-richtlinie\/"]}]},{"@type":"BreadcrumbList","@id":"https:\/\/travelstudio.com.br\/de\/cookie-richtlinie\/#breadcrumb","itemListElement":[{"@type":"ListItem","position":1,"name":"In\u00edcio","item":"https:\/\/travelstudio.com.br\/de\/"},{"@type":"ListItem","position":2,"name":"Cookie-Richtlinie"}]},{"@type":"WebSite","@id":"https:\/\/travelstudio.com.br\/de\/#website","url":"https:\/\/travelstudio.com.br\/de\/","name":"Travel Studio","description":"Ag\u00eancia Turismo Receptivo no Rio de Janeiro, especializada em customiza\u00e7\u00e3o de passeios.","potentialAction":[{"@type":"SearchAction","target":{"@type":"EntryPoint","urlTemplate":"https:\/\/travelstudio.com.br\/de\/?s={search_term_string}"},"query-input":{"@type":"PropertyValueSpecification","valueRequired":true,"valueName":"search_term_string"}}],"inLanguage":"de"}]}},"_links":{"self":[{"href":"https:\/\/travelstudio.com.br\/de\/wp-json\/wp\/v2\/pages\/11931","targetHints":{"allow":["GET"]}}],"collection":[{"href":"https:\/\/travelstudio.com.br\/de\/wp-json\/wp\/v2\/pages"}],"about":[{"href":"https:\/\/travelstudio.com.br\/de\/wp-json\/wp\/v2\/types\/page"}],"author":[{"embeddable":true,"href":"https:\/\/travelstudio.com.br\/de\/wp-json\/wp\/v2\/users\/4"}],"replies":[{"embeddable":true,"href":"https:\/\/travelstudio.com.br\/de\/wp-json\/wp\/v2\/comments?post=11931"}],"version-history":[{"count":1,"href":"https:\/\/travelstudio.com.br\/de\/wp-json\/wp\/v2\/pages\/11931\/revisions"}],"predecessor-version":[{"id":11932,"href":"https:\/\/travelstudio.com.br\/de\/wp-json\/wp\/v2\/pages\/11931\/revisions\/11932"}],"wp:attachment":[{"href":"https:\/\/travelstudio.com.br\/de\/wp-json\/wp\/v2\/media?parent=11931"}],"curies":[{"name":"wp","href":"https:\/\/api.w.org\/{rel}","templated":true}]}}