{"id":11927,"date":"2019-11-21T03:26:56","date_gmt":"2019-11-21T03:26:56","guid":{"rendered":"https:\/\/travelstudio.com.br\/mein-konto\/"},"modified":"2022-12-30T13:07:07","modified_gmt":"2022-12-30T13:07:07","slug":"mein-konto","status":"publish","type":"page","link":"https:\/\/travelstudio.com.br\/de\/mein-konto\/","title":{"rendered":"Mein Konto"},"content":{"rendered":"<section class=\"l-section wpb_row height_medium\"><div class=\"l-section-h i-cf\"><div class=\"g-cols vc_row via_grid cols_1 laptops-cols_inherit tablets-cols_inherit mobiles-cols_1 valign_top type_default stacking_default\"><div class=\"wpb_column vc_column_container\"><div class=\"vc_column-inner\"><div class=\"woocommerce\"><\/div><\/div><\/div><\/div><\/div><\/section>\n","protected":false},"excerpt":{"rendered":"","protected":false},"author":5,"featured_media":0,"parent":0,"menu_order":0,"comment_status":"closed","ping_status":"closed","template":"","meta":{"_acf_changed":false,"_joinchat":[],"footnotes":""},"class_list":["post-11927","page","type-page","status-publish","hentry"],"acf":[],"yoast_head":"<!-- This site is optimized with the Yoast SEO plugin v27.6 - https:\/\/yoast.com\/product\/yoast-seo-wordpress\/ -->\n<title>Mein Konto - Travel Studio<\/title>\n<meta name=\"description\" content=\"Mein Travel Studio-Konto enth\u00e4lt alle Ihre Kaufinformationen und geplanten Touren. Melden Sie sich jetzt an!\" \/>\n<meta name=\"robots\" content=\"index, follow, max-snippet:-1, max-image-preview:large, max-video-preview:-1\" \/>\n<link rel=\"canonical\" href=\"https:\/\/travelstudio.com.br\/de\/mein-konto\/\" \/>\n<meta property=\"og:locale\" content=\"de_DE\" \/>\n<meta property=\"og:type\" content=\"article\" \/>\n<meta property=\"og:title\" content=\"Mein Konto - Travel Studio\" \/>\n<meta property=\"og:description\" content=\"Mein Travel Studio-Konto enth\u00e4lt alle Ihre Kaufinformationen und geplanten Touren. Melden Sie sich jetzt an!\" \/>\n<meta property=\"og:url\" content=\"https:\/\/travelstudio.com.br\/de\/mein-konto\/\" \/>\n<meta property=\"og:site_name\" content=\"Travel Studio\" \/>\n<meta property=\"article:publisher\" content=\"https:\/\/www.facebook.com\/travelstudio.br\" \/>\n<meta property=\"article:modified_time\" content=\"2022-12-30T13:07:07+00:00\" \/>\n<meta name=\"twitter:card\" content=\"summary_large_image\" \/>\n<script type=\"application\/ld+json\" class=\"yoast-schema-graph\">{\"@context\":\"https:\\\/\\\/schema.org\",\"@graph\":[{\"@type\":\"WebPage\",\"@id\":\"https:\\\/\\\/travelstudio.com.br\\\/de\\\/mein-konto\\\/\",\"url\":\"https:\\\/\\\/travelstudio.com.br\\\/de\\\/mein-konto\\\/\",\"name\":\"Mein Konto - Travel Studio\",\"isPartOf\":{\"@id\":\"https:\\\/\\\/travelstudio.com.br\\\/de\\\/#website\"},\"datePublished\":\"2019-11-21T03:26:56+00:00\",\"dateModified\":\"2022-12-30T13:07:07+00:00\",\"description\":\"Mein Travel Studio-Konto enth\u00e4lt alle Ihre Kaufinformationen und geplanten Touren. Melden Sie sich jetzt an!\",\"breadcrumb\":{\"@id\":\"https:\\\/\\\/travelstudio.com.br\\\/de\\\/mein-konto\\\/#breadcrumb\"},\"inLanguage\":\"de\",\"potentialAction\":[{\"@type\":\"ReadAction\",\"target\":[\"https:\\\/\\\/travelstudio.com.br\\\/de\\\/mein-konto\\\/\"]}]},{\"@type\":\"BreadcrumbList\",\"@id\":\"https:\\\/\\\/travelstudio.com.br\\\/de\\\/mein-konto\\\/#breadcrumb\",\"itemListElement\":[{\"@type\":\"ListItem\",\"position\":1,\"name\":\"In\u00edcio\",\"item\":\"https:\\\/\\\/travelstudio.com.br\\\/de\\\/\"},{\"@type\":\"ListItem\",\"position\":2,\"name\":\"Mein Konto\"}]},{\"@type\":\"WebSite\",\"@id\":\"https:\\\/\\\/travelstudio.com.br\\\/de\\\/#website\",\"url\":\"https:\\\/\\\/travelstudio.com.br\\\/de\\\/\",\"name\":\"Travel Studio\",\"description\":\"Ag\u00eancia Turismo Receptivo no Rio de Janeiro, especializada em customiza\u00e7\u00e3o de passeios.\",\"potentialAction\":[{\"@type\":\"SearchAction\",\"target\":{\"@type\":\"EntryPoint\",\"urlTemplate\":\"https:\\\/\\\/travelstudio.com.br\\\/de\\\/?s={search_term_string}\"},\"query-input\":{\"@type\":\"PropertyValueSpecification\",\"valueRequired\":true,\"valueName\":\"search_term_string\"}}],\"inLanguage\":\"de\"}]}<\/script>\n<!-- \/ Yoast SEO plugin. -->","yoast_head_json":{"title":"Mein Konto - Travel Studio","description":"Mein Travel Studio-Konto enth\u00e4lt alle Ihre Kaufinformationen und geplanten Touren. Melden Sie sich jetzt an!","robots":{"index":"index","follow":"follow","max-snippet":"max-snippet:-1","max-image-preview":"max-image-preview:large","max-video-preview":"max-video-preview:-1"},"canonical":"https:\/\/travelstudio.com.br\/de\/mein-konto\/","og_locale":"de_DE","og_type":"article","og_title":"Mein Konto - Travel Studio","og_description":"Mein Travel Studio-Konto enth\u00e4lt alle Ihre Kaufinformationen und geplanten Touren. Melden Sie sich jetzt an!","og_url":"https:\/\/travelstudio.com.br\/de\/mein-konto\/","og_site_name":"Travel Studio","article_publisher":"https:\/\/www.facebook.com\/travelstudio.br","article_modified_time":"2022-12-30T13:07:07+00:00","twitter_card":"summary_large_image","schema":{"@context":"https:\/\/schema.org","@graph":[{"@type":"WebPage","@id":"https:\/\/travelstudio.com.br\/de\/mein-konto\/","url":"https:\/\/travelstudio.com.br\/de\/mein-konto\/","name":"Mein Konto - Travel Studio","isPartOf":{"@id":"https:\/\/travelstudio.com.br\/de\/#website"},"datePublished":"2019-11-21T03:26:56+00:00","dateModified":"2022-12-30T13:07:07+00:00","description":"Mein Travel Studio-Konto enth\u00e4lt alle Ihre Kaufinformationen und geplanten Touren. Melden Sie sich jetzt an!","breadcrumb":{"@id":"https:\/\/travelstudio.com.br\/de\/mein-konto\/#breadcrumb"},"inLanguage":"de","potentialAction":[{"@type":"ReadAction","target":["https:\/\/travelstudio.com.br\/de\/mein-konto\/"]}]},{"@type":"BreadcrumbList","@id":"https:\/\/travelstudio.com.br\/de\/mein-konto\/#breadcrumb","itemListElement":[{"@type":"ListItem","position":1,"name":"In\u00edcio","item":"https:\/\/travelstudio.com.br\/de\/"},{"@type":"ListItem","position":2,"name":"Mein Konto"}]},{"@type":"WebSite","@id":"https:\/\/travelstudio.com.br\/de\/#website","url":"https:\/\/travelstudio.com.br\/de\/","name":"Travel Studio","description":"Ag\u00eancia Turismo Receptivo no Rio de Janeiro, especializada em customiza\u00e7\u00e3o de passeios.","potentialAction":[{"@type":"SearchAction","target":{"@type":"EntryPoint","urlTemplate":"https:\/\/travelstudio.com.br\/de\/?s={search_term_string}"},"query-input":{"@type":"PropertyValueSpecification","valueRequired":true,"valueName":"search_term_string"}}],"inLanguage":"de"}]}},"_links":{"self":[{"href":"https:\/\/travelstudio.com.br\/de\/wp-json\/wp\/v2\/pages\/11927","targetHints":{"allow":["GET"]}}],"collection":[{"href":"https:\/\/travelstudio.com.br\/de\/wp-json\/wp\/v2\/pages"}],"about":[{"href":"https:\/\/travelstudio.com.br\/de\/wp-json\/wp\/v2\/types\/page"}],"author":[{"embeddable":true,"href":"https:\/\/travelstudio.com.br\/de\/wp-json\/wp\/v2\/users\/5"}],"replies":[{"embeddable":true,"href":"https:\/\/travelstudio.com.br\/de\/wp-json\/wp\/v2\/comments?post=11927"}],"version-history":[{"count":1,"href":"https:\/\/travelstudio.com.br\/de\/wp-json\/wp\/v2\/pages\/11927\/revisions"}],"predecessor-version":[{"id":11930,"href":"https:\/\/travelstudio.com.br\/de\/wp-json\/wp\/v2\/pages\/11927\/revisions\/11930"}],"wp:attachment":[{"href":"https:\/\/travelstudio.com.br\/de\/wp-json\/wp\/v2\/media?parent=11927"}],"curies":[{"name":"wp","href":"https:\/\/api.w.org\/{rel}","templated":true}]}}