{"id":11917,"date":"2020-01-09T16:59:19","date_gmt":"2020-01-09T16:59:19","guid":{"rendered":"https:\/\/travelstudio.com.br\/kontaktieren-sie-uns\/"},"modified":"2024-09-18T12:15:35","modified_gmt":"2024-09-18T12:15:35","slug":"kontaktieren-sie-uns","status":"publish","type":"page","link":"https:\/\/travelstudio.com.br\/de\/kontaktieren-sie-uns\/","title":{"rendered":"Kontaktieren Sie uns"},"content":{"rendered":"<section class=\"l-section wpb_row height_medium color_primary\"><div class=\"l-section-h i-cf\"><div class=\"g-cols vc_row via_grid cols_1 laptops-cols_inherit tablets-cols_inherit mobiles-cols_1 valign_top type_default stacking_default\"><div class=\"wpb_column vc_column_container\"><div class=\"vc_column-inner\"><h2 class=\"w-post-elm post_title align_center entry-title color_link_inherit\">Kontaktieren Sie uns<\/h2><div class=\"wpb_text_column\"><div class=\"wpb_wrapper\"><nav class=\"g-breadcrumbs separator_icon align_center\" itemscope itemtype=\"http:\/\/schema.org\/BreadcrumbList\"><div class=\"g-breadcrumbs-item\" itemscope itemprop=\"itemListElement\" itemtype=\"http:\/\/schema.org\/ListItem\"><a itemprop=\"item\" href=\"http:\/\/travelstudio.com.br\/de\/\"><span itemprop=\"name\">Start<\/span><\/a><meta itemprop=\"position\" content=\"1\"\/><\/div><div class=\"g-breadcrumbs-separator\"><i class=\"far fa-angle-right\"><\/i><\/div><div class=\"g-breadcrumbs-item\">Seiten<\/div><\/nav>\n<\/div><\/div><\/div><\/div><\/div><\/div><\/section><!-- Row Backgrounds --><div class=\"upb_bg_img\" data-ultimate-bg=\"url(https:\/\/travelstudio.com.br\/wp-content\/uploads\/2020\/03\/Entre-em-contato.jpg)\" data-image-id=\"id^4817|url^http:\/\/travelstudio.com.br\/wp-content\/uploads\/2020\/03\/Entre-em-contato.jpg|caption^null|alt^null|title^Entre em contato|description^null\" data-ultimate-bg-style=\"vcpb-vz-jquery\" data-bg-img-repeat=\"repeat\" data-bg-img-size=\"cover\" data-bg-img-position=\"\" data-parallx_sense=\"100\" data-bg-override=\"0\" data-bg_img_attach=\"scroll\" data-upb-overlay-color=\"rgba(26,26,26,0.5)\" data-upb-bg-animation=\"\" data-fadeout=\"\" data-bg-animation=\"left-animation\" data-bg-animation-type=\"h\" data-animation-repeat=\"repeat\" data-fadeout-percentage=\"30\" data-parallax-content=\"\" data-parallax-content-sense=\"30\" data-row-effect-mobile-disable=\"true\" data-img-parallax-mobile-disable=\"true\" data-rtl=\"false\"  data-custom-vc-row=\"\"  data-vc=\"8.7.2\"  data-is_old_vc=\"\"  data-theme-support=\"\"   data-overlay=\"true\" data-overlay-color=\"rgba(26,26,26,0.5)\" data-overlay-pattern=\"\" data-overlay-pattern-opacity=\"0.8\" data-overlay-pattern-size=\"\" data-overlay-pattern-attachment=\"scroll\"    ><\/div><section class=\"l-section wpb_row height_medium\" id=\"form\"><div class=\"l-section-h i-cf\"><div class=\"g-cols vc_row via_grid cols_1 laptops-cols_inherit tablets-cols_inherit mobiles-cols_1 valign_top type_default stacking_default\"><div class=\"wpb_column vc_column_container\"><div class=\"vc_column-inner\"><div class=\"wpb_text_column\"><div class=\"wpb_wrapper\"><p style=\"text-align: center;\">Wir schaffen authentische und unvergessliche Erlebnisse und damit wir sie an Ihre Bed\u00fcrfnisse und Erwartungen anpassen k\u00f6nnen, m\u00fcssen wir Sie ein wenig besser kennenlernen. \ud83d\ude00 K\u00f6nnten Sie uns bitte sagen, wonach Sie suchen? Dies hilft uns, Erlebnisse zu gestalten, die speziell auf Sie zugeschnitten sind.<\/p>\n<p style=\"text-align: center;\">**Wir verwenden diese Informationen nur, um unvergessliche und exklusive Erlebnisse in Rio de Janeiro zu gestalten.<\/p>\n<\/div><\/div><div class=\"w-separator size_medium\"><\/div><div class=\"g-cols wpb_row via_grid cols_1-2-1 laptops-cols_inherit tablets-cols_inherit mobiles-cols_1 valign_top type_default stacking_default\" style=\"--columns-gap:3rem;\"><div class=\"wpb_column vc_column_container\"><div class=\"vc_column-inner\"><\/div><\/div><div class=\"wpb_column vc_column_container\"><div class=\"vc_column-inner\"><div class=\"cf7sg-container\"><div id=\"cf7sg-form-sem-titulo\" class=\"cf7-smart-grid has-date has-grid key_sem-titulo\">\n<div class=\"wpcf7 no-js\" id=\"wpcf7-f12127-o1\" lang=\"de-DE\" dir=\"ltr\" data-wpcf7-id=\"12127\">\n<div class=\"screen-reader-response\"><p role=\"status\" aria-live=\"polite\" aria-atomic=\"true\"><\/p> <ul><\/ul><\/div>\n<form action=\"\/de\/wp-json\/wp\/v2\/pages\/11917#wpcf7-f12127-o1\" method=\"post\" class=\"wpcf7-form init\" aria-label=\"Kontaktformular\" novalidate=\"novalidate\" data-status=\"init\">\n<fieldset class=\"hidden-fields-container\"><input type=\"hidden\" name=\"_wpcf7\" value=\"12127\" \/><input type=\"hidden\" name=\"_wpcf7_version\" value=\"6.1.5\" \/><input type=\"hidden\" name=\"_wpcf7_locale\" value=\"de_DE\" \/><input type=\"hidden\" name=\"_wpcf7_unit_tag\" value=\"wpcf7-f12127-o1\" \/><input type=\"hidden\" name=\"_wpcf7_container_post\" value=\"0\" \/><input type=\"hidden\" name=\"_wpcf7_posted_data_hash\" value=\"\" \/><input type=\"hidden\" name=\"_wpcf7_key\" value=\"personalisierte-erlebnisse\" \/><input type=\"hidden\" name=\"_cf7sg_toggles\" value=\"\" \/><input type=\"hidden\" name=\"_cf7sg_version\" value=\"4.15.8\" \/><input type=\"hidden\" name=\"_wpnonce\" value=\"c1fbc1a225\" \/>\n<\/fieldset>\n<div class=\"container-form\">\n  <div class=\"row\">\n    <div class=\"columns full\">\n      <div class=\"field\"><label>Vollst\u00e4ndiger Name<\/label><span class=\"wpcf7-form-control-wrap\" data-name=\"nome\"><input size=\"40\" maxlength=\"400\" class=\"wpcf7-form-control wpcf7-text\" aria-invalid=\"false\" value=\"\" type=\"text\" name=\"nome\" \/><\/span>\n        <p class=\"info-tip\"><\/p>\n      <\/div>\n    <\/div>\n  <\/div>\n<\/div>\n<div class=\"container-form\">\n  <div class=\"row\">\n    <div class=\"columns full\">\n      <div class=\"field\"><label>E-Mail<\/label><span class=\"wpcf7-form-control-wrap\" data-name=\"e-mail\"><input size=\"40\" maxlength=\"400\" class=\"wpcf7-form-control wpcf7-email wpcf7-text wpcf7-validates-as-email\" aria-invalid=\"false\" value=\"\" type=\"email\" name=\"e-mail\" \/><\/span>\n        <p class=\"info-tip\"><\/p>\n      <\/div>\n    <\/div>\n  <\/div>\n<\/div>\n<div class=\"container-form\">\n  <div class=\"row\">\n    <div class=\"columns full\">\n      <div class=\"field\"><label>Kontakt Whatsapp<\/label><span class=\"wpcf7-form-control-wrap\" data-name=\"Whatsapp\"><input size=\"40\" maxlength=\"400\" class=\"wpcf7-form-control wpcf7-text\" aria-invalid=\"false\" value=\"\" type=\"text\" name=\"Whatsapp\" \/><\/span>\n        <p class=\"info-tip\"><\/p>\n      <\/div>\n    <\/div>\n  <\/div>\n<\/div>\n<div class=\"container-form\">\n  <div class=\"row\">\n    <div class=\"columns full\">\n      <div class=\"field\"><label><\/label><span class=\"wpcf7-form-control-wrap\" data-name=\"AutorizoLigar\"><span class=\"wpcf7-form-control wpcf7-checkbox\"><span class=\"wpcf7-list-item first last\"><input type=\"checkbox\" name=\"AutorizoLigar[]\" value=\"Sinta-se \u00e0 vontade para entrar em contato comigo. Ao marcar isso, voc\u00ea est\u00e1 nos dando permiss\u00e3o para entrarmos em contato com voc\u00ea. N\u00f3s nunca enviamos spam e mantemos suas informa\u00e7\u00f5es seguras conosco.\" \/><span class=\"wpcf7-list-item-label\">Sinta-se \u00e0 vontade para entrar em contato comigo. Ao marcar isso, voc\u00ea est\u00e1 nos dando permiss\u00e3o para entrarmos em contato com voc\u00ea. N\u00f3s nunca enviamos spam e mantemos suas informa\u00e7\u00f5es seguras conosco.<\/span><\/span><\/span><\/span>\n        <p class=\"info-tip\"><\/p>\n      <\/div>\n    <\/div>\n  <\/div>\n<\/div>\n<div class=\"container-form\">\n  <div class=\"row\">\n    <div class=\"columns full\">\n      <div class=\"field\"><label>Jahrestag<\/label><span class=\"wpcf7-form-control-wrap\" data-name=\"aniversario\"><input class=\"wpcf7-form-control wpcf7-date wpcf7-validates-as-date\" min=\"1900-01-01\" aria-invalid=\"false\" value=\"\" type=\"date\" name=\"aniversario\" \/><\/span>\n        <p class=\"info-tip\"><\/p>\n      <\/div>\n    <\/div>\n  <\/div>\n<\/div>\n<div class=\"container-form\">\n  <div class=\"row\">\n    <div class=\"columns full\">\n      <div class=\"field\"><label>Geschlecht<\/label><span class=\"wpcf7-form-control-wrap\" data-name=\"Genero\"><input size=\"40\" maxlength=\"400\" class=\"wpcf7-form-control wpcf7-text\" aria-invalid=\"false\" value=\"\" type=\"text\" name=\"Genero\" \/><\/span>\n        <p class=\"info-tip\"><\/p>\n      <\/div>\n    <\/div>\n  <\/div>\n<\/div>\n<div class=\"container-form\">\n  <div class=\"row\">\n    <div class=\"columns full\">\n      <div class=\"field\"><label>Stadt und Land<\/label><span class=\"wpcf7-form-control-wrap\" data-name=\"CidadeePais\"><input size=\"40\" maxlength=\"400\" class=\"wpcf7-form-control wpcf7-text\" aria-invalid=\"false\" value=\"\" type=\"text\" name=\"CidadeePais\" \/><\/span>\n        <p class=\"info-tip\"><\/p>\n      <\/div>\n    <\/div>\n  <\/div>\n<\/div>\n<div class=\"container-form\">\n  <div class=\"row\">\n    <div class=\"columns full\">\n      <div class=\"field\"><label>Bildungsniveau<\/label><span class=\"wpcf7-form-control-wrap\" data-name=\"Instrocao\"><select class=\"wpcf7-form-control wpcf7-select\" aria-invalid=\"false\" name=\"Instrocao\"><option value=\"\">&#8211; Bitte ausw\u00e4hlen &#8211;<\/option><option value=\"Ensino M\u00e9dio\">Ensino M\u00e9dio<\/option><option value=\"Ensino Superior\">Ensino Superior<\/option><option value=\"P\u00f3s-Gradua\u00e7\u00e3o\">P\u00f3s-Gradua\u00e7\u00e3o<\/option><option value=\"Outros\">Outros<\/option><\/select><\/span>\n        <p class=\"info-tip\"><\/p>\n      <\/div>\n    <\/div>\n  <\/div>\n<\/div>\n<div class=\"container-form\">\n  <div class=\"row\">\n    <div class=\"columns full\">\n      <div class=\"field\"><label>Besuchen Sie Rio zum ersten Mal?<\/label><span class=\"wpcf7-form-control-wrap\" data-name=\"vistia-ao-rio\"><span class=\"wpcf7-form-control wpcf7-radio\"><span class=\"wpcf7-list-item first\"><input type=\"radio\" name=\"vistia-ao-rio\" value=\"Sim\" \/><span class=\"wpcf7-list-item-label\">Sim<\/span><\/span><span class=\"wpcf7-list-item last\"><input type=\"radio\" name=\"vistia-ao-rio\" value=\"N\u00e3o\" \/><span class=\"wpcf7-list-item-label\">N\u00e3o<\/span><\/span><\/span><\/span>\n        <p class=\"info-tip\"><\/p>\n      <\/div>\n    <\/div>\n  <\/div>\n<\/div>\n<div class=\"container-form\">\n  <div class=\"row\">\n    <div class=\"columns full\">\n      <div class=\"field\"><label>Betrachten Sie sich selbst als \"Alleinreisender\"?<\/label><span class=\"wpcf7-form-control-wrap\" data-name=\"Solo-traveler\"><span class=\"wpcf7-form-control wpcf7-radio\"><span class=\"wpcf7-list-item first\"><input type=\"radio\" name=\"Solo-traveler\" value=\"Sim\" \/><span class=\"wpcf7-list-item-label\">Sim<\/span><\/span><span class=\"wpcf7-list-item last\"><input type=\"radio\" name=\"Solo-traveler\" value=\"N\u00e3o\" \/><span class=\"wpcf7-list-item-label\">N\u00e3o<\/span><\/span><\/span><\/span>\n        <p class=\"info-tip\"><\/p>\n      <\/div>\n    <\/div>\n  <\/div>\n<\/div>\n<div class=\"container-form\">\n  <div class=\"row\">\n    <div class=\"columns full\">\n      <div class=\"field\"><label>Listen Sie die Top 3 Aktivit\u00e4ten auf, die Sie in Rio de Janeiro unternehmen m\u00f6chten<\/label><span class=\"wpcf7-form-control-wrap\" data-name=\"atividades\"><textarea cols=\"40\" rows=\"5\" maxlength=\"2000\" class=\"wpcf7-form-control wpcf7-textarea\" aria-invalid=\"false\" name=\"atividades\"><\/textarea><\/span>\n        <p class=\"info-tip\"><\/p>\n      <\/div>\n    <\/div>\n  <\/div>\n<\/div>\n<div class=\"container-form\">\n  <div class=\"row\">\n    <div class=\"columns full\">\n      <div class=\"field\"><label>Welche Monate eignen sich am besten f\u00fcr Sie, um zu reisen<\/label><span class=\"wpcf7-form-control-wrap\" data-name=\"melhores-meses\"><select class=\"wpcf7-form-control wpcf7-select\" aria-invalid=\"false\" multiple=\"multiple\" name=\"melhores-meses[]\"><option value=\"Janeiro\">Janeiro<\/option><option value=\"Fevereiro\">Fevereiro<\/option><option value=\"Mar\u00e7o\">Mar\u00e7o<\/option><option value=\"Abril\">Abril<\/option><option value=\"Maio\">Maio<\/option><option value=\"Junho\">Junho<\/option><option value=\"Julho\">Julho<\/option><option value=\"Agosto\">Agosto<\/option><option value=\"Setembro\">Setembro<\/option><option value=\"Outubro\">Outubro<\/option><option value=\"Novembro\">Novembro<\/option><option value=\"Dezembro\">Dezembro<\/option><\/select><\/span>\n        <p class=\"info-tip\">Um mehr als 1 auszuw\u00e4hlen, dr\u00fccken Sie die Strg-Taste<\/p>\n      <\/div>\n    <\/div>\n  <\/div>\n<\/div>\n<div class=\"container-form\">\n  <div class=\"row\">\n    <div class=\"columns full\">\n      <div class=\"field\"><label>Wie w\u00fcrdest du deine Urlaubsstimmung beschreiben? (Bitte w\u00e4hlen Sie bis zu 2 Optionen)<\/label><span class=\"wpcf7-form-control-wrap\" data-name=\"vibe-ferias\"><select class=\"wpcf7-form-control wpcf7-select\" aria-invalid=\"false\" multiple=\"multiple\" name=\"vibe-ferias[]\"><option value=\"Vida de festas\">Vida de festas<\/option><option value=\"Gosto da vida noturna, mas raramente passo de meia noite\">Gosto da vida noturna, mas raramente passo de meia noite<\/option><option value=\"Curto vida social, mas n\u00e3o me considero ser um grande festeiro\">Curto vida social, mas n\u00e3o me considero ser um grande festeiro<\/option><option value=\"Gosto de ter independ\u00eancia individual para fazer coisas que eu gosto e n\u00e3o depender de ningu\u00e9m\">Gosto de ter independ\u00eancia individual para fazer coisas que eu gosto e n\u00e3o depender de ningu\u00e9m<\/option><\/select><\/span>\n        <p class=\"info-tip\">Um mehr als 1 auszuw\u00e4hlen, dr\u00fccken Sie die Strg-Taste<\/p>\n      <\/div>\n    <\/div>\n  <\/div>\n<\/div>\n<div class=\"container-form\">\n  <div class=\"row\">\n    <div class=\"columns full\">\n      <div class=\"field\"><label>Bitte w\u00e4hlen Sie eine Option, die Sie am meisten definiert<\/label><span class=\"wpcf7-form-control-wrap\" data-name=\"definicao\"><select class=\"wpcf7-form-control wpcf7-select\" aria-invalid=\"false\" name=\"definicao\"><option value=\"\">&#8211; Bitte ausw\u00e4hlen &#8211;<\/option><option value=\"Eu prefiro ter o m\u00e1ximo de tempo livre poss\u00edvel \u2013 finalmente, estou de f\u00e9rias\">Eu prefiro ter o m\u00e1ximo de tempo livre poss\u00edvel \u2013 finalmente, estou de f\u00e9rias<\/option><option value=\"Eu prefiro ter uma experi\u00eancia agendada (uma excurs\u00e3o ou aula) todos os dias do que fazer as coisas sozinho.\">Eu prefiro ter uma experi\u00eancia agendada (uma excurs\u00e3o ou aula) todos os dias do que fazer as coisas sozinho.<\/option><option value=\"Eu gosto de ter algo espec\u00edfico (visitar algum lugar) uma vez por dia.\">Eu gosto de ter algo espec\u00edfico (visitar algum lugar) uma vez por dia.<\/option><option value=\"Eu gosto de ter v\u00e1rias atividades planejadas ao longo do dia \u2013 se n\u00e3o, fico entediado.\">Eu gosto de ter v\u00e1rias atividades planejadas ao longo do dia \u2013 se n\u00e3o, fico entediado.<\/option><option value=\"Gosto de ter atividades que me ajudam conhecer novos amigos e fazer parte de um grupo\">Gosto de ter atividades que me ajudam conhecer novos amigos e fazer parte de um grupo<\/option><\/select><\/span>\n        <p class=\"info-tip\"><\/p>\n      <\/div>\n    <\/div>\n  <\/div>\n<\/div>\n<div class=\"container-form\">\n  <div class=\"row\">\n    <div class=\"columns full\">\n      <div class=\"field\"><label>Bitte w\u00e4hlen Sie bis zu 5 Aktivit\u00e4ten, die Sie am meisten interessieren<\/label><span class=\"wpcf7-form-control-wrap\" data-name=\"atividades\"><select class=\"wpcf7-form-control wpcf7-select\" aria-invalid=\"false\" multiple=\"multiple\" name=\"atividades[]\"><option value=\"Saboreando comida local\">Saboreando comida local<\/option><option value=\"Aulas de dan\u00e7a\">Aulas de dan\u00e7a<\/option><option value=\"Aulas culin\u00e1rias\">Aulas culin\u00e1rias<\/option><option value=\"Atividades na natureza\">Atividades na natureza<\/option><option value=\"Experi\u00eancia de praia\">Experi\u00eancia de praia<\/option><option value=\"Arte&amp;Museus\">Arte&amp;Museus<\/option><option value=\"Visitar atra\u00e7\u00f5es tur\u00edsticas\">Visitar atra\u00e7\u00f5es tur\u00edsticas<\/option><option value=\"Trilhas\">Trilhas<\/option><option value=\"Esportes Extremos\">Esportes Extremos<\/option><option value=\"Vida Noturna\">Vida Noturna<\/option><option value=\"Cerveja\">Cerveja<\/option><\/select><\/span>\n        <p class=\"info-tip\">Um mehr als 1 auszuw\u00e4hlen, dr\u00fccken Sie die Strg-Taste<\/p>\n      <\/div>\n    <\/div>\n  <\/div>\n<\/div>\n<div class=\"container-form\">\n  <div class=\"row\">\n    <div class=\"columns full\">\n      <div class=\"field\"><label>Was erwarten Sie von Ihrem Besuch in Rio de Janeiro?<\/label><span class=\"wpcf7-form-control-wrap\" data-name=\"o-que-espera\"><textarea cols=\"40\" rows=\"5\" maxlength=\"2000\" class=\"wpcf7-form-control wpcf7-textarea\" aria-invalid=\"false\" name=\"o-que-espera\"><\/textarea><\/span>\n        <p class=\"info-tip\">Bitte seien Sie sehr spezifisch<\/p>\n      <\/div>\n    <\/div>\n  <\/div>\n<\/div>\n<div class=\"container-form\">\n  <div class=\"row\">\n    <div class=\"columns full\">\n      <div class=\"field\"><label>Wie haben Sie von Travel Studio erfahren?<\/label><span class=\"wpcf7-form-control-wrap\" data-name=\"ouviu-falar\"><input size=\"40\" maxlength=\"400\" class=\"wpcf7-form-control wpcf7-text\" aria-invalid=\"false\" value=\"\" type=\"text\" name=\"ouviu-falar\" \/><\/span>\n        <p class=\"info-tip\"><\/p>\n      <\/div>\n    <\/div>\n  <\/div>\n<\/div>\n<div class=\"container\">\n  <div class=\"row\">\n    <div class=\"columns full\">\n      <div class=\"field\"><label><\/label><input class=\"wpcf7-form-control wpcf7-submit has-spinner\" type=\"submit\" value=\"SENDEN\" \/>\n        <p class=\"info-tip\"><\/p>\n      <\/div>\n    <\/div>\n  <\/div>\n<\/div><div class=\"wpcf7-response-output\" aria-hidden=\"true\"><\/div>\n<\/form>\n<\/div>\n<\/div><\/div><\/div><\/div><div class=\"wpb_column vc_column_container\"><div class=\"vc_column-inner\"><\/div><\/div><\/div><\/div><\/div><\/div><\/div><\/section>\n","protected":false},"excerpt":{"rendered":"Kontaktieren Sie unsStartSeiten Wir schaffen authentische und unvergessliche Erlebnisse und damit wir sie an Ihre Bed\u00fcrfnisse und Erwartungen anpassen k\u00f6nnen, m\u00fcssen wir Sie ein wenig besser kennenlernen. \ud83d\ude00 K\u00f6nnten Sie uns bitte sagen, wonach Sie suchen? Dies hilft uns, Erlebnisse zu gestalten, die speziell auf Sie zugeschnitten sind. **Wir verwenden diese Informationen nur, um unvergessliche...","protected":false},"author":5,"featured_media":0,"parent":0,"menu_order":0,"comment_status":"closed","ping_status":"closed","template":"","meta":{"_acf_changed":false,"_joinchat":[],"footnotes":""},"class_list":["post-11917","page","type-page","status-publish","hentry"],"acf":[],"yoast_head":"<!-- This site is optimized with the Yoast SEO plugin v27.6 - https:\/\/yoast.com\/product\/yoast-seo-wordpress\/ -->\n<title>Kontaktieren Sie uns - Travel Studio<\/title>\n<meta name=\"description\" content=\"Wir schaffen authentische und unvergessliche Erlebnisse und um sie an Ihre Bed\u00fcrfnisse anzupassen, m\u00fcssen wir Sie ein wenig besser kennenlernen. F\u00fcllen!\" \/>\n<meta name=\"robots\" content=\"index, follow, max-snippet:-1, max-image-preview:large, max-video-preview:-1\" \/>\n<link rel=\"canonical\" href=\"https:\/\/travelstudio.com.br\/de\/kontaktieren-sie-uns\/\" \/>\n<meta property=\"og:locale\" content=\"de_DE\" \/>\n<meta property=\"og:type\" content=\"article\" \/>\n<meta property=\"og:title\" content=\"Kontaktieren Sie uns - Travel Studio\" \/>\n<meta property=\"og:description\" content=\"Wir schaffen authentische und unvergessliche Erlebnisse und um sie an Ihre Bed\u00fcrfnisse anzupassen, m\u00fcssen wir Sie ein wenig besser kennenlernen. F\u00fcllen!\" \/>\n<meta property=\"og:url\" content=\"https:\/\/travelstudio.com.br\/de\/kontaktieren-sie-uns\/\" \/>\n<meta property=\"og:site_name\" content=\"Travel Studio\" \/>\n<meta property=\"article:publisher\" content=\"https:\/\/www.facebook.com\/travelstudio.br\" \/>\n<meta property=\"article:modified_time\" content=\"2024-09-18T12:15:35+00:00\" \/>\n<meta name=\"twitter:card\" content=\"summary_large_image\" \/>\n<meta name=\"twitter:label1\" content=\"Gesch\u00e4tzte Lesezeit\" \/>\n\t<meta name=\"twitter:data1\" content=\"1\u00a0Minute\" \/>\n<script type=\"application\/ld+json\" class=\"yoast-schema-graph\">{\"@context\":\"https:\\\/\\\/schema.org\",\"@graph\":[{\"@type\":\"WebPage\",\"@id\":\"https:\\\/\\\/travelstudio.com.br\\\/de\\\/kontaktieren-sie-uns\\\/\",\"url\":\"https:\\\/\\\/travelstudio.com.br\\\/de\\\/kontaktieren-sie-uns\\\/\",\"name\":\"Kontaktieren Sie uns - Travel Studio\",\"isPartOf\":{\"@id\":\"https:\\\/\\\/travelstudio.com.br\\\/de\\\/#website\"},\"datePublished\":\"2020-01-09T16:59:19+00:00\",\"dateModified\":\"2024-09-18T12:15:35+00:00\",\"description\":\"Wir schaffen authentische und unvergessliche Erlebnisse und um sie an Ihre Bed\u00fcrfnisse anzupassen, m\u00fcssen wir Sie ein wenig besser kennenlernen. F\u00fcllen!\",\"breadcrumb\":{\"@id\":\"https:\\\/\\\/travelstudio.com.br\\\/de\\\/kontaktieren-sie-uns\\\/#breadcrumb\"},\"inLanguage\":\"de\",\"potentialAction\":[{\"@type\":\"ReadAction\",\"target\":[\"https:\\\/\\\/travelstudio.com.br\\\/de\\\/kontaktieren-sie-uns\\\/\"]}]},{\"@type\":\"BreadcrumbList\",\"@id\":\"https:\\\/\\\/travelstudio.com.br\\\/de\\\/kontaktieren-sie-uns\\\/#breadcrumb\",\"itemListElement\":[{\"@type\":\"ListItem\",\"position\":1,\"name\":\"In\u00edcio\",\"item\":\"https:\\\/\\\/travelstudio.com.br\\\/de\\\/\"},{\"@type\":\"ListItem\",\"position\":2,\"name\":\"Kontaktieren Sie uns\"}]},{\"@type\":\"WebSite\",\"@id\":\"https:\\\/\\\/travelstudio.com.br\\\/de\\\/#website\",\"url\":\"https:\\\/\\\/travelstudio.com.br\\\/de\\\/\",\"name\":\"Travel Studio\",\"description\":\"Ag\u00eancia Turismo Receptivo no Rio de Janeiro, especializada em customiza\u00e7\u00e3o de passeios.\",\"potentialAction\":[{\"@type\":\"SearchAction\",\"target\":{\"@type\":\"EntryPoint\",\"urlTemplate\":\"https:\\\/\\\/travelstudio.com.br\\\/de\\\/?s={search_term_string}\"},\"query-input\":{\"@type\":\"PropertyValueSpecification\",\"valueRequired\":true,\"valueName\":\"search_term_string\"}}],\"inLanguage\":\"de\"}]}<\/script>\n<!-- \/ Yoast SEO plugin. -->","yoast_head_json":{"title":"Kontaktieren Sie uns - Travel Studio","description":"Wir schaffen authentische und unvergessliche Erlebnisse und um sie an Ihre Bed\u00fcrfnisse anzupassen, m\u00fcssen wir Sie ein wenig besser kennenlernen. F\u00fcllen!","robots":{"index":"index","follow":"follow","max-snippet":"max-snippet:-1","max-image-preview":"max-image-preview:large","max-video-preview":"max-video-preview:-1"},"canonical":"https:\/\/travelstudio.com.br\/de\/kontaktieren-sie-uns\/","og_locale":"de_DE","og_type":"article","og_title":"Kontaktieren Sie uns - Travel Studio","og_description":"Wir schaffen authentische und unvergessliche Erlebnisse und um sie an Ihre Bed\u00fcrfnisse anzupassen, m\u00fcssen wir Sie ein wenig besser kennenlernen. F\u00fcllen!","og_url":"https:\/\/travelstudio.com.br\/de\/kontaktieren-sie-uns\/","og_site_name":"Travel Studio","article_publisher":"https:\/\/www.facebook.com\/travelstudio.br","article_modified_time":"2024-09-18T12:15:35+00:00","twitter_card":"summary_large_image","twitter_misc":{"Gesch\u00e4tzte Lesezeit":"1\u00a0Minute"},"schema":{"@context":"https:\/\/schema.org","@graph":[{"@type":"WebPage","@id":"https:\/\/travelstudio.com.br\/de\/kontaktieren-sie-uns\/","url":"https:\/\/travelstudio.com.br\/de\/kontaktieren-sie-uns\/","name":"Kontaktieren Sie uns - Travel Studio","isPartOf":{"@id":"https:\/\/travelstudio.com.br\/de\/#website"},"datePublished":"2020-01-09T16:59:19+00:00","dateModified":"2024-09-18T12:15:35+00:00","description":"Wir schaffen authentische und unvergessliche Erlebnisse und um sie an Ihre Bed\u00fcrfnisse anzupassen, m\u00fcssen wir Sie ein wenig besser kennenlernen. F\u00fcllen!","breadcrumb":{"@id":"https:\/\/travelstudio.com.br\/de\/kontaktieren-sie-uns\/#breadcrumb"},"inLanguage":"de","potentialAction":[{"@type":"ReadAction","target":["https:\/\/travelstudio.com.br\/de\/kontaktieren-sie-uns\/"]}]},{"@type":"BreadcrumbList","@id":"https:\/\/travelstudio.com.br\/de\/kontaktieren-sie-uns\/#breadcrumb","itemListElement":[{"@type":"ListItem","position":1,"name":"In\u00edcio","item":"https:\/\/travelstudio.com.br\/de\/"},{"@type":"ListItem","position":2,"name":"Kontaktieren Sie uns"}]},{"@type":"WebSite","@id":"https:\/\/travelstudio.com.br\/de\/#website","url":"https:\/\/travelstudio.com.br\/de\/","name":"Travel Studio","description":"Ag\u00eancia Turismo Receptivo no Rio de Janeiro, especializada em customiza\u00e7\u00e3o de passeios.","potentialAction":[{"@type":"SearchAction","target":{"@type":"EntryPoint","urlTemplate":"https:\/\/travelstudio.com.br\/de\/?s={search_term_string}"},"query-input":{"@type":"PropertyValueSpecification","valueRequired":true,"valueName":"search_term_string"}}],"inLanguage":"de"}]}},"_links":{"self":[{"href":"https:\/\/travelstudio.com.br\/de\/wp-json\/wp\/v2\/pages\/11917","targetHints":{"allow":["GET"]}}],"collection":[{"href":"https:\/\/travelstudio.com.br\/de\/wp-json\/wp\/v2\/pages"}],"about":[{"href":"https:\/\/travelstudio.com.br\/de\/wp-json\/wp\/v2\/types\/page"}],"author":[{"embeddable":true,"href":"https:\/\/travelstudio.com.br\/de\/wp-json\/wp\/v2\/users\/5"}],"replies":[{"embeddable":true,"href":"https:\/\/travelstudio.com.br\/de\/wp-json\/wp\/v2\/comments?post=11917"}],"version-history":[{"count":13,"href":"https:\/\/travelstudio.com.br\/de\/wp-json\/wp\/v2\/pages\/11917\/revisions"}],"predecessor-version":[{"id":13161,"href":"https:\/\/travelstudio.com.br\/de\/wp-json\/wp\/v2\/pages\/11917\/revisions\/13161"}],"wp:attachment":[{"href":"https:\/\/travelstudio.com.br\/de\/wp-json\/wp\/v2\/media?parent=11917"}],"curies":[{"name":"wp","href":"https:\/\/api.w.org\/{rel}","templated":true}]}}