{"id":11899,"date":"2019-08-03T16:56:37","date_gmt":"2019-08-03T16:56:37","guid":{"rendered":"https:\/\/travelstudio.com.br\/unternehmen-und-events\/"},"modified":"2024-09-18T12:15:37","modified_gmt":"2024-09-18T12:15:37","slug":"unternehmen-und-events","status":"publish","type":"page","link":"https:\/\/travelstudio.com.br\/de\/unternehmen-und-events\/","title":{"rendered":"Unternehmen und Events"},"content":{"rendered":"<section class=\"l-section wpb_row height_medium color_primary\"><div class=\"l-section-h i-cf\"><div class=\"g-cols vc_row via_grid cols_1 laptops-cols_inherit tablets-cols_inherit mobiles-cols_1 valign_top type_default stacking_default\"><div class=\"wpb_column vc_column_container\"><div class=\"vc_column-inner\"><h2 class=\"w-post-elm post_title align_center entry-title color_link_inherit\">Unternehmen und Events<\/h2><div class=\"wpb_text_column\"><div class=\"wpb_wrapper\"><nav class=\"g-breadcrumbs separator_icon align_center\" itemscope itemtype=\"http:\/\/schema.org\/BreadcrumbList\"><div class=\"g-breadcrumbs-item\" itemscope itemprop=\"itemListElement\" itemtype=\"http:\/\/schema.org\/ListItem\"><a itemprop=\"item\" href=\"http:\/\/travelstudio.com.br\/de\/\"><span itemprop=\"name\">Start<\/span><\/a><meta itemprop=\"position\" content=\"1\"\/><\/div><div class=\"g-breadcrumbs-separator\"><i class=\"far fa-angle-right\"><\/i><\/div><div class=\"g-breadcrumbs-item\">Seiten<\/div><\/nav>\n<\/div><\/div><\/div><\/div><\/div><\/div><\/section><!-- Row Backgrounds --><div class=\"upb_bg_img\" data-ultimate-bg=\"url(https:\/\/travelstudio.com.br\/wp-content\/uploads\/2020\/07\/mice_Rio_de_janeiro.jpg)\" data-image-id=\"id^6512|url^http:\/\/travelstudio.com.br\/wp-content\/uploads\/2020\/07\/mice_Rio_de_janeiro.jpg|caption^null|alt^null|title^mice_Rio_de_janeiro|description^null\" data-ultimate-bg-style=\"vcpb-vz-jquery\" data-bg-img-repeat=\"repeat\" data-bg-img-size=\"cover\" data-bg-img-position=\"\" data-parallx_sense=\"100\" data-bg-override=\"0\" data-bg_img_attach=\"scroll\" data-upb-overlay-color=\"rgba(26,26,26,0.5)\" data-upb-bg-animation=\"\" data-fadeout=\"\" data-bg-animation=\"left-animation\" data-bg-animation-type=\"h\" data-animation-repeat=\"repeat\" data-fadeout-percentage=\"30\" data-parallax-content=\"\" data-parallax-content-sense=\"30\" data-row-effect-mobile-disable=\"true\" data-img-parallax-mobile-disable=\"true\" data-rtl=\"false\"  data-custom-vc-row=\"\"  data-vc=\"8.7.2\"  data-is_old_vc=\"\"  data-theme-support=\"\"   data-overlay=\"true\" data-overlay-color=\"rgba(26,26,26,0.5)\" data-overlay-pattern=\"\" data-overlay-pattern-opacity=\"0.8\" data-overlay-pattern-size=\"\" data-overlay-pattern-attachment=\"scroll\"    ><\/div><section class=\"l-section wpb_row height_small color_alternate\"><div class=\"l-section-h i-cf\"><div class=\"g-cols vc_row via_grid cols_1 laptops-cols_inherit tablets-cols_inherit mobiles-cols_1 valign_top type_default stacking_default\"><div class=\"wpb_column vc_column_container\"><div class=\"vc_column-inner\"><div class=\"g-cols wpb_row via_grid cols_custom laptops-cols_inherit tablets-cols_inherit mobiles-cols_1 valign_top type_default stacking_default\" style=\"--columns-gap:3rem;--custom-columns:1fr 2fr 2fr 1fr \"><div class=\"wpb_column vc_column_container\"><div class=\"vc_column-inner\"><\/div><\/div><div class=\"wpb_column vc_column_container\"><div class=\"vc_column-inner\"><div class=\"wpb_text_column\"><div class=\"wpb_wrapper\"><h4 style=\"font-size: 40px;\"><strong style=\"color: #b2d452;\">MEETINGS<\/strong> <strong style=\"color: #b2d452;\">INCENTIVES<\/strong> <strong style=\"color: #b2d452;\">KONFERENZEN<\/strong> <strong style=\"color: #b2d452;\">VERANSTALTUNGEN<\/strong><\/h4>\n<\/div><\/div><\/div><\/div><div class=\"wpb_column vc_column_container\"><div class=\"vc_column-inner\"><div class=\"wpb_text_column\"><div class=\"wpb_wrapper\"><p style=\"text-align: right;\">Rio de Janeiro bietet perfekte Bedingungen f\u00fcr <em>Gesch\u00e4fte mit etwas<\/em> mehr, das ideale Ziel f\u00fcr Tagungen, Incentive-Gruppen, Konferenzen und Kongresse, in einer engagierten und gleichzeitig unvergesslichen Zeit. Wir begleiten Ihr Unternehmen bei der Vorbereitung, Organisation und Durchf\u00fchrung von Incentive-Reisen, Kongressen, Tagungen etc. Wir k\u00fcmmern uns um alle Details, damit Ihre Veranstaltung viel mehr als nur Corporate ist!<\/p>\n<\/div><\/div><\/div><\/div><div class=\"wpb_column vc_column_container\"><div class=\"vc_column-inner\"><\/div><\/div><\/div><\/div><\/div><\/div><\/div><\/section><section class=\"l-section wpb_row height_medium\"><div class=\"l-section-h i-cf\"><div class=\"g-cols vc_row via_grid cols_1 laptops-cols_inherit tablets-cols_inherit mobiles-cols_1 valign_top type_default stacking_default\"><div class=\"wpb_column vc_column_container\"><div class=\"vc_column-inner\"><div class=\"g-cols wpb_row via_grid cols_custom laptops-cols_inherit tablets-cols_inherit mobiles-cols_1 valign_top type_default stacking_default\" style=\"--columns-gap:3rem;--custom-columns:1fr 2fr 2fr 1fr \"><div class=\"wpb_column vc_column_container\"><div class=\"vc_column-inner\"><\/div><\/div><div class=\"wpb_column vc_column_container\"><div class=\"vc_column-inner\"><div class=\"w-image align_center\"><div class=\"w-image-h\"><img decoding=\"async\" width=\"800\" height=\"577\" src=\"https:\/\/travelstudio.com.br\/wp-content\/uploads\/2020\/07\/mice.rio_.de_.janeiro.jpeg\" class=\"attachment-full size-full\" alt=\"\" loading=\"lazy\" srcset=\"https:\/\/travelstudio.com.br\/wp-content\/uploads\/2020\/07\/mice.rio_.de_.janeiro.jpeg 800w, https:\/\/travelstudio.com.br\/wp-content\/uploads\/2020\/07\/mice.rio_.de_.janeiro-300x216.jpeg 300w, https:\/\/travelstudio.com.br\/wp-content\/uploads\/2020\/07\/mice.rio_.de_.janeiro-600x433.jpeg 600w\" sizes=\"auto, (max-width: 800px) 100vw, 800px\" \/><\/div><\/div><div class=\"w-separator size_medium\"><\/div><div class=\"wpb_text_column\"><div class=\"wpb_wrapper\"><p style=\"text-align: right;\"><b>RESERVIERUNGSDIENSTE<\/b> Die Suche nach den besten Optionen f\u00fcr Unterkunft, Transport und Flugtickets wird eine Aufgabe weniger f\u00fcr Sie sein. Durch unsere Partnerschaften bieten wir die besten Preise und garantieren die idealen Unterk\u00fcnfte, Zeitpl\u00e4ne und Transportm\u00f6glichkeiten f\u00fcr Ihre Gruppe oder Veranstaltung. Unsere umfangreiche Erfahrung erm\u00f6glicht es uns, Logistikdienstleistungen und volle Unterst\u00fctzung vor, w\u00e4hrend und nach Ihrer Reise anzubieten und Ihnen die Ruhe zu geben, dass Sie sich einfach mit dem besch\u00e4ftigen k\u00f6nnen, was wirklich von Ihnen abh\u00e4ngt.<\/p>\n<\/div><\/div><\/div><\/div><div class=\"wpb_column vc_column_container\"><div class=\"vc_column-inner\"><div class=\"wpb_text_column\"><div class=\"wpb_wrapper\"><p><strong>SPEZIELLE REISEPROGRAMME <\/strong>Wir sind darauf spezialisiert, personalisierte Reiseprogramme f\u00fcr Gruppen jeder Gr\u00f6\u00dfe zu erstellen. Dabei legen wir stets Wert auf guten Service und die Unterst\u00fctzung durch die besten Fachleute, damit Ihre Firmenreise zu einem unvergesslichen Ereignis wird!<\/p>\n<\/div><\/div><div class=\"w-separator size_small\"><\/div><div class=\"wpb_text_column\"><div class=\"wpb_wrapper\"><p><strong>PRIVATVERKEHR <\/strong>Wir machen es Ihnen leicht, sich in Rio de Janeiro auf eine pers\u00f6nliche und exklusive Weise fortzubewegen. Wir verf\u00fcgen \u00fcber ein breites Netzwerk von Lieferanten, um den perfekten privaten Transport f\u00fcr Sie zu gew\u00e4hrleisten, von der Limousine bis zum Bus, immer f\u00fcr Komfort, Sicherheit und die P\u00fcnktlichkeit, die Sie ben\u00f6tigen!<\/p>\n<\/div><\/div><div class=\"w-separator size_small\"><\/div><div class=\"wpb_text_column\"><div class=\"wpb_wrapper\"><p><strong>EXKLUSIVE SONDERPROGRAMME <\/strong>Wir verf\u00fcgen \u00fcber ein Netzwerk exklusiver, personalisierter und hochwertiger Dienstleistungen, darunter Hubschrauberreservierungen, Schnellbootfahrten, Reservierungen in den besten Restaurants, Hotels und High-End-Salons. Alles ma\u00dfgeschneidert, damit Ihre Veranstaltung alle Erwartungen \u00fcbertrifft!<\/p>\n<\/div><\/div><\/div><\/div><div class=\"wpb_column vc_column_container\"><div class=\"vc_column-inner\"><\/div><\/div><\/div><div class=\"g-cols wpb_row via_grid cols_1 laptops-cols_inherit tablets-cols_inherit mobiles-cols_1 valign_top type_default stacking_default\" style=\"--columns-gap:3rem;\"><div class=\"wpb_column vc_column_container\"><div class=\"vc_column-inner\"><div class=\"w-separator size_medium\"><\/div><div class=\"w-btn-wrapper align_center\"><a class=\"w-btn us-btn-style_4 icon_atleft\" title=\"Kontakt\" href=\"https:\/\/travelstudio.com.br\/de\/kontakt\/\"><i class=\"fas fa-envelope\"><\/i><span class=\"w-btn-label\">KONTAKTIEREN SIE UNS<\/span><\/a><\/div><\/div><\/div><\/div><\/div><\/div><\/div><\/div><\/section>\n","protected":false},"excerpt":{"rendered":"Unternehmen und EventsStartSeiten MEETINGS INCENTIVES KONFERENZEN VERANSTALTUNGEN Rio de Janeiro bietet perfekte Bedingungen f\u00fcr Gesch\u00e4fte mit etwas mehr, das ideale Ziel f\u00fcr Tagungen, Incentive-Gruppen, Konferenzen und Kongresse, in einer engagierten und gleichzeitig unvergesslichen Zeit. Wir begleiten Ihr Unternehmen bei der Vorbereitung, Organisation und Durchf\u00fchrung von Incentive-Reisen, Kongressen, Tagungen etc. Wir k\u00fcmmern uns um alle Details,...","protected":false},"author":5,"featured_media":0,"parent":0,"menu_order":0,"comment_status":"closed","ping_status":"closed","template":"","meta":{"_acf_changed":false,"_joinchat":[],"footnotes":""},"class_list":["post-11899","page","type-page","status-publish","hentry"],"acf":[],"yoast_head":"<!-- This site is optimized with the Yoast SEO plugin v27.6 - https:\/\/yoast.com\/product\/yoast-seo-wordpress\/ -->\n<title>Firmenveranstaltungen und Incentive-Gruppen in Rio de Janeiro-Reserve<\/title>\n<meta name=\"description\" content=\"Produktion, Organisation und Ausstattung-Firmenevents und Incentive-Gruppen in Rio de Janeiro sind die Schwerpunkte von Travel Studio.Fragen Sie nach Ihrem Budget! M\u00c4USE\" \/>\n<meta name=\"robots\" content=\"index, follow, max-snippet:-1, max-image-preview:large, max-video-preview:-1\" \/>\n<link rel=\"canonical\" href=\"https:\/\/travelstudio.com.br\/de\/unternehmen-und-events\/\" \/>\n<meta property=\"og:locale\" content=\"de_DE\" \/>\n<meta property=\"og:type\" content=\"article\" \/>\n<meta property=\"og:title\" content=\"Firmenveranstaltungen und Incentive-Gruppen in Rio de Janeiro-Reserve\" \/>\n<meta property=\"og:description\" content=\"Produktion, Organisation und Ausstattung-Firmenevents und Incentive-Gruppen in Rio de Janeiro sind die Schwerpunkte von Travel Studio.Fragen Sie nach Ihrem Budget! M\u00c4USE\" \/>\n<meta property=\"og:url\" content=\"https:\/\/travelstudio.com.br\/de\/unternehmen-und-events\/\" \/>\n<meta property=\"og:site_name\" content=\"Travel Studio\" \/>\n<meta property=\"article:publisher\" content=\"https:\/\/www.facebook.com\/travelstudio.br\" \/>\n<meta property=\"article:modified_time\" content=\"2024-09-18T12:15:37+00:00\" \/>\n<meta name=\"twitter:card\" content=\"summary_large_image\" \/>\n<meta name=\"twitter:label1\" content=\"Gesch\u00e4tzte Lesezeit\" \/>\n\t<meta name=\"twitter:data1\" content=\"3\u00a0Minuten\" \/>\n<script type=\"application\/ld+json\" class=\"yoast-schema-graph\">{\"@context\":\"https:\\\/\\\/schema.org\",\"@graph\":[{\"@type\":\"WebPage\",\"@id\":\"https:\\\/\\\/travelstudio.com.br\\\/de\\\/unternehmen-und-events\\\/\",\"url\":\"https:\\\/\\\/travelstudio.com.br\\\/de\\\/unternehmen-und-events\\\/\",\"name\":\"Firmenveranstaltungen und Incentive-Gruppen in Rio de Janeiro-Reserve\",\"isPartOf\":{\"@id\":\"https:\\\/\\\/travelstudio.com.br\\\/de\\\/#website\"},\"datePublished\":\"2019-08-03T16:56:37+00:00\",\"dateModified\":\"2024-09-18T12:15:37+00:00\",\"description\":\"Produktion, Organisation und Ausstattung-Firmenevents und Incentive-Gruppen in Rio de Janeiro sind die Schwerpunkte von Travel Studio.Fragen Sie nach Ihrem Budget! M\u00c4USE\",\"breadcrumb\":{\"@id\":\"https:\\\/\\\/travelstudio.com.br\\\/de\\\/unternehmen-und-events\\\/#breadcrumb\"},\"inLanguage\":\"de\",\"potentialAction\":[{\"@type\":\"ReadAction\",\"target\":[\"https:\\\/\\\/travelstudio.com.br\\\/de\\\/unternehmen-und-events\\\/\"]}]},{\"@type\":\"BreadcrumbList\",\"@id\":\"https:\\\/\\\/travelstudio.com.br\\\/de\\\/unternehmen-und-events\\\/#breadcrumb\",\"itemListElement\":[{\"@type\":\"ListItem\",\"position\":1,\"name\":\"In\u00edcio\",\"item\":\"https:\\\/\\\/travelstudio.com.br\\\/de\\\/\"},{\"@type\":\"ListItem\",\"position\":2,\"name\":\"Unternehmen und Events\"}]},{\"@type\":\"WebSite\",\"@id\":\"https:\\\/\\\/travelstudio.com.br\\\/de\\\/#website\",\"url\":\"https:\\\/\\\/travelstudio.com.br\\\/de\\\/\",\"name\":\"Travel Studio\",\"description\":\"Ag\u00eancia Turismo Receptivo no Rio de Janeiro, especializada em customiza\u00e7\u00e3o de passeios.\",\"potentialAction\":[{\"@type\":\"SearchAction\",\"target\":{\"@type\":\"EntryPoint\",\"urlTemplate\":\"https:\\\/\\\/travelstudio.com.br\\\/de\\\/?s={search_term_string}\"},\"query-input\":{\"@type\":\"PropertyValueSpecification\",\"valueRequired\":true,\"valueName\":\"search_term_string\"}}],\"inLanguage\":\"de\"}]}<\/script>\n<!-- \/ Yoast SEO plugin. -->","yoast_head_json":{"title":"Firmenveranstaltungen und Incentive-Gruppen in Rio de Janeiro-Reserve","description":"Produktion, Organisation und Ausstattung-Firmenevents und Incentive-Gruppen in Rio de Janeiro sind die Schwerpunkte von Travel Studio.Fragen Sie nach Ihrem Budget! M\u00c4USE","robots":{"index":"index","follow":"follow","max-snippet":"max-snippet:-1","max-image-preview":"max-image-preview:large","max-video-preview":"max-video-preview:-1"},"canonical":"https:\/\/travelstudio.com.br\/de\/unternehmen-und-events\/","og_locale":"de_DE","og_type":"article","og_title":"Firmenveranstaltungen und Incentive-Gruppen in Rio de Janeiro-Reserve","og_description":"Produktion, Organisation und Ausstattung-Firmenevents und Incentive-Gruppen in Rio de Janeiro sind die Schwerpunkte von Travel Studio.Fragen Sie nach Ihrem Budget! M\u00c4USE","og_url":"https:\/\/travelstudio.com.br\/de\/unternehmen-und-events\/","og_site_name":"Travel Studio","article_publisher":"https:\/\/www.facebook.com\/travelstudio.br","article_modified_time":"2024-09-18T12:15:37+00:00","twitter_card":"summary_large_image","twitter_misc":{"Gesch\u00e4tzte Lesezeit":"3\u00a0Minuten"},"schema":{"@context":"https:\/\/schema.org","@graph":[{"@type":"WebPage","@id":"https:\/\/travelstudio.com.br\/de\/unternehmen-und-events\/","url":"https:\/\/travelstudio.com.br\/de\/unternehmen-und-events\/","name":"Firmenveranstaltungen und Incentive-Gruppen in Rio de Janeiro-Reserve","isPartOf":{"@id":"https:\/\/travelstudio.com.br\/de\/#website"},"datePublished":"2019-08-03T16:56:37+00:00","dateModified":"2024-09-18T12:15:37+00:00","description":"Produktion, Organisation und Ausstattung-Firmenevents und Incentive-Gruppen in Rio de Janeiro sind die Schwerpunkte von Travel Studio.Fragen Sie nach Ihrem Budget! M\u00c4USE","breadcrumb":{"@id":"https:\/\/travelstudio.com.br\/de\/unternehmen-und-events\/#breadcrumb"},"inLanguage":"de","potentialAction":[{"@type":"ReadAction","target":["https:\/\/travelstudio.com.br\/de\/unternehmen-und-events\/"]}]},{"@type":"BreadcrumbList","@id":"https:\/\/travelstudio.com.br\/de\/unternehmen-und-events\/#breadcrumb","itemListElement":[{"@type":"ListItem","position":1,"name":"In\u00edcio","item":"https:\/\/travelstudio.com.br\/de\/"},{"@type":"ListItem","position":2,"name":"Unternehmen und Events"}]},{"@type":"WebSite","@id":"https:\/\/travelstudio.com.br\/de\/#website","url":"https:\/\/travelstudio.com.br\/de\/","name":"Travel Studio","description":"Ag\u00eancia Turismo Receptivo no Rio de Janeiro, especializada em customiza\u00e7\u00e3o de passeios.","potentialAction":[{"@type":"SearchAction","target":{"@type":"EntryPoint","urlTemplate":"https:\/\/travelstudio.com.br\/de\/?s={search_term_string}"},"query-input":{"@type":"PropertyValueSpecification","valueRequired":true,"valueName":"search_term_string"}}],"inLanguage":"de"}]}},"_links":{"self":[{"href":"https:\/\/travelstudio.com.br\/de\/wp-json\/wp\/v2\/pages\/11899","targetHints":{"allow":["GET"]}}],"collection":[{"href":"https:\/\/travelstudio.com.br\/de\/wp-json\/wp\/v2\/pages"}],"about":[{"href":"https:\/\/travelstudio.com.br\/de\/wp-json\/wp\/v2\/types\/page"}],"author":[{"embeddable":true,"href":"https:\/\/travelstudio.com.br\/de\/wp-json\/wp\/v2\/users\/5"}],"replies":[{"embeddable":true,"href":"https:\/\/travelstudio.com.br\/de\/wp-json\/wp\/v2\/comments?post=11899"}],"version-history":[{"count":3,"href":"https:\/\/travelstudio.com.br\/de\/wp-json\/wp\/v2\/pages\/11899\/revisions"}],"predecessor-version":[{"id":13140,"href":"https:\/\/travelstudio.com.br\/de\/wp-json\/wp\/v2\/pages\/11899\/revisions\/13140"}],"wp:attachment":[{"href":"https:\/\/travelstudio.com.br\/de\/wp-json\/wp\/v2\/media?parent=11899"}],"curies":[{"name":"wp","href":"https:\/\/api.w.org\/{rel}","templated":true}]}}