{"id":11885,"date":"2020-01-31T11:52:24","date_gmt":"2020-01-31T11:52:24","guid":{"rendered":"https:\/\/travelstudio.com.br\/lernen-sie-unsere-guides-kennen\/romeo\/"},"modified":"2022-12-30T13:04:06","modified_gmt":"2022-12-30T13:04:06","slug":"romeo","status":"publish","type":"page","link":"https:\/\/travelstudio.com.br\/de\/lernen-sie-unsere-guides-kennen\/romeo\/","title":{"rendered":"Romeo"},"content":{"rendered":"<section class=\"l-section wpb_row height_medium color_primary\"><div class=\"l-section-h i-cf\"><div class=\"g-cols vc_row via_grid cols_1-3 laptops-cols_inherit tablets-cols_inherit mobiles-cols_1 valign_top type_default stacking_default\"><div class=\"wpb_column vc_column_container\"><div class=\"vc_column-inner\"><div class=\"w-image align_none\"><div class=\"w-image-h\"><img decoding=\"async\" width=\"300\" height=\"300\" src=\"https:\/\/travelstudio.com.br\/wp-content\/uploads\/2020\/02\/Romeu-300x300.jpg\" class=\"attachment-shop_catalog size-shop_catalog\" alt=\"\" loading=\"lazy\" srcset=\"https:\/\/travelstudio.com.br\/wp-content\/uploads\/2020\/02\/Romeu-300x300.jpg 300w, https:\/\/travelstudio.com.br\/wp-content\/uploads\/2020\/02\/Romeu-150x150.jpg 150w, https:\/\/travelstudio.com.br\/wp-content\/uploads\/2020\/02\/Romeu-120x120.jpg 120w, https:\/\/travelstudio.com.br\/wp-content\/uploads\/2020\/02\/Romeu-200x200.jpg 200w\" sizes=\"auto, (max-width: 300px) 100vw, 300px\" \/><\/div><\/div><\/div><\/div><div class=\"wpb_column vc_column_container\"><div class=\"vc_column-inner\"><div class=\"w-separator size_large\"><\/div><div class=\"w-separator size_small\"><\/div><h2 class=\"w-post-elm post_title align_left entry-title color_link_inherit\">Romeo<\/h2><\/div><\/div><\/div><\/div><\/section><!-- Row Backgrounds --><div class=\"upb_bg_img\" data-ultimate-bg=\"url(https:\/\/travelstudio.com.br\/wp-content\/uploads\/2020\/02\/Romeu_Carole_Victor.jpg)\" data-image-id=\"id^3610|url^http:\/\/travelstudio.com.br\/wp-content\/uploads\/2020\/02\/Romeu_Carole_Victor.jpg|caption^null|alt^null|title^Romeu_Carole_Victor|description^null\" data-ultimate-bg-style=\"vcpb-vz-jquery\" data-bg-img-repeat=\"repeat\" data-bg-img-size=\"cover\" data-bg-img-position=\"\" data-parallx_sense=\"100\" data-bg-override=\"0\" data-bg_img_attach=\"scroll\" data-upb-overlay-color=\"rgba(26,26,26,0.5)\" data-upb-bg-animation=\"\" data-fadeout=\"\" data-bg-animation=\"left-animation\" data-bg-animation-type=\"h\" data-animation-repeat=\"repeat\" data-fadeout-percentage=\"30\" data-parallax-content=\"\" data-parallax-content-sense=\"30\" data-row-effect-mobile-disable=\"true\" data-img-parallax-mobile-disable=\"true\" data-rtl=\"false\"  data-custom-vc-row=\"\"  data-vc=\"8.7.2\"  data-is_old_vc=\"\"  data-theme-support=\"\"   data-overlay=\"true\" data-overlay-color=\"rgba(26,26,26,0.5)\" data-overlay-pattern=\"\" data-overlay-pattern-opacity=\"0.8\" data-overlay-pattern-size=\"\" data-overlay-pattern-attachment=\"scroll\"    ><\/div><section class=\"l-section wpb_row height_auto color_custom\"><div class=\"l-section-h i-cf\"><div class=\"g-cols vc_row via_grid cols_1 laptops-cols_inherit tablets-cols_inherit mobiles-cols_1 valign_top type_default stacking_default\"><div class=\"wpb_column vc_column_container\"><div class=\"vc_column-inner\"><div class=\"w-separator size_medium\"><\/div><div class=\"g-cols wpb_row via_grid cols_1-3 laptops-cols_inherit tablets-cols_inherit mobiles-cols_1 valign_top type_default stacking_default\" style=\"--columns-gap:3rem;\"><div class=\"wpb_column vc_column_container\"><div class=\"vc_column-inner\"><div class=\"w-iconbox iconpos_left style_default color_primary align_left no_text\"><div class=\"w-iconbox-icon\" style=\"font-size:30px;\"><i class=\"fas fa-star\"><\/i><\/div><div class=\"w-iconbox-meta\"><h4 class=\"w-iconbox-title\" style=\"font-size:18px;\">&lt;b&gt;STECKENPFERDE&lt;\/b&gt;<\/h4><\/div><\/div><\/div><\/div><div class=\"wpb_column vc_column_container\"><div class=\"vc_column-inner\"><div class=\"wpb_text_column\"><div class=\"wpb_wrapper\"><p><span style=\"font-weight: 400;\">Musik, B\u00fccher, Kaffee, Pflanzen, Str\u00e4nde und k\u00f6rperliche \u00dcbungen.  <\/span><\/p>\n<\/div><\/div><\/div><\/div><\/div><div class=\"w-separator size_small with_line width_default thick_1 style_solid color_border align_center\"><div class=\"w-separator-h\"><\/div><\/div><\/div><\/div><\/div><\/div><\/section><section class=\"l-section wpb_row height_auto color_custom\"><div class=\"l-section-h i-cf\"><div class=\"g-cols vc_row via_grid cols_1 laptops-cols_inherit tablets-cols_inherit mobiles-cols_1 valign_top type_default stacking_default\"><div class=\"wpb_column vc_column_container\"><div class=\"vc_column-inner\"><div class=\"g-cols wpb_row via_grid cols_1-3 laptops-cols_inherit tablets-cols_inherit mobiles-cols_1 valign_top type_default stacking_default\" style=\"--columns-gap:3rem;\"><div class=\"wpb_column vc_column_container\"><div class=\"vc_column-inner\"><div class=\"w-iconbox iconpos_left style_default color_primary align_left no_text\"><div class=\"w-iconbox-icon\" style=\"font-size:30px;\"><i class=\"fas fa-star\"><\/i><\/div><div class=\"w-iconbox-meta\"><h4 class=\"w-iconbox-title\" style=\"font-size:18px;\">&lt;b&gt;BERUF&lt;\/b&gt;<\/h4><\/div><\/div><\/div><\/div><div class=\"wpb_column vc_column_container\"><div class=\"vc_column-inner\"><div class=\"wpb_text_column\"><div class=\"wpb_wrapper\"><p><span style=\"font-weight: 400;\">Studium der Geschichte<\/span><\/p>\n<\/div><\/div><\/div><\/div><\/div><div class=\"w-separator size_small with_line width_default thick_1 style_solid color_border align_center\"><div class=\"w-separator-h\"><\/div><\/div><\/div><\/div><\/div><\/div><\/section><section class=\"l-section wpb_row height_auto color_custom\"><div class=\"l-section-h i-cf\"><div class=\"g-cols vc_row via_grid cols_1 laptops-cols_inherit tablets-cols_inherit mobiles-cols_1 valign_top type_default stacking_default\"><div class=\"wpb_column vc_column_container\"><div class=\"vc_column-inner\"><div class=\"g-cols wpb_row via_grid cols_1-3 laptops-cols_inherit tablets-cols_inherit mobiles-cols_1 valign_top type_default stacking_default\" style=\"--columns-gap:3rem;\"><div class=\"wpb_column vc_column_container\"><div class=\"vc_column-inner\"><div class=\"w-iconbox iconpos_left style_default color_primary align_left no_text\"><div class=\"w-iconbox-icon\" style=\"font-size:30px;\"><i class=\"fas fa-star\"><\/i><\/div><div class=\"w-iconbox-meta\"><h4 class=\"w-iconbox-title\" style=\"font-size:18px;\">&lt;b&gt;SPRACHEN&lt;\/b&gt;<\/h4><\/div><\/div><\/div><\/div><div class=\"wpb_column vc_column_container\"><div class=\"vc_column-inner\"><div class=\"wpb_text_column\"><div class=\"wpb_wrapper\"><p><span style=\"font-weight: 400;\">Italienisch, Frances, Espahol und Portugues.  <\/span><\/p>\n<\/div><\/div><\/div><\/div><\/div><div class=\"w-separator size_small with_line width_default thick_1 style_solid color_border align_center\"><div class=\"w-separator-h\"><\/div><\/div><\/div><\/div><\/div><\/div><\/section><section class=\"l-section wpb_row height_auto color_custom\"><div class=\"l-section-h i-cf\"><div class=\"g-cols vc_row via_grid cols_1 laptops-cols_inherit tablets-cols_inherit mobiles-cols_1 valign_top type_default stacking_default\"><div class=\"wpb_column vc_column_container\"><div class=\"vc_column-inner\"><div class=\"g-cols wpb_row via_grid cols_1-3 laptops-cols_inherit tablets-cols_inherit mobiles-cols_1 valign_top type_default stacking_default\" style=\"--columns-gap:3rem;\"><div class=\"wpb_column vc_column_container\"><div class=\"vc_column-inner\"><div class=\"w-iconbox iconpos_left style_default color_primary align_left no_text\"><div class=\"w-iconbox-icon\" style=\"font-size:30px;\"><i class=\"fas fa-star\"><\/i><\/div><div class=\"w-iconbox-meta\"><h4 class=\"w-iconbox-title\" style=\"font-size:18px;\">&lt;b&gt;INTERESSEN&lt;\/b&gt;<\/h4><\/div><\/div><\/div><\/div><div class=\"wpb_column vc_column_container\"><div class=\"vc_column-inner\"><div class=\"wpb_text_column\"><div class=\"wpb_wrapper\"><p><span style=\"font-weight: 400;\">Geschichte, Kino, Kultur, Sport und Natur.  <\/span><\/p>\n<\/div><\/div><\/div><\/div><\/div><div class=\"w-separator size_small with_line width_default thick_1 style_solid color_border align_center\"><div class=\"w-separator-h\"><\/div><\/div><\/div><\/div><\/div><\/div><\/section><section class=\"l-section wpb_row height_auto color_custom\"><div class=\"l-section-h i-cf\"><div class=\"g-cols vc_row via_grid cols_1 laptops-cols_inherit tablets-cols_inherit mobiles-cols_1 valign_top type_default stacking_default\"><div class=\"wpb_column vc_column_container\"><div class=\"vc_column-inner\"><div class=\"g-cols wpb_row via_grid cols_1-3 laptops-cols_inherit tablets-cols_inherit mobiles-cols_1 valign_top type_default stacking_default\" style=\"--columns-gap:3rem;\"><div class=\"wpb_column vc_column_container\"><div class=\"vc_column-inner\"><div class=\"w-iconbox iconpos_left style_default color_primary align_left no_text\"><div class=\"w-iconbox-icon\" style=\"font-size:30px;\"><i class=\"fas fa-star\"><\/i><\/div><div class=\"w-iconbox-meta\"><h4 class=\"w-iconbox-title\" style=\"font-size:18px;\">&lt;b&gt;WAS ICH AN RIO AM MEISTEN LIEBE&lt;\/b&gt;<\/h4><\/div><\/div><\/div><\/div><div class=\"wpb_column vc_column_container\"><div class=\"vc_column-inner\"><div class=\"wpb_text_column\"><div class=\"wpb_wrapper\"><p><span style=\"font-weight: 400;\">Kulturgeschichte der Stadt und ihrer Kuriosit\u00e4ten.  <\/span><\/p>\n<\/div><\/div><\/div><\/div><\/div><div class=\"w-separator size_small with_line width_default thick_1 style_solid color_border align_center\"><div class=\"w-separator-h\"><\/div><\/div><\/div><\/div><\/div><\/div><\/section><section class=\"l-section wpb_row height_auto color_custom\"><div class=\"l-section-h i-cf\"><div class=\"g-cols vc_row via_grid cols_1 laptops-cols_inherit tablets-cols_inherit mobiles-cols_1 valign_top type_default stacking_default\"><div class=\"wpb_column vc_column_container\"><div class=\"vc_column-inner\"><div class=\"g-cols wpb_row via_grid cols_1-3 laptops-cols_inherit tablets-cols_inherit mobiles-cols_1 valign_top type_default stacking_default\" style=\"--columns-gap:3rem;\"><div class=\"wpb_column vc_column_container\"><div class=\"vc_column-inner\"><div class=\"w-iconbox iconpos_left style_default color_primary align_left no_text\"><div class=\"w-iconbox-icon\" style=\"font-size:30px;\"><i class=\"fas fa-star\"><\/i><\/div><div class=\"w-iconbox-meta\"><h4 class=\"w-iconbox-title\" style=\"font-size:18px;\">&lt;b&gt;TOP TIPPS AUS RIO&lt;\/b&gt;<\/h4><\/div><\/div><\/div><\/div><div class=\"wpb_column vc_column_container\"><div class=\"vc_column-inner\"><div class=\"wpb_text_column\"><div class=\"wpb_wrapper\"><p><span style=\"font-weight: 400;\">Besuchen Sie den Tijuca Forest National Park und Madureira<\/span><\/p>\n<\/div><\/div><\/div><\/div><\/div><div class=\"w-separator size_small\"><\/div><\/div><\/div><\/div><\/div><\/section>\n","protected":false},"excerpt":{"rendered":"Romeo&lt;b&gt;STECKENPFERDE&lt;\/b&gt;Musik, B\u00fccher, Kaffee, Pflanzen, Str\u00e4nde und k\u00f6rperliche \u00dcbungen. &lt;b&gt;BERUF&lt;\/b&gt;Studium der Geschichte &lt;b&gt;SPRACHEN&lt;\/b&gt;Italienisch, Frances, Espahol und Portugues. &lt;b&gt;INTERESSEN&lt;\/b&gt;Geschichte, Kino, Kultur, Sport und Natur. &lt;b&gt;WAS ICH AN RIO AM MEISTEN LIEBE&lt;\/b&gt;Kulturgeschichte der Stadt und ihrer Kuriosit\u00e4ten. &lt;b&gt;TOP TIPPS AUS RIO&lt;\/b&gt;Besuchen Sie den Tijuca Forest National Park und Madureira","protected":false},"author":5,"featured_media":10864,"parent":11851,"menu_order":0,"comment_status":"closed","ping_status":"closed","template":"","meta":{"_acf_changed":false,"_joinchat":[],"footnotes":""},"class_list":["post-11885","page","type-page","status-publish","has-post-thumbnail","hentry"],"acf":[],"yoast_head":"<!-- This site is optimized with the Yoast SEO plugin v27.3 - https:\/\/yoast.com\/product\/yoast-seo-wordpress\/ -->\n<title>Romeo - Travel Studio<\/title>\n<meta name=\"robots\" content=\"index, follow, max-snippet:-1, max-image-preview:large, max-video-preview:-1\" \/>\n<link rel=\"canonical\" href=\"https:\/\/travelstudio.com.br\/de\/lernen-sie-unsere-guides-kennen\/romeo\/\" \/>\n<meta property=\"og:locale\" content=\"de_DE\" \/>\n<meta property=\"og:type\" content=\"article\" \/>\n<meta property=\"og:title\" content=\"Romeo - Travel Studio\" \/>\n<meta property=\"og:url\" content=\"https:\/\/travelstudio.com.br\/de\/lernen-sie-unsere-guides-kennen\/romeo\/\" \/>\n<meta property=\"og:site_name\" content=\"Travel Studio\" \/>\n<meta property=\"article:publisher\" content=\"https:\/\/www.facebook.com\/travelstudio.br\" \/>\n<meta property=\"article:modified_time\" content=\"2022-12-30T13:04:06+00:00\" \/>\n<meta property=\"og:image\" content=\"https:\/\/travelstudio.com.br\/wp-content\/uploads\/2020\/03\/Romeu-foto-background.jpeg\" \/>\n\t<meta property=\"og:image:width\" content=\"1216\" \/>\n\t<meta property=\"og:image:height\" content=\"387\" \/>\n\t<meta property=\"og:image:type\" content=\"image\/jpeg\" \/>\n<meta name=\"twitter:card\" content=\"summary_large_image\" \/>\n<meta name=\"twitter:label1\" content=\"Gesch\u00e4tzte Lesezeit\" \/>\n\t<meta name=\"twitter:data1\" content=\"3\u00a0Minuten\" \/>\n<script type=\"application\/ld+json\" class=\"yoast-schema-graph\">{\"@context\":\"https:\\\/\\\/schema.org\",\"@graph\":[{\"@type\":\"WebPage\",\"@id\":\"https:\\\/\\\/travelstudio.com.br\\\/de\\\/lernen-sie-unsere-guides-kennen\\\/romeo\\\/\",\"url\":\"https:\\\/\\\/travelstudio.com.br\\\/de\\\/lernen-sie-unsere-guides-kennen\\\/romeo\\\/\",\"name\":\"Romeo - Travel Studio\",\"isPartOf\":{\"@id\":\"https:\\\/\\\/travelstudio.com.br\\\/de\\\/#website\"},\"primaryImageOfPage\":{\"@id\":\"https:\\\/\\\/travelstudio.com.br\\\/de\\\/lernen-sie-unsere-guides-kennen\\\/romeo\\\/#primaryimage\"},\"image\":{\"@id\":\"https:\\\/\\\/travelstudio.com.br\\\/de\\\/lernen-sie-unsere-guides-kennen\\\/romeo\\\/#primaryimage\"},\"thumbnailUrl\":\"https:\\\/\\\/travelstudio.com.br\\\/wp-content\\\/uploads\\\/2020\\\/03\\\/Romeu-foto-background.jpeg\",\"datePublished\":\"2020-01-31T11:52:24+00:00\",\"dateModified\":\"2022-12-30T13:04:06+00:00\",\"breadcrumb\":{\"@id\":\"https:\\\/\\\/travelstudio.com.br\\\/de\\\/lernen-sie-unsere-guides-kennen\\\/romeo\\\/#breadcrumb\"},\"inLanguage\":\"de\",\"potentialAction\":[{\"@type\":\"ReadAction\",\"target\":[\"https:\\\/\\\/travelstudio.com.br\\\/de\\\/lernen-sie-unsere-guides-kennen\\\/romeo\\\/\"]}]},{\"@type\":\"ImageObject\",\"inLanguage\":\"de\",\"@id\":\"https:\\\/\\\/travelstudio.com.br\\\/de\\\/lernen-sie-unsere-guides-kennen\\\/romeo\\\/#primaryimage\",\"url\":\"https:\\\/\\\/travelstudio.com.br\\\/wp-content\\\/uploads\\\/2020\\\/03\\\/Romeu-foto-background.jpeg\",\"contentUrl\":\"https:\\\/\\\/travelstudio.com.br\\\/wp-content\\\/uploads\\\/2020\\\/03\\\/Romeu-foto-background.jpeg\",\"width\":1216,\"height\":387},{\"@type\":\"BreadcrumbList\",\"@id\":\"https:\\\/\\\/travelstudio.com.br\\\/de\\\/lernen-sie-unsere-guides-kennen\\\/romeo\\\/#breadcrumb\",\"itemListElement\":[{\"@type\":\"ListItem\",\"position\":1,\"name\":\"In\u00edcio\",\"item\":\"https:\\\/\\\/travelstudio.com.br\\\/de\\\/\"},{\"@type\":\"ListItem\",\"position\":2,\"name\":\"Lernen Sie unsere Guides kennen\",\"item\":\"https:\\\/\\\/travelstudio.com.br\\\/de\\\/lernen-sie-unsere-guides-kennen\\\/\"},{\"@type\":\"ListItem\",\"position\":3,\"name\":\"Romeo\"}]},{\"@type\":\"WebSite\",\"@id\":\"https:\\\/\\\/travelstudio.com.br\\\/de\\\/#website\",\"url\":\"https:\\\/\\\/travelstudio.com.br\\\/de\\\/\",\"name\":\"Travel Studio\",\"description\":\"Ag\u00eancia Turismo Receptivo no Rio de Janeiro, especializada em customiza\u00e7\u00e3o de passeios.\",\"potentialAction\":[{\"@type\":\"SearchAction\",\"target\":{\"@type\":\"EntryPoint\",\"urlTemplate\":\"https:\\\/\\\/travelstudio.com.br\\\/de\\\/?s={search_term_string}\"},\"query-input\":{\"@type\":\"PropertyValueSpecification\",\"valueRequired\":true,\"valueName\":\"search_term_string\"}}],\"inLanguage\":\"de\"}]}<\/script>\n<!-- \/ Yoast SEO plugin. -->","yoast_head_json":{"title":"Romeo - Travel Studio","robots":{"index":"index","follow":"follow","max-snippet":"max-snippet:-1","max-image-preview":"max-image-preview:large","max-video-preview":"max-video-preview:-1"},"canonical":"https:\/\/travelstudio.com.br\/de\/lernen-sie-unsere-guides-kennen\/romeo\/","og_locale":"de_DE","og_type":"article","og_title":"Romeo - Travel Studio","og_url":"https:\/\/travelstudio.com.br\/de\/lernen-sie-unsere-guides-kennen\/romeo\/","og_site_name":"Travel Studio","article_publisher":"https:\/\/www.facebook.com\/travelstudio.br","article_modified_time":"2022-12-30T13:04:06+00:00","og_image":[{"width":1216,"height":387,"url":"https:\/\/travelstudio.com.br\/wp-content\/uploads\/2020\/03\/Romeu-foto-background.jpeg","type":"image\/jpeg"}],"twitter_card":"summary_large_image","twitter_misc":{"Gesch\u00e4tzte Lesezeit":"3\u00a0Minuten"},"schema":{"@context":"https:\/\/schema.org","@graph":[{"@type":"WebPage","@id":"https:\/\/travelstudio.com.br\/de\/lernen-sie-unsere-guides-kennen\/romeo\/","url":"https:\/\/travelstudio.com.br\/de\/lernen-sie-unsere-guides-kennen\/romeo\/","name":"Romeo - Travel Studio","isPartOf":{"@id":"https:\/\/travelstudio.com.br\/de\/#website"},"primaryImageOfPage":{"@id":"https:\/\/travelstudio.com.br\/de\/lernen-sie-unsere-guides-kennen\/romeo\/#primaryimage"},"image":{"@id":"https:\/\/travelstudio.com.br\/de\/lernen-sie-unsere-guides-kennen\/romeo\/#primaryimage"},"thumbnailUrl":"https:\/\/travelstudio.com.br\/wp-content\/uploads\/2020\/03\/Romeu-foto-background.jpeg","datePublished":"2020-01-31T11:52:24+00:00","dateModified":"2022-12-30T13:04:06+00:00","breadcrumb":{"@id":"https:\/\/travelstudio.com.br\/de\/lernen-sie-unsere-guides-kennen\/romeo\/#breadcrumb"},"inLanguage":"de","potentialAction":[{"@type":"ReadAction","target":["https:\/\/travelstudio.com.br\/de\/lernen-sie-unsere-guides-kennen\/romeo\/"]}]},{"@type":"ImageObject","inLanguage":"de","@id":"https:\/\/travelstudio.com.br\/de\/lernen-sie-unsere-guides-kennen\/romeo\/#primaryimage","url":"https:\/\/travelstudio.com.br\/wp-content\/uploads\/2020\/03\/Romeu-foto-background.jpeg","contentUrl":"https:\/\/travelstudio.com.br\/wp-content\/uploads\/2020\/03\/Romeu-foto-background.jpeg","width":1216,"height":387},{"@type":"BreadcrumbList","@id":"https:\/\/travelstudio.com.br\/de\/lernen-sie-unsere-guides-kennen\/romeo\/#breadcrumb","itemListElement":[{"@type":"ListItem","position":1,"name":"In\u00edcio","item":"https:\/\/travelstudio.com.br\/de\/"},{"@type":"ListItem","position":2,"name":"Lernen Sie unsere Guides kennen","item":"https:\/\/travelstudio.com.br\/de\/lernen-sie-unsere-guides-kennen\/"},{"@type":"ListItem","position":3,"name":"Romeo"}]},{"@type":"WebSite","@id":"https:\/\/travelstudio.com.br\/de\/#website","url":"https:\/\/travelstudio.com.br\/de\/","name":"Travel Studio","description":"Ag\u00eancia Turismo Receptivo no Rio de Janeiro, especializada em customiza\u00e7\u00e3o de passeios.","potentialAction":[{"@type":"SearchAction","target":{"@type":"EntryPoint","urlTemplate":"https:\/\/travelstudio.com.br\/de\/?s={search_term_string}"},"query-input":{"@type":"PropertyValueSpecification","valueRequired":true,"valueName":"search_term_string"}}],"inLanguage":"de"}]}},"_links":{"self":[{"href":"https:\/\/travelstudio.com.br\/de\/wp-json\/wp\/v2\/pages\/11885","targetHints":{"allow":["GET"]}}],"collection":[{"href":"https:\/\/travelstudio.com.br\/de\/wp-json\/wp\/v2\/pages"}],"about":[{"href":"https:\/\/travelstudio.com.br\/de\/wp-json\/wp\/v2\/types\/page"}],"author":[{"embeddable":true,"href":"https:\/\/travelstudio.com.br\/de\/wp-json\/wp\/v2\/users\/5"}],"replies":[{"embeddable":true,"href":"https:\/\/travelstudio.com.br\/de\/wp-json\/wp\/v2\/comments?post=11885"}],"version-history":[{"count":6,"href":"https:\/\/travelstudio.com.br\/de\/wp-json\/wp\/v2\/pages\/11885\/revisions"}],"predecessor-version":[{"id":11897,"href":"https:\/\/travelstudio.com.br\/de\/wp-json\/wp\/v2\/pages\/11885\/revisions\/11897"}],"up":[{"embeddable":true,"href":"https:\/\/travelstudio.com.br\/de\/wp-json\/wp\/v2\/pages\/11851"}],"wp:featuredmedia":[{"embeddable":true,"href":"https:\/\/travelstudio.com.br\/de\/wp-json\/wp\/v2\/media\/10864"}],"wp:attachment":[{"href":"https:\/\/travelstudio.com.br\/de\/wp-json\/wp\/v2\/media?parent=11885"}],"curies":[{"name":"wp","href":"https:\/\/api.w.org\/{rel}","templated":true}]}}